{"id":22535,"date":"2021-02-21T14:47:31","date_gmt":"2021-02-21T14:47:31","guid":{"rendered":"https:\/\/www.autonvaraosahaku.fi\/?product=as-pl-s5026-starttimoottori"},"modified":"2021-02-21T14:47:33","modified_gmt":"2021-02-21T14:47:33","slug":"as-pl-s5026-starttimoottori","status":"publish","type":"product","link":"https:\/\/www.autonvaraosahaku.fi\/?product=as-pl-s5026-starttimoottori","title":{"rendered":"AS-PL S5026 Starttimoottori"},"content":{"rendered":"<p>Pituus 1 (mm): 77,00; Pituus 2 (mm): 9,00; K\u00e4ynnistinmoottori teho (kW): 2,20; J\u00e4nnite (V): 12; Kiinnitysreikien lukum\u00e4\u00e4r\u00e4: 2; kierrereiki\u00e4 [kpl]: 2; Py\u00f6rimissuunta: Py\u00f6rimissuunta my\u00f6t\u00e4p\u00e4iv\u00e4\u00e4n; Hammasluku: 10; Valmistusvuosi alkaen: 03\/1998; KIA: PREGIO Kasten TB,PREGIO Bus,K2500 SD,BONGO Pritsche\/Fahrgestell; HYUNDAI: H-1 Kasten,H-1 \/ STAREX,H-1 Pritsche\/Fahrgestell,PORTER Pritsche\/Fahrgestell,PORTER Pick-up; MG: MG 6 Schr\u00e4gheck; MITSUBISHI: PAJERO PININ H6_W, H7_W,PAJERO III V7_W, V6_W,GALANT VI Station Wagon EA_,GALANT VI EA_,L 200 K7_T, K6_T,PAJERO II V3_W, V2_W, V4_W,PAJERO SPORT K90,PAJERO CLASSIC V2_W,SPACE RUNNER N1_W, N2_W,LANCER VI CJ-CP_,LANCER V CB\/D_A,PAJERO SPORT VAN K90,PAJERO III Gel\u00e4ndewagen offen V6_W, V7_W,L 200 K3_T, K2_T, K1_T, K0_T,PAJERO II Canvas Top V2_W, V4_W; M002T84781, M002T87171, M002T87171ZT, M002T88071, M2T84171, M2T84171ZT, M2T84571, M2T84781, M2T87171, M2T87171ZT, M2T87371, M2T88071, MD314167, MD315547, MD315548, MD331137, MD344183; Startti,K\u00e4ynnistinmoottori<\/p>\n","protected":false},"excerpt":{"rendered":"<p>AS-PL Starttimoottori Brand new AS-PL Alternator rectifier S5026 Startti,K\u00e4ynnistinmoottori KIA,HYUNDAI,MG,PREGIO Kasten TB,PREGIO Bus,K2500 SD<\/p>\n","protected":false},"featured_media":0,"template":"","meta":{"site-sidebar-layout":"default","site-content-layout":"default","ast-global-header-display":"","ast-main-header-display":"","ast-hfb-above-header-display":"","ast-hfb-below-header-display":"","ast-hfb-mobile-header-display":"","site-post-title":"","ast-breadcrumbs-content":"","ast-featured-img":"","footer-sml-layout":"","theme-transparent-header-meta":"","adv-header-id-meta":"","stick-header-meta":"","header-above-stick-meta":"","header-main-stick-meta":"","header-below-stick-meta":""},"pwb-brand":[347],"product_cat":[295],"product_tag":[],"class_list":{"0":"post-22535","1":"product","2":"type-product","3":"status-publish","5":"pwb-brand-as-pl","6":"product_cat-starttimoottori","7":"desktop-align-left","8":"tablet-align-left","9":"mobile-align-left","11":"first","12":"instock","13":"product-type-external"},"brands":[{"id":347,"name":"AS-PL","slug":"as-pl"}],"_links":{"self":[{"href":"https:\/\/www.autonvaraosahaku.fi\/index.php?rest_route=\/wp\/v2\/product\/22535","targetHints":{"allow":["GET"]}}],"collection":[{"href":"https:\/\/www.autonvaraosahaku.fi\/index.php?rest_route=\/wp\/v2\/product"}],"about":[{"href":"https:\/\/www.autonvaraosahaku.fi\/index.php?rest_route=\/wp\/v2\/types\/product"}],"wp:attachment":[{"href":"https:\/\/www.autonvaraosahaku.fi\/index.php?rest_route=%2Fwp%2Fv2%2Fmedia&parent=22535"}],"wp:term":[{"taxonomy":"pwb-brand","embeddable":true,"href":"https:\/\/www.autonvaraosahaku.fi\/index.php?rest_route=%2Fwp%2Fv2%2Fpwb-brand&post=22535"},{"taxonomy":"product_cat","embeddable":true,"href":"https:\/\/www.autonvaraosahaku.fi\/index.php?rest_route=%2Fwp%2Fv2%2Fproduct_cat&post=22535"},{"taxonomy":"product_tag","embeddable":true,"href":"https:\/\/www.autonvaraosahaku.fi\/index.php?rest_route=%2Fwp%2Fv2%2Fproduct_tag&post=22535"}],"curies":[{"name":"wp","href":"https:\/\/api.w.org\/{rel}","templated":true}]}}