{"id":22539,"date":"2021-02-21T14:47:35","date_gmt":"2021-02-21T14:47:35","guid":{"rendered":"https:\/\/www.autonvaraosahaku.fi\/?product=as-pl-s0096-starttimoottori"},"modified":"2021-02-21T14:47:35","modified_gmt":"2021-02-21T14:47:35","slug":"as-pl-s0096-starttimoottori","status":"publish","type":"product","link":"https:\/\/www.autonvaraosahaku.fi\/?product=as-pl-s0096-starttimoottori","title":{"rendered":"AS-PL S0096 Starttimoottori"},"content":{"rendered":"<p>Pituus 1 (mm): 76,00; Pituus 2 (mm): 27,00; K\u00e4ynnistinmoottori teho (kW): 1,10; J\u00e4nnite (V): 12; Kiinnitysreikien lukum\u00e4\u00e4r\u00e4: 3; kierrereiki\u00e4 [kpl]: 3; Py\u00f6rimissuunta: Py\u00f6rimissuunta my\u00f6t\u00e4p\u00e4iv\u00e4\u00e4n; Hammasluku: 10; Valmistusvuoteen: 03\/2015; MAZDA: 2 DY,121 III JASM, JBSM; VOLVO: V50 MW,C30,S40 II MS; FORD: FIESTA V JH_, JD_,FOCUS II Kombi DA_,FIESTA VI,MONDEO IV Turnier BA7,FOCUS Kombi DNW,FOCUS II DA_,FOCUS DAW, DBW,FOCUS III Turnier,FOCUS C-MAX,FIESTA IV JA_, JB_,FUSION JU_,C-MAX DM2,FOCUS III,C-MAX II,MONDEO IV BA7,GRAND C-MAX,FOCUS Stufenheck DFW,FOCUS II Stufenheck DA_,B-MAX JK,FOCUS II Cabriolet,ECOSPORT,PUMA EC_,FOCUS III Stufenheck,MONDEO IV Stufenheck BA7,FIESTA VI Van,FIESTA Kasten J5_, J3_,FIESTA Kasten JV_,B-MAX Van,FOCUS III Kasten\/Schr\u00e4gheck,KA,KA + Stufenheck; 1011331, 1018883, 1063999, 1064000, 1088649, 1092115, 1116389, 1140760, 1237323, 1307578, 1416231, 1473072, 1535268, 1535628, 1539686, 1575034, 1732742, 1824489, 1903127, 2S6U11000CA, 2S6U11000CB, 2S6U11000CC, 30659513, 31285782, 7G9N11000AB, 7G9N11000AC, 8A3911000BE, 8A3911000BF, 8EA012140421, 8V2111000BB, 8V2111000BC, 8V2111000BD, 8V2111000BE, 96FB11000KB, 96FB11000KC, 96FB11000KD, 98AB11000BB, 98AB11000BC, 98AB11000BD, 98AB11000CB, 98AB11000CC, 98AB11000CD, R96FB11000KC, YS4U11000AA, YS4U11000AB, YS4U11000AD, YS4U11000BA, YS4U11000BB, C60118400, C60118400A, 30667102, 31288275, 32544534, 36002761, 8603377; Startti,K\u00e4ynnistinmoottori<\/p>\n","protected":false},"excerpt":{"rendered":"<p>AS-PL Starttimoottori Brand new AS-PL Alternator rectifier S0096 Startti,K\u00e4ynnistinmoottori MAZDA,VOLVO,FORD,2 DY,121 III JASM, JBSM,V50 MW,C30<\/p>\n","protected":false},"featured_media":0,"template":"","meta":{"site-sidebar-layout":"default","site-content-layout":"default","ast-global-header-display":"","ast-main-header-display":"","ast-hfb-above-header-display":"","ast-hfb-below-header-display":"","ast-hfb-mobile-header-display":"","site-post-title":"","ast-breadcrumbs-content":"","ast-featured-img":"","footer-sml-layout":"","theme-transparent-header-meta":"","adv-header-id-meta":"","stick-header-meta":"","header-above-stick-meta":"","header-main-stick-meta":"","header-below-stick-meta":""},"pwb-brand":[347],"product_cat":[295],"product_tag":[],"class_list":{"0":"post-22539","1":"product","2":"type-product","3":"status-publish","5":"pwb-brand-as-pl","6":"product_cat-starttimoottori","7":"desktop-align-left","8":"tablet-align-left","9":"mobile-align-left","11":"first","12":"instock","13":"product-type-external"},"brands":[{"id":347,"name":"AS-PL","slug":"as-pl"}],"_links":{"self":[{"href":"https:\/\/www.autonvaraosahaku.fi\/index.php?rest_route=\/wp\/v2\/product\/22539","targetHints":{"allow":["GET"]}}],"collection":[{"href":"https:\/\/www.autonvaraosahaku.fi\/index.php?rest_route=\/wp\/v2\/product"}],"about":[{"href":"https:\/\/www.autonvaraosahaku.fi\/index.php?rest_route=\/wp\/v2\/types\/product"}],"wp:attachment":[{"href":"https:\/\/www.autonvaraosahaku.fi\/index.php?rest_route=%2Fwp%2Fv2%2Fmedia&parent=22539"}],"wp:term":[{"taxonomy":"pwb-brand","embeddable":true,"href":"https:\/\/www.autonvaraosahaku.fi\/index.php?rest_route=%2Fwp%2Fv2%2Fpwb-brand&post=22539"},{"taxonomy":"product_cat","embeddable":true,"href":"https:\/\/www.autonvaraosahaku.fi\/index.php?rest_route=%2Fwp%2Fv2%2Fproduct_cat&post=22539"},{"taxonomy":"product_tag","embeddable":true,"href":"https:\/\/www.autonvaraosahaku.fi\/index.php?rest_route=%2Fwp%2Fv2%2Fproduct_tag&post=22539"}],"curies":[{"name":"wp","href":"https:\/\/api.w.org\/{rel}","templated":true}]}}