{"id":22546,"date":"2021-02-21T14:47:35","date_gmt":"2021-02-21T14:47:35","guid":{"rendered":"https:\/\/www.autonvaraosahaku.fi\/?product=snr-kdp459-690-vesipumppu-jakohihnasarja"},"modified":"2021-02-21T14:47:36","modified_gmt":"2021-02-21T14:47:36","slug":"snr-kdp459-690-vesipumppu-jakohihnasarja","status":"publish","type":"product","link":"https:\/\/www.autonvaraosahaku.fi\/?product=snr-kdp459-690-vesipumppu-jakohihnasarja","title":{"rendered":"SNR KDP459.690 Vesipumppu + jakohihnasarja"},"content":{"rendered":"<p>Hampaita 1: 141; Hihnojen m\u00e4\u00e4r\u00e4: 1; Paino [g]: 1670; Leveys 1 (mm): 20; Valmistusvuosi alkaen: 12\/2017; OPEL: CROSSLAND X,GRANDLAND X A18; FORD: FIESTA VI,FOCUS III Turnier,FOCUS III,C-MAX II,KUGA II DM2,GRAND C-MAX,B-MAX JK,ECOSPORT,FOCUS III Stufenheck,TOURNEO CONNECT \/ GRAND TOURNEO CONNECT Kombi,FIESTA VI Van,TRANSIT CONNECT Kasten,MONDEO V Turnier,MONDEO V Stufenheck,FIESTA VII,MONDEO V Schr\u00e4gheck,TOURNEO COURIER Kombi,TRANSIT CONNECT Kombi,TRANSIT COURIER Kasten,TRANSIT COURIER Kombi; PEUGEOT: 308 SW,208,5008,508 SW,3008,PARTNER Tepee,2008,508,PARTNER Kasten,308 II,301,308 SW II,3008 SUV,EXPERT Kasten,5008 II,TRAVELLER,208 Kasten; TOYOTA: PROACE Bus MPY_,PROACE Kasten MDZ_; CITRO\u00cbN: BERLINGO B9,DS3,C3 Picasso,C3 II,C4 II B7,BERLINGO Kasten B9,C4 Grand Picasso II,C4 Picasso II,DS4,DS5,DS3 Cabriolet,BERLINGO Pritsche\/Fahrgestell B9,C-ELYSEE,C4 CACTUS,JUMPY Kasten,SPACETOURER,C3 III SX,C3 AIRCROSS II; DAEWOO: NUBIRA Stufenheck KLAJ; DS: DS 3,DS 4 \/ DS 4 CROSSBACK,DS 3 Cabriolet; VAUXHALL: CROSSLAND X,GRANDLAND X A18; 1609417680, 1610577780, 3646451, 1364681, 1872496, 1872497, 2008687, 1609417680, 1610577780, 3646435, 3646451, 1609417680, 1610577780, SU001A0564, SU001A3089, 1609417680, 1610577780, 3646435<\/p>\n","protected":false},"excerpt":{"rendered":"<p>SNR Vesipumppu + Jakohihnasarja KDP459.690  OPEL,FORD,PEUGEOT,CROSSLAND X,GRANDLAND X A18,FIESTA VI,FOCUS III Turnier,FOCUS III,C-MAX II,KUGA II DM2<\/p>\n","protected":false},"featured_media":0,"template":"","meta":{"site-sidebar-layout":"default","site-content-layout":"default","ast-global-header-display":"","ast-main-header-display":"","ast-hfb-above-header-display":"","ast-hfb-below-header-display":"","ast-hfb-mobile-header-display":"","site-post-title":"","ast-breadcrumbs-content":"","ast-featured-img":"","footer-sml-layout":"","theme-transparent-header-meta":"","adv-header-id-meta":"","stick-header-meta":"","header-above-stick-meta":"","header-main-stick-meta":"","header-below-stick-meta":""},"pwb-brand":[342],"product_cat":[321],"product_tag":[],"class_list":{"0":"post-22546","1":"product","2":"type-product","3":"status-publish","5":"pwb-brand-snr","6":"product_cat-vesipumppu-jakohihnasarja","7":"desktop-align-left","8":"tablet-align-left","9":"mobile-align-left","11":"first","12":"instock","13":"product-type-external"},"brands":[{"id":342,"name":"SNR","slug":"snr"}],"_links":{"self":[{"href":"https:\/\/www.autonvaraosahaku.fi\/index.php?rest_route=\/wp\/v2\/product\/22546","targetHints":{"allow":["GET"]}}],"collection":[{"href":"https:\/\/www.autonvaraosahaku.fi\/index.php?rest_route=\/wp\/v2\/product"}],"about":[{"href":"https:\/\/www.autonvaraosahaku.fi\/index.php?rest_route=\/wp\/v2\/types\/product"}],"wp:attachment":[{"href":"https:\/\/www.autonvaraosahaku.fi\/index.php?rest_route=%2Fwp%2Fv2%2Fmedia&parent=22546"}],"wp:term":[{"taxonomy":"pwb-brand","embeddable":true,"href":"https:\/\/www.autonvaraosahaku.fi\/index.php?rest_route=%2Fwp%2Fv2%2Fpwb-brand&post=22546"},{"taxonomy":"product_cat","embeddable":true,"href":"https:\/\/www.autonvaraosahaku.fi\/index.php?rest_route=%2Fwp%2Fv2%2Fproduct_cat&post=22546"},{"taxonomy":"product_tag","embeddable":true,"href":"https:\/\/www.autonvaraosahaku.fi\/index.php?rest_route=%2Fwp%2Fv2%2Fproduct_tag&post=22546"}],"curies":[{"name":"wp","href":"https:\/\/api.w.org\/{rel}","templated":true}]}}