{"id":22553,"date":"2021-02-21T14:47:35","date_gmt":"2021-02-21T14:47:35","guid":{"rendered":"https:\/\/www.autonvaraosahaku.fi\/?product=as-pl-a9011-laturi"},"modified":"2021-02-21T14:47:37","modified_gmt":"2021-02-21T14:47:37","slug":"as-pl-a9011-laturi","status":"publish","type":"product","link":"https:\/\/www.autonvaraosahaku.fi\/?product=as-pl-a9011-laturi","title":{"rendered":"AS-PL A9011 Laturi"},"content":{"rendered":"<p>Pituus 1 (mm): 42,00; Pituus 3 [mm]: 75,00; J\u00e4nnite (V): 12, 12; Hihnapy\u00f6r\u00e4t: Hihnapy\u00f6r\u00e4ll\u00e4; Moottorinumero: LJ46G; FORD: MONDEO III Kombi BWY,FOCUS II DA_,MONDEO III B5Y,MONDEO III Stufenheck B4Y,FOCUS II Stufenheck DA_; JAGUAR: X-TYPE CF1,X-TYPE Estate; 1120211, 1124015, 1131820, 1140696, 1151212, 1211891, 1464779, 1478608, 1S7T10300BA, 1S7T10300BB, 1S7T10300BC, 1S7T10300BD, 1S7T10300BE, 1S7T10300DA, 1S7T10300DB, 1S7T10300DC, 1S7T10300DD, 1S7T10300DE, 1S7TBC, 2015001005, C2S27198; Generaattori<\/p>\n","protected":false},"excerpt":{"rendered":"<p>AS-PL Laturi Brand new AS-PL Alternator rectifier A9011 Generaattori FORD,JAGUAR,MONDEO III Kombi BWY,FOCUS II DA_,MONDEO III B5Y<\/p>\n","protected":false},"featured_media":0,"template":"","meta":{"site-sidebar-layout":"default","site-content-layout":"default","ast-global-header-display":"","ast-main-header-display":"","ast-hfb-above-header-display":"","ast-hfb-below-header-display":"","ast-hfb-mobile-header-display":"","site-post-title":"","ast-breadcrumbs-content":"","ast-featured-img":"","footer-sml-layout":"","theme-transparent-header-meta":"","adv-header-id-meta":"","stick-header-meta":"","header-above-stick-meta":"","header-main-stick-meta":"","header-below-stick-meta":""},"pwb-brand":[347],"product_cat":[357],"product_tag":[],"class_list":{"0":"post-22553","1":"product","2":"type-product","3":"status-publish","5":"pwb-brand-as-pl","6":"product_cat-laturi","7":"desktop-align-left","8":"tablet-align-left","9":"mobile-align-left","11":"first","12":"instock","13":"product-type-external"},"brands":[{"id":347,"name":"AS-PL","slug":"as-pl"}],"_links":{"self":[{"href":"https:\/\/www.autonvaraosahaku.fi\/index.php?rest_route=\/wp\/v2\/product\/22553","targetHints":{"allow":["GET"]}}],"collection":[{"href":"https:\/\/www.autonvaraosahaku.fi\/index.php?rest_route=\/wp\/v2\/product"}],"about":[{"href":"https:\/\/www.autonvaraosahaku.fi\/index.php?rest_route=\/wp\/v2\/types\/product"}],"wp:attachment":[{"href":"https:\/\/www.autonvaraosahaku.fi\/index.php?rest_route=%2Fwp%2Fv2%2Fmedia&parent=22553"}],"wp:term":[{"taxonomy":"pwb-brand","embeddable":true,"href":"https:\/\/www.autonvaraosahaku.fi\/index.php?rest_route=%2Fwp%2Fv2%2Fpwb-brand&post=22553"},{"taxonomy":"product_cat","embeddable":true,"href":"https:\/\/www.autonvaraosahaku.fi\/index.php?rest_route=%2Fwp%2Fv2%2Fproduct_cat&post=22553"},{"taxonomy":"product_tag","embeddable":true,"href":"https:\/\/www.autonvaraosahaku.fi\/index.php?rest_route=%2Fwp%2Fv2%2Fproduct_tag&post=22553"}],"curies":[{"name":"wp","href":"https:\/\/api.w.org\/{rel}","templated":true}]}}