{"id":22607,"date":"2021-02-21T14:47:47","date_gmt":"2021-02-21T14:47:47","guid":{"rendered":"https:\/\/www.autonvaraosahaku.fi\/?product=luk-600-0288-00-kytkinpaketti"},"modified":"2021-02-21T14:47:49","modified_gmt":"2021-02-21T14:47:49","slug":"luk-600-0288-00-kytkinpaketti","status":"publish","type":"product","link":"https:\/\/www.autonvaraosahaku.fi\/?product=luk-600-0288-00-kytkinpaketti","title":{"rendered":"LuK 600 0288 00 Kytkinpaketti"},"content":{"rendered":"<p>Korvaava tuote\/korvaava tiedote 2: irroitinlaakerilla, Vauhtipy\u00f6r\u00e4ll\u00e4, Ruuvisarjalla, Kaksoismassavauhtipy\u00f6r\u00e4 kitka-ohjauslevyll\u00e4; J\u00e4lkis\u00e4\u00e4t\u00f6: Automaattisella s\u00e4\u00e4d\u00f6ll\u00e4, Automaattisella s\u00e4\u00e4d\u00f6ll\u00e4; Kiinnitysreikien lukum\u00e4\u00e4r\u00e4: 8, 8; Lis\u00e4tarvike\/lis\u00e4tieto: Ohjauslaakerilla, Ohjauslaakerilla; suurin p\u00e4\u00e4st\u00f6kulma [Grad]: 19; Hammaslukum\u00e4\u00e4r\u00e4 (suurimman p\u00e4\u00e4st\u00f6kulman ilmoitus): 6; suurin heitto [mm]: 2,9; Vaihteistomalli: Schaltgetriebe 6 Gang; HONDA: CIVIC VIII Hatchback FN, FK,CR-V III RE,CR-V II RD_,ACCORD VII CL,FR-V BE,ACCORD VII Tourer CM; 22100RBD006, 22100RBD0061, 22100RBD0062, 22105PGE305, 22105PGE315, 22105PGE325, 2281057A006, 22810PPT003, 22810RPN003; Kytkinsarja<\/p>\n","protected":false},"excerpt":{"rendered":"<p>LuK Kytkinpaketti LuK RepSet DMF 600 0288 00 Kytkinsarja HONDA,CIVIC VIII Hatchback FN, FK,CR-V III RE,CR-V II RD_,ACCORD VII CL,FR-V BE<\/p>\n","protected":false},"featured_media":0,"template":"","meta":{"site-sidebar-layout":"default","site-content-layout":"default","ast-global-header-display":"","ast-main-header-display":"","ast-hfb-above-header-display":"","ast-hfb-below-header-display":"","ast-hfb-mobile-header-display":"","site-post-title":"","ast-breadcrumbs-content":"","ast-featured-img":"","footer-sml-layout":"","theme-transparent-header-meta":"","adv-header-id-meta":"","stick-header-meta":"","header-above-stick-meta":"","header-main-stick-meta":"","header-below-stick-meta":""},"pwb-brand":[20],"product_cat":[21],"product_tag":[],"class_list":{"0":"post-22607","1":"product","2":"type-product","3":"status-publish","5":"pwb-brand-luk","6":"product_cat-kytkinpaketti","7":"desktop-align-left","8":"tablet-align-left","9":"mobile-align-left","11":"first","12":"instock","13":"product-type-external"},"brands":[{"id":20,"name":"LuK","slug":"luk"}],"_links":{"self":[{"href":"https:\/\/www.autonvaraosahaku.fi\/index.php?rest_route=\/wp\/v2\/product\/22607","targetHints":{"allow":["GET"]}}],"collection":[{"href":"https:\/\/www.autonvaraosahaku.fi\/index.php?rest_route=\/wp\/v2\/product"}],"about":[{"href":"https:\/\/www.autonvaraosahaku.fi\/index.php?rest_route=\/wp\/v2\/types\/product"}],"wp:attachment":[{"href":"https:\/\/www.autonvaraosahaku.fi\/index.php?rest_route=%2Fwp%2Fv2%2Fmedia&parent=22607"}],"wp:term":[{"taxonomy":"pwb-brand","embeddable":true,"href":"https:\/\/www.autonvaraosahaku.fi\/index.php?rest_route=%2Fwp%2Fv2%2Fpwb-brand&post=22607"},{"taxonomy":"product_cat","embeddable":true,"href":"https:\/\/www.autonvaraosahaku.fi\/index.php?rest_route=%2Fwp%2Fv2%2Fproduct_cat&post=22607"},{"taxonomy":"product_tag","embeddable":true,"href":"https:\/\/www.autonvaraosahaku.fi\/index.php?rest_route=%2Fwp%2Fv2%2Fproduct_tag&post=22607"}],"curies":[{"name":"wp","href":"https:\/\/api.w.org\/{rel}","templated":true}]}}