{"id":22636,"date":"2021-02-21T14:47:52","date_gmt":"2021-02-21T14:47:52","guid":{"rendered":"https:\/\/www.autonvaraosahaku.fi\/?product=ridex-854s2012-iskunvaimennin"},"modified":"2021-02-21T14:47:54","modified_gmt":"2021-02-21T14:47:54","slug":"ridex-854s2012-iskunvaimennin","status":"publish","type":"product","link":"https:\/\/www.autonvaraosahaku.fi\/?product=ridex-854s2012-iskunvaimennin","title":{"rendered":"RIDEX 854S2012 Iskunvaimennin"},"content":{"rendered":"<p>Lukum\u00e4\u00e4r\u00e4 akselille: 1; Asennuspuoli: Etuakseli; Iskunvaimennin tyyppi: Kaasupaine; Iskunvaimennin malli: Joustintuki; Iskunvaimennusj\u00e4rjestelm\u00e4: Kaksiputki; Iskunvaimennin asennustapa: Tappi ylh\u00e4\u00e4ll\u00e4; L\u00e4pimitta [mm]: 51; Kierremitta: M14x1,5; Pituus 1 (mm): 584; Pituus 2 (mm): 390; M\u00e4nn\u00e4nvarren l\u00e4pimitta [mm]: 22; Valmistusvuosi alkaen: 06\/2006; FIAT: ULYSSE 179AX; PEUGEOT: 807 E; CITRO\u00cbN: C8 EA_, EB_; LANCIA: PHEDRA 179; 5202FY, 5202FZ, 5202PF, 5202PH, 5202PL, 5202PN, 5202QT, 5202QV, 5202RR, 5202RS, 520839, 520840, 5208P7, 5208P8, 5208Q6, 5208Q7, 1400033180, 1400033280, 1488773080, 1488774080, 1494035080, 1494036080, 1494215080, 1494216080, 1498471087, 1498472087, 1499898087, 1499899087, 0001488773080, 0001488774080, 1401277480, 1401277580, 1494035080, 1494036080, 1494215080, 1494216080, 1498471087, 1498472087, 5202FW, 5202FX, 5202FY, 5202FZ, 5202LK, 5202LL, 5202PE, 5202PG, 520831, 520833, 520839, 520840, 5208Q6, 5208Q7; Iskarit,Iskunvaimennin<\/p>\n","protected":false},"excerpt":{"rendered":"<p>RIDEX Iskunvaimentimet 854S2012 Iskarit,Iskunvaimennin FIAT,PEUGEOT,CITRO\u00cbN,ULYSSE 179AX,807 E,C8 EA_, EB_,PHEDRA 179<\/p>\n","protected":false},"featured_media":0,"template":"","meta":{"site-sidebar-layout":"default","site-content-layout":"default","ast-global-header-display":"","ast-main-header-display":"","ast-hfb-above-header-display":"","ast-hfb-below-header-display":"","ast-hfb-mobile-header-display":"","site-post-title":"","ast-breadcrumbs-content":"","ast-featured-img":"","footer-sml-layout":"","theme-transparent-header-meta":"","adv-header-id-meta":"","stick-header-meta":"","header-above-stick-meta":"","header-main-stick-meta":"","header-below-stick-meta":""},"pwb-brand":[157],"product_cat":[80],"product_tag":[],"class_list":{"0":"post-22636","1":"product","2":"type-product","3":"status-publish","5":"pwb-brand-ridex","6":"product_cat-iskunvaimennin","7":"desktop-align-left","8":"tablet-align-left","9":"mobile-align-left","11":"first","12":"instock","13":"product-type-external"},"brands":[{"id":157,"name":"RIDEX","slug":"ridex"}],"_links":{"self":[{"href":"https:\/\/www.autonvaraosahaku.fi\/index.php?rest_route=\/wp\/v2\/product\/22636","targetHints":{"allow":["GET"]}}],"collection":[{"href":"https:\/\/www.autonvaraosahaku.fi\/index.php?rest_route=\/wp\/v2\/product"}],"about":[{"href":"https:\/\/www.autonvaraosahaku.fi\/index.php?rest_route=\/wp\/v2\/types\/product"}],"wp:attachment":[{"href":"https:\/\/www.autonvaraosahaku.fi\/index.php?rest_route=%2Fwp%2Fv2%2Fmedia&parent=22636"}],"wp:term":[{"taxonomy":"pwb-brand","embeddable":true,"href":"https:\/\/www.autonvaraosahaku.fi\/index.php?rest_route=%2Fwp%2Fv2%2Fpwb-brand&post=22636"},{"taxonomy":"product_cat","embeddable":true,"href":"https:\/\/www.autonvaraosahaku.fi\/index.php?rest_route=%2Fwp%2Fv2%2Fproduct_cat&post=22636"},{"taxonomy":"product_tag","embeddable":true,"href":"https:\/\/www.autonvaraosahaku.fi\/index.php?rest_route=%2Fwp%2Fv2%2Fproduct_tag&post=22636"}],"curies":[{"name":"wp","href":"https:\/\/api.w.org\/{rel}","templated":true}]}}