{"id":22639,"date":"2021-02-21T14:47:56","date_gmt":"2021-02-21T14:47:56","guid":{"rendered":"https:\/\/www.autonvaraosahaku.fi\/?product=autofren-seinsa-d42560a-muut-luokat"},"modified":"2021-02-21T14:47:56","modified_gmt":"2021-02-21T14:47:56","slug":"autofren-seinsa-d42560a-muut-luokat","status":"publish","type":"product","link":"https:\/\/www.autonvaraosahaku.fi\/?product=autofren-seinsa-d42560a-muut-luokat","title":{"rendered":"AUTOFREN SEINSA D42560A Muut luokat"},"content":{"rendered":"<p>Jarruj\u00e4rjestelm\u00e4: AKEBONO; Asennuspuoli: Hinterachse; CITRO\u00cbN: C-CROSSER EP_,C4 AIRCROSS,C-CROSSER ENTERPRISE; PEUGEOT: 4007 GP_,4008; MITSUBISHI: ASX GA_W_,OUTLANDER XL II CW_W,OUTLANDER III GG_W, GF_W, ZJ,GRANDIS NA_W,OUTLANDER I CU_W,LANCER Kombi CS_W,LANCER SPORTBACK CX_A,LANCER Stufenheck CY\/Z_A,PAJERO III V7_W, V6_W,PAJERO IV V8_W, V9_W,LANCER Stufenheck CS_A, CT0,PAJERO IV Van V90, V80,PAJERO SPORT K90,PAJERO CLASSIC V2_W,GALLOPER JK-01,PAJERO III Gel\u00e4ndewagen offen V6_W, V7_W,SAPPORO I A12_; AC: COBRA Mk IV 291N<\/p>\n","protected":false},"excerpt":{"rendered":"<p>AUTOFREN SEINSA Tarvikesarja, Jarrupala D42560A  CITRO\u00cbN,PEUGEOT,MITSUBISHI,C-CROSSER EP_,C4 AIRCROSS,C-CROSSER ENTERPRISE,4007 GP_,4008,ASX GA_W_<\/p>\n","protected":false},"featured_media":0,"template":"","meta":{"site-sidebar-layout":"default","site-content-layout":"default","ast-global-header-display":"","ast-main-header-display":"","ast-hfb-above-header-display":"","ast-hfb-below-header-display":"","ast-hfb-mobile-header-display":"","site-post-title":"","ast-breadcrumbs-content":"","ast-featured-img":"","footer-sml-layout":"","theme-transparent-header-meta":"","adv-header-id-meta":"","stick-header-meta":"","header-above-stick-meta":"","header-main-stick-meta":"","header-below-stick-meta":""},"pwb-brand":[243],"product_cat":[37],"product_tag":[],"class_list":{"0":"post-22639","1":"product","2":"type-product","3":"status-publish","5":"pwb-brand-autofren-seinsa","6":"product_cat-muut-luokat","7":"desktop-align-left","8":"tablet-align-left","9":"mobile-align-left","11":"first","12":"instock","13":"product-type-external"},"brands":[{"id":243,"name":"AUTOFREN SEINSA","slug":"autofren-seinsa"}],"_links":{"self":[{"href":"https:\/\/www.autonvaraosahaku.fi\/index.php?rest_route=\/wp\/v2\/product\/22639","targetHints":{"allow":["GET"]}}],"collection":[{"href":"https:\/\/www.autonvaraosahaku.fi\/index.php?rest_route=\/wp\/v2\/product"}],"about":[{"href":"https:\/\/www.autonvaraosahaku.fi\/index.php?rest_route=\/wp\/v2\/types\/product"}],"wp:attachment":[{"href":"https:\/\/www.autonvaraosahaku.fi\/index.php?rest_route=%2Fwp%2Fv2%2Fmedia&parent=22639"}],"wp:term":[{"taxonomy":"pwb-brand","embeddable":true,"href":"https:\/\/www.autonvaraosahaku.fi\/index.php?rest_route=%2Fwp%2Fv2%2Fpwb-brand&post=22639"},{"taxonomy":"product_cat","embeddable":true,"href":"https:\/\/www.autonvaraosahaku.fi\/index.php?rest_route=%2Fwp%2Fv2%2Fproduct_cat&post=22639"},{"taxonomy":"product_tag","embeddable":true,"href":"https:\/\/www.autonvaraosahaku.fi\/index.php?rest_route=%2Fwp%2Fv2%2Fproduct_tag&post=22639"}],"curies":[{"name":"wp","href":"https:\/\/api.w.org\/{rel}","templated":true}]}}