{"id":22643,"date":"2021-02-21T14:47:56","date_gmt":"2021-02-21T14:47:56","guid":{"rendered":"https:\/\/www.autonvaraosahaku.fi\/?product=ridex-592o0004-oljypohja"},"modified":"2021-02-21T14:47:57","modified_gmt":"2021-02-21T14:47:57","slug":"ridex-592o0004-oljypohja","status":"publish","type":"product","link":"https:\/\/www.autonvaraosahaku.fi\/?product=ridex-592o0004-oljypohja","title":{"rendered":"RIDEX 592O0004 \u00d6ljypohja"},"content":{"rendered":"<p>Pituus (mm): 430; Korvaava tuote\/korvaava tiedote 2: Ilman anturia, ilman \u00f6ljypohjan tiivistett\u00e4, \u00d6ljyn tason anturireij\u00e4ll\u00e4, Tiivisterenkaalla; Leveys (mm): 280; Huomioi j\u00e4rjestelm\u00e4-t\u00e4ytt\u00f6m\u00e4\u00e4r\u00e4: ; Lis\u00e4tarvike\/lis\u00e4tieto: \u00d6ljynp\u00e4\u00e4st\u00f6ruuvilla; \u00d6ljypohjan materiaali: Alumiini; Korkeus (mm): 125; Osa: Ala osa; Paino [kg]: 2,281; Pakkaussyvyys [cm]: 28,6; Moottorinumero: ATM; VW: GOLF IV 1J1,POLO 9N_,GOLF IV Variant 1J5,SHARAN 7M8, 7M9, 7M6,BORA 1J2,NEW BEETLE 9C1, 1C1,BORA Kombi 1J6,NEW BEETLE Cabriolet 1Y7,CADDY II Kasten 9K9A,POLO Variant 6KV5,POLO CLASSIC 6KV2,POLO Stufenheck 9A4; AUDI: A3 8L1; SKODA: OCTAVIA Combi 1Z5,FABIA Combi 6Y5,FABIA,FABIA 6Y2,OCTAVIA Combi 1U5,FABIA Combi,OCTAVIA 1Z3,OCTAVIA 1U2,FABIA Stufenheck 6Y3,FABIA Praktik; SEAT: IBIZA IV 6L1,IBIZA V 6J5, 6P5,LEON 1M1,ALHAMBRA 7V8, 7V9,TOLEDO II 1M2,CORDOBA Vario 6K1,CORDOBA 6L2,INCA 6K9; 038103601N, 038103603N, 38103601N, 38103603N, 038103601N, 038103603N, 38103601N, 38103603N, 038103601N, 038103603N, 38103601N, 38103603N, 038103601N, 038103603N, 38103601N, 38103603N<\/p>\n","protected":false},"excerpt":{"rendered":"<p>RIDEX \u00d6ljypohja 592O0004  VW,AUDI,SKODA,GOLF IV 1J1,POLO 9N_,GOLF IV Variant 1J5,SHARAN 7M8, 7M9, 7M6,BORA 1J2,NEW BEETLE 9C1, 1C1,BORA Kombi 1J6<\/p>\n","protected":false},"featured_media":0,"template":"","meta":{"site-sidebar-layout":"default","site-content-layout":"default","ast-global-header-display":"","ast-main-header-display":"","ast-hfb-above-header-display":"","ast-hfb-below-header-display":"","ast-hfb-mobile-header-display":"","site-post-title":"","ast-breadcrumbs-content":"","ast-featured-img":"","footer-sml-layout":"","theme-transparent-header-meta":"","adv-header-id-meta":"","stick-header-meta":"","header-above-stick-meta":"","header-main-stick-meta":"","header-below-stick-meta":""},"pwb-brand":[157],"product_cat":[225],"product_tag":[],"class_list":{"0":"post-22643","1":"product","2":"type-product","3":"status-publish","5":"pwb-brand-ridex","6":"product_cat-oljypohja","7":"desktop-align-left","8":"tablet-align-left","9":"mobile-align-left","11":"first","12":"instock","13":"product-type-external"},"brands":[{"id":157,"name":"RIDEX","slug":"ridex"}],"_links":{"self":[{"href":"https:\/\/www.autonvaraosahaku.fi\/index.php?rest_route=\/wp\/v2\/product\/22643","targetHints":{"allow":["GET"]}}],"collection":[{"href":"https:\/\/www.autonvaraosahaku.fi\/index.php?rest_route=\/wp\/v2\/product"}],"about":[{"href":"https:\/\/www.autonvaraosahaku.fi\/index.php?rest_route=\/wp\/v2\/types\/product"}],"wp:attachment":[{"href":"https:\/\/www.autonvaraosahaku.fi\/index.php?rest_route=%2Fwp%2Fv2%2Fmedia&parent=22643"}],"wp:term":[{"taxonomy":"pwb-brand","embeddable":true,"href":"https:\/\/www.autonvaraosahaku.fi\/index.php?rest_route=%2Fwp%2Fv2%2Fpwb-brand&post=22643"},{"taxonomy":"product_cat","embeddable":true,"href":"https:\/\/www.autonvaraosahaku.fi\/index.php?rest_route=%2Fwp%2Fv2%2Fproduct_cat&post=22643"},{"taxonomy":"product_tag","embeddable":true,"href":"https:\/\/www.autonvaraosahaku.fi\/index.php?rest_route=%2Fwp%2Fv2%2Fproduct_tag&post=22643"}],"curies":[{"name":"wp","href":"https:\/\/api.w.org\/{rel}","templated":true}]}}