{"id":22652,"date":"2021-02-21T14:47:56","date_gmt":"2021-02-21T14:47:56","guid":{"rendered":"https:\/\/www.autonvaraosahaku.fi\/?product=ridex-653w0026-pyorannapa"},"modified":"2021-02-21T14:47:58","modified_gmt":"2021-02-21T14:47:58","slug":"ridex-653w0026-pyorannapa","status":"publish","type":"product","link":"https:\/\/www.autonvaraosahaku.fi\/?product=ridex-653w0026-pyorannapa","title":{"rendered":"RIDEX 653W0026 Py\u00f6r\u00e4nnapa"},"content":{"rendered":"<p>Asennuspuoli: Taka-akseli, vasen; VW: GOLF III 1H1,POLO 6N2,POLO 6N1,GOLF II 19E, 1G1,PASSAT Variant 3A5, 35I,GOLF III Cabriolet 1E7,GOLF Mk III Cabriolet 1E7,GOLF III Variant 1H5,POLO 86C, 80,POLO Coupe 86C, 80,PASSAT 3A2, 35I,CORRADO 53I,POLO Variant 6KV5,POLO CLASSIC 6KV2,SCIROCCO 53B,VENTO 1H2,JETTA II 19E, 1G2, 165,PASSAT 32B,JETTA I 16,POLO Kasten 86CF,PASSAT Stufenheck 32B; SEAT: IBIZA II 6K1,CORDOBA 6K1, 6K2,CORDOBA Vario 6K1,TOLEDO I 1L; 191501117E, 333501117, 191501117E, 333501117; Py\u00f6r\u00e4n Napa<\/p>\n","protected":false},"excerpt":{"rendered":"<p>RIDEX Py\u00f6r\u00e4nnapa 653W0026 Py\u00f6r\u00e4n Napa VW,SEAT,GOLF III 1H1,POLO 6N2,POLO 6N1,GOLF II 19E, 1G1,PASSAT Variant 3A5, 35I,GOLF III Cabriolet 1E7<\/p>\n","protected":false},"featured_media":0,"template":"","meta":{"site-sidebar-layout":"default","site-content-layout":"default","ast-global-header-display":"","ast-main-header-display":"","ast-hfb-above-header-display":"","ast-hfb-below-header-display":"","ast-hfb-mobile-header-display":"","site-post-title":"","ast-breadcrumbs-content":"","ast-featured-img":"","footer-sml-layout":"","theme-transparent-header-meta":"","adv-header-id-meta":"","stick-header-meta":"","header-above-stick-meta":"","header-main-stick-meta":"","header-below-stick-meta":""},"pwb-brand":[157],"product_cat":[257],"product_tag":[],"class_list":{"0":"post-22652","1":"product","2":"type-product","3":"status-publish","5":"pwb-brand-ridex","6":"product_cat-pyorannapa","7":"desktop-align-left","8":"tablet-align-left","9":"mobile-align-left","11":"first","12":"instock","13":"product-type-external"},"brands":[{"id":157,"name":"RIDEX","slug":"ridex"}],"_links":{"self":[{"href":"https:\/\/www.autonvaraosahaku.fi\/index.php?rest_route=\/wp\/v2\/product\/22652","targetHints":{"allow":["GET"]}}],"collection":[{"href":"https:\/\/www.autonvaraosahaku.fi\/index.php?rest_route=\/wp\/v2\/product"}],"about":[{"href":"https:\/\/www.autonvaraosahaku.fi\/index.php?rest_route=\/wp\/v2\/types\/product"}],"wp:attachment":[{"href":"https:\/\/www.autonvaraosahaku.fi\/index.php?rest_route=%2Fwp%2Fv2%2Fmedia&parent=22652"}],"wp:term":[{"taxonomy":"pwb-brand","embeddable":true,"href":"https:\/\/www.autonvaraosahaku.fi\/index.php?rest_route=%2Fwp%2Fv2%2Fpwb-brand&post=22652"},{"taxonomy":"product_cat","embeddable":true,"href":"https:\/\/www.autonvaraosahaku.fi\/index.php?rest_route=%2Fwp%2Fv2%2Fproduct_cat&post=22652"},{"taxonomy":"product_tag","embeddable":true,"href":"https:\/\/www.autonvaraosahaku.fi\/index.php?rest_route=%2Fwp%2Fv2%2Fproduct_tag&post=22652"}],"curies":[{"name":"wp","href":"https:\/\/api.w.org\/{rel}","templated":true}]}}