{"id":22669,"date":"2021-02-21T14:48:00","date_gmt":"2021-02-21T14:48:00","guid":{"rendered":"https:\/\/www.autonvaraosahaku.fi\/?product=purflux-c869-polttoainesuodatin"},"modified":"2021-02-21T14:48:02","modified_gmt":"2021-02-21T14:48:02","slug":"purflux-c869-polttoainesuodatin","status":"publish","type":"product","link":"https:\/\/www.autonvaraosahaku.fi\/?product=purflux-c869-polttoainesuodatin","title":{"rendered":"PURFLUX C869 Polttoainesuodatin"},"content":{"rendered":"<p>Ulkol\u00e4pimitta [mm]: 81; Sis\u00e4l\u00e4pimitta [mm]: 11; Korkeus (mm): 142; Suodatintyyppi: Filtereinsatz; NISSAN: QASHQAI \/ QASHQAI +2 J10, JJ10,PRIMASTAR Bus X83,PRIMASTAR Kasten X83,NV400 Kasten,X-TRAIL T32,NV400 Bus,NAVARA Pick-up D23,NV400 Pritsche\/Fahrgestell,NV300 Kasten X82,NAVARA Pritsche\/Fahrgestell,NV300 Kombi X82; MERCEDES-BENZ: VITO Tourer W447,VITO Kasten W447,VITO Mixto W447,X-CLASS 470,X-CLASS Pritsche\/Fahrgestell 470; OPEL: MOVANO B Kasten,MOVANO B Bus,MOVANO B Pritsche\/Fahrgestell,VIVARO Combi,VIVARO Kasten,VIVARO Pritsche\/Fahrgestell; FIAT: TALENTO Kasten 296_,TALENTO Bus 296_,TALENTO Pritsche\/Fahrgestell 296_; RENAULT: MASTER III Kasten FV,MASTER III Bus JV,MASTER III Pritsche\/Fahrgestell EV, HV, UV,TRAFIC III Kasten,TRAFIC III Bus,ALASKAN,TRAFIC III Pritsche\/Fahrgestell EG_; VAUXHALL: MOVANO Mk II B VAN,MOVANO Mk II B Chassis\/Cab,VIVARO Kasten,VIVARO Combi; 6000619764, 4474770000, 4474770101, A4474770000, 1640000Q2E, 164004169R, 1640500Q0E, 1640500Q0F, 1640500Q0H, 95519313, 164002670R, 164004169R, 164009320R, 164032455R, 164038899R, 164039475R, 164039560R, 1640500Q0E<\/p>\n","protected":false},"excerpt":{"rendered":"<p>PURFLUX Polttoainesuodatin C869  NISSAN,MERCEDES-BENZ,OPEL,QASHQAI \/ QASHQAI +2 J10, JJ10,PRIMASTAR Bus X83,PRIMASTAR Kasten X83,NV400 Kasten<\/p>\n","protected":false},"featured_media":0,"template":"","meta":{"site-sidebar-layout":"default","site-content-layout":"default","ast-global-header-display":"","ast-main-header-display":"","ast-hfb-above-header-display":"","ast-hfb-below-header-display":"","ast-hfb-mobile-header-display":"","site-post-title":"","ast-breadcrumbs-content":"","ast-featured-img":"","footer-sml-layout":"","theme-transparent-header-meta":"","adv-header-id-meta":"","stick-header-meta":"","header-above-stick-meta":"","header-main-stick-meta":"","header-below-stick-meta":""},"pwb-brand":[303],"product_cat":[29],"product_tag":[],"class_list":{"0":"post-22669","1":"product","2":"type-product","3":"status-publish","5":"pwb-brand-purflux","6":"product_cat-polttoainesuodatin","7":"desktop-align-left","8":"tablet-align-left","9":"mobile-align-left","11":"first","12":"instock","13":"product-type-external"},"brands":[{"id":303,"name":"PURFLUX","slug":"purflux"}],"_links":{"self":[{"href":"https:\/\/www.autonvaraosahaku.fi\/index.php?rest_route=\/wp\/v2\/product\/22669","targetHints":{"allow":["GET"]}}],"collection":[{"href":"https:\/\/www.autonvaraosahaku.fi\/index.php?rest_route=\/wp\/v2\/product"}],"about":[{"href":"https:\/\/www.autonvaraosahaku.fi\/index.php?rest_route=\/wp\/v2\/types\/product"}],"wp:attachment":[{"href":"https:\/\/www.autonvaraosahaku.fi\/index.php?rest_route=%2Fwp%2Fv2%2Fmedia&parent=22669"}],"wp:term":[{"taxonomy":"pwb-brand","embeddable":true,"href":"https:\/\/www.autonvaraosahaku.fi\/index.php?rest_route=%2Fwp%2Fv2%2Fpwb-brand&post=22669"},{"taxonomy":"product_cat","embeddable":true,"href":"https:\/\/www.autonvaraosahaku.fi\/index.php?rest_route=%2Fwp%2Fv2%2Fproduct_cat&post=22669"},{"taxonomy":"product_tag","embeddable":true,"href":"https:\/\/www.autonvaraosahaku.fi\/index.php?rest_route=%2Fwp%2Fv2%2Fproduct_tag&post=22669"}],"curies":[{"name":"wp","href":"https:\/\/api.w.org\/{rel}","templated":true}]}}