{"id":22675,"date":"2021-02-21T14:48:00","date_gmt":"2021-02-21T14:48:00","guid":{"rendered":"https:\/\/www.autonvaraosahaku.fi\/?product=maxgear-63-0025-oven-lukko"},"modified":"2021-02-21T14:48:02","modified_gmt":"2021-02-21T14:48:02","slug":"maxgear-63-0025-oven-lukko","status":"publish","type":"product","link":"https:\/\/www.autonvaraosahaku.fi\/?product=maxgear-63-0025-oven-lukko","title":{"rendered":"MAXGEAR 63-0025 Oven lukko"},"content":{"rendered":"<p>Tarvittava kappalem\u00e4\u00e4r\u00e4: 1; Paino [kg]: 0,106; Moottorinumero: M102; MERCEDES-BENZ: 190 W201,Stufenheck W124,S-CLASS W126,KOMBI Kombi S124,E-CLASS W124,COUPE C124,E-CLASS Kombi S124,S-CLASS Coupe C126,E-CLASS Cabriolet A124,E-CLASS Coupe C124,CABRIOLET A124; 1264600304, 1264600604, 2014600104<\/p>\n","protected":false},"excerpt":{"rendered":"<p>MAXGEAR Sulkusylinteri, Sytytyksen Lukko 63-0025  MERCEDES-BENZ,190 W201,Stufenheck W124,S-CLASS W126,KOMBI Kombi S124,E-CLASS W124,COUPE C124<\/p>\n","protected":false},"featured_media":0,"template":"","meta":{"site-sidebar-layout":"default","site-content-layout":"default","ast-global-header-display":"","ast-main-header-display":"","ast-hfb-above-header-display":"","ast-hfb-below-header-display":"","ast-hfb-mobile-header-display":"","site-post-title":"","ast-breadcrumbs-content":"","ast-featured-img":"","footer-sml-layout":"","theme-transparent-header-meta":"","adv-header-id-meta":"","stick-header-meta":"","header-above-stick-meta":"","header-main-stick-meta":"","header-below-stick-meta":""},"pwb-brand":[48],"product_cat":[46],"product_tag":[],"class_list":{"0":"post-22675","1":"product","2":"type-product","3":"status-publish","5":"pwb-brand-maxgear","6":"product_cat-oven-lukko","7":"desktop-align-left","8":"tablet-align-left","9":"mobile-align-left","11":"first","12":"instock","13":"product-type-external"},"brands":[{"id":48,"name":"MAXGEAR","slug":"maxgear"}],"_links":{"self":[{"href":"https:\/\/www.autonvaraosahaku.fi\/index.php?rest_route=\/wp\/v2\/product\/22675","targetHints":{"allow":["GET"]}}],"collection":[{"href":"https:\/\/www.autonvaraosahaku.fi\/index.php?rest_route=\/wp\/v2\/product"}],"about":[{"href":"https:\/\/www.autonvaraosahaku.fi\/index.php?rest_route=\/wp\/v2\/types\/product"}],"wp:attachment":[{"href":"https:\/\/www.autonvaraosahaku.fi\/index.php?rest_route=%2Fwp%2Fv2%2Fmedia&parent=22675"}],"wp:term":[{"taxonomy":"pwb-brand","embeddable":true,"href":"https:\/\/www.autonvaraosahaku.fi\/index.php?rest_route=%2Fwp%2Fv2%2Fpwb-brand&post=22675"},{"taxonomy":"product_cat","embeddable":true,"href":"https:\/\/www.autonvaraosahaku.fi\/index.php?rest_route=%2Fwp%2Fv2%2Fproduct_cat&post=22675"},{"taxonomy":"product_tag","embeddable":true,"href":"https:\/\/www.autonvaraosahaku.fi\/index.php?rest_route=%2Fwp%2Fv2%2Fproduct_tag&post=22675"}],"curies":[{"name":"wp","href":"https:\/\/api.w.org\/{rel}","templated":true}]}}