{"id":22699,"date":"2021-02-21T14:48:08","date_gmt":"2021-02-21T14:48:08","guid":{"rendered":"https:\/\/www.autonvaraosahaku.fi\/?product=valeo-836274-vauhtipyora"},"modified":"2021-02-21T14:48:09","modified_gmt":"2021-02-21T14:48:09","slug":"valeo-836274-vauhtipyora","status":"publish","type":"product","link":"https:\/\/www.autonvaraosahaku.fi\/?product=valeo-836274-vauhtipyora","title":{"rendered":"VALEO 836274 Vauhtipy\u00f6r\u00e4"},"content":{"rendered":"<p>Moottorimalli: Moottoreihin, joissa kaksoismassa vauhtipy\u00f6r\u00e4; Ulkol\u00e4pimitta [mm]: 311,25; Kiinnitysreikien lukum\u00e4\u00e4r\u00e4: 8; Korvaava tuote\/korvaava tiedote 2: Ruuvisarjalla; Vauhtipy\u00f6r\u00e4syvyys [mm]: 65,18; Paino [kg]: 15,27; Valmistusvuoteen: 02\/2015; BMW: 3 Touring E91,3 E90,1 E87,5 Touring F11,5 F10, F18,X1 E84,1 F20,X3 F25,3 Coupe E92,3 Touring F31,3 F30, F35, F80,3 Cabriolet E93,1 F21,3 Gran Turismo F34,4 Coupe F32, F82,2 Coupe F22,4 Cabriolet F33, F83,4 Gran Coupe F36; 21207594958, 21207616014, 21207629269, 21207638349, 21207647334, 21208638897<\/p>\n","protected":false},"excerpt":{"rendered":"<p>VALEO Vauhtipy\u00f6r\u00e4 836274  BMW,3 Touring E91,3 E90,1 E87,5 Touring F11,5 F10, F18,X1 E84,1 F20,X3 F25,3 Coupe E92,3 Touring F31,3 F30, F35, F80<\/p>\n","protected":false},"featured_media":0,"template":"","meta":{"site-sidebar-layout":"default","site-content-layout":"default","ast-global-header-display":"","ast-main-header-display":"","ast-hfb-above-header-display":"","ast-hfb-below-header-display":"","ast-hfb-mobile-header-display":"","site-post-title":"","ast-breadcrumbs-content":"","ast-featured-img":"","footer-sml-layout":"","theme-transparent-header-meta":"","adv-header-id-meta":"","stick-header-meta":"","header-above-stick-meta":"","header-main-stick-meta":"","header-below-stick-meta":""},"pwb-brand":[28],"product_cat":[68],"product_tag":[],"class_list":{"0":"post-22699","1":"product","2":"type-product","3":"status-publish","5":"pwb-brand-valeo","6":"product_cat-vauhtipyora","7":"desktop-align-left","8":"tablet-align-left","9":"mobile-align-left","11":"first","12":"instock","13":"product-type-external"},"brands":[{"id":28,"name":"VALEO","slug":"valeo"}],"_links":{"self":[{"href":"https:\/\/www.autonvaraosahaku.fi\/index.php?rest_route=\/wp\/v2\/product\/22699","targetHints":{"allow":["GET"]}}],"collection":[{"href":"https:\/\/www.autonvaraosahaku.fi\/index.php?rest_route=\/wp\/v2\/product"}],"about":[{"href":"https:\/\/www.autonvaraosahaku.fi\/index.php?rest_route=\/wp\/v2\/types\/product"}],"wp:attachment":[{"href":"https:\/\/www.autonvaraosahaku.fi\/index.php?rest_route=%2Fwp%2Fv2%2Fmedia&parent=22699"}],"wp:term":[{"taxonomy":"pwb-brand","embeddable":true,"href":"https:\/\/www.autonvaraosahaku.fi\/index.php?rest_route=%2Fwp%2Fv2%2Fpwb-brand&post=22699"},{"taxonomy":"product_cat","embeddable":true,"href":"https:\/\/www.autonvaraosahaku.fi\/index.php?rest_route=%2Fwp%2Fv2%2Fproduct_cat&post=22699"},{"taxonomy":"product_tag","embeddable":true,"href":"https:\/\/www.autonvaraosahaku.fi\/index.php?rest_route=%2Fwp%2Fv2%2Fproduct_tag&post=22699"}],"curies":[{"name":"wp","href":"https:\/\/api.w.org\/{rel}","templated":true}]}}