{"id":22700,"date":"2021-02-21T14:48:08","date_gmt":"2021-02-21T14:48:08","guid":{"rendered":"https:\/\/www.autonvaraosahaku.fi\/?product=maxgear-82-0243-jarrusatula"},"modified":"2021-02-21T14:48:09","modified_gmt":"2021-02-21T14:48:09","slug":"maxgear-82-0243-jarrusatula","status":"publish","type":"product","link":"https:\/\/www.autonvaraosahaku.fi\/?product=maxgear-82-0243-jarrusatula","title":{"rendered":"MAXGEAR 82-0243 Jarrusatula"},"content":{"rendered":"<p>Vaihto-osa: ; Sylinterim\u00e4nn\u00e4n halkaisija [mm]: 40; Leveys, sis\u00e4 (mm): 60,5; Materiaali: Valurauta; Jarrusatulatyyppi: Uiva jarrusatula, Jarrusatula (1-m\u00e4nt\u00e4); Asennuspuoli: Taka-akseli, vasen, Akselin takana; Valmistaja rajaus: ATE; Jarrulevyl\u00e4pimitalle [mm]: 294; Jarrulevyn paksuus (mm): 19; Jarrulevytyyppi: Tuuletettu, Innenbel\u00fcftet; Nettopaino [kg]: 2,2; ROVER: 75 RJ,75 Tourer RJ; BMW: 3 E46,3 Touring E46,3 Compact E46,3 Coupe E46,3 Cabriolet E46,Z4 E85,Z4 Coupe E86; MG: MG ZT- T,MG ZT; SOB000050, 34211165033, 34216758135<\/p>\n","protected":false},"excerpt":{"rendered":"<p>MAXGEAR Jarrusatula 82-0243  ROVER,BMW,MG,75 RJ,75 Tourer RJ,3 E46,3 Touring E46,3 Compact E46,3 Coupe E46,3 Cabriolet E46,Z4 E85,Z4 Coupe E86<\/p>\n","protected":false},"featured_media":0,"template":"","meta":{"site-sidebar-layout":"default","site-content-layout":"default","ast-global-header-display":"","ast-main-header-display":"","ast-hfb-above-header-display":"","ast-hfb-below-header-display":"","ast-hfb-mobile-header-display":"","site-post-title":"","ast-breadcrumbs-content":"","ast-featured-img":"","footer-sml-layout":"","theme-transparent-header-meta":"","adv-header-id-meta":"","stick-header-meta":"","header-above-stick-meta":"","header-main-stick-meta":"","header-below-stick-meta":""},"pwb-brand":[48],"product_cat":[177],"product_tag":[],"class_list":{"0":"post-22700","1":"product","2":"type-product","3":"status-publish","5":"pwb-brand-maxgear","6":"product_cat-jarrusatula","7":"desktop-align-left","8":"tablet-align-left","9":"mobile-align-left","11":"first","12":"instock","13":"product-type-external"},"brands":[{"id":48,"name":"MAXGEAR","slug":"maxgear"}],"_links":{"self":[{"href":"https:\/\/www.autonvaraosahaku.fi\/index.php?rest_route=\/wp\/v2\/product\/22700","targetHints":{"allow":["GET"]}}],"collection":[{"href":"https:\/\/www.autonvaraosahaku.fi\/index.php?rest_route=\/wp\/v2\/product"}],"about":[{"href":"https:\/\/www.autonvaraosahaku.fi\/index.php?rest_route=\/wp\/v2\/types\/product"}],"wp:attachment":[{"href":"https:\/\/www.autonvaraosahaku.fi\/index.php?rest_route=%2Fwp%2Fv2%2Fmedia&parent=22700"}],"wp:term":[{"taxonomy":"pwb-brand","embeddable":true,"href":"https:\/\/www.autonvaraosahaku.fi\/index.php?rest_route=%2Fwp%2Fv2%2Fpwb-brand&post=22700"},{"taxonomy":"product_cat","embeddable":true,"href":"https:\/\/www.autonvaraosahaku.fi\/index.php?rest_route=%2Fwp%2Fv2%2Fproduct_cat&post=22700"},{"taxonomy":"product_tag","embeddable":true,"href":"https:\/\/www.autonvaraosahaku.fi\/index.php?rest_route=%2Fwp%2Fv2%2Fproduct_tag&post=22700"}],"curies":[{"name":"wp","href":"https:\/\/api.w.org\/{rel}","templated":true}]}}