{"id":22718,"date":"2021-02-21T14:48:08","date_gmt":"2021-02-21T14:48:08","guid":{"rendered":"https:\/\/www.autonvaraosahaku.fi\/?product=magneti-marelli-352317101210-termostaatti"},"modified":"2021-02-21T14:48:11","modified_gmt":"2021-02-21T14:48:11","slug":"magneti-marelli-352317101210-termostaatti","status":"publish","type":"product","link":"https:\/\/www.autonvaraosahaku.fi\/?product=magneti-marelli-352317101210-termostaatti","title":{"rendered":"MAGNETI MARELLI 352317101210 Termostaatti"},"content":{"rendered":"<p>L\u00e4pimitta 2 [mm]: 28; Korkeus (mm): 33; Erittely: Single Thermostat; L\u00e4pimitta 1 [mm]: 48; Lis\u00e4tarvike\/lis\u00e4tieto: Tiivisteill\u00e4; Avausl\u00e4mp\u00f6tila [\u00b0C]: 82; TECDOC-moottorinumero: 3719; TOYOTA: STARLET EP91,AVENSIS _T22_,COROLLA Liftback _E11_,COROLLA Compact _E11_,AVENSIS Station Wagon _T22_,RAV 4 I SXA1_,AVENSIS Liftback _T22_,PICNIC _XM10,STARLET _P8_,PASEO Coupe EL54,COROLLA Compact _E10_,CARINA E _T19_,CELICA ST20_, AT20_,COROLLA _E11_,CARINA E Stufenheck _T19_,CELICA Coupe AT18_, ST18_,COROLLA Wagon __E11_,CARINA E Sportswagon _T19_,RAV 4 \u00a0 SXA1_,CAMRY _CV2_, _XV2_,STARLET _P7_,HILUX V Pick-up LN_, KZN1_, VZN1_,COROLLA Liftback _E10_,COROLLA Liftback _E9_,MR 2 I AW1_,COROLLA _E10_,CARINA II _T17_,CAMRY _CV1_, _XV1_, _V1_,CARINA II Stufenheck _T17_,COROLLA Compact _E9_,HILUX IV Pick-up _N5_, _N6_,COROLLA Coupe AE86,CELICA Liftback ST16_, AT16_,CAMRY Station Wagon _XV1_, _CV1_, _V10,COROLLA Wagon _E10_,CAMRY _V2_,COROLLA Station Wagon _E9_,COROLLA _E9_,CELICA Coupe _A6_,CELICA Cabriolet AT18_, ST18_,CELICA Coupe ST16_, AT16_,COROLLA Liftback _E8_,CARINA II Station Wagon _T17_,COROLLA FX Compact E8B,LITEACE Bus CM30_G, KM30_G,CELICA Cabriolet ST16_, A; DAIHATSU: COPEN L880_, L881_,FOURTRAK F7, F8,ROCKY Soft Top F7, F8,CHARMANT A; 9008023002, 9091603046, 9091603060, 9091603069, 9091603090, 9091603109, 9091603115; Termostaatti, J\u00e4\u00e4hdytysneste<\/p>\n","protected":false},"excerpt":{"rendered":"<p>MAGNETI MARELLI Termostaatti 352317101210 Termostaatti, J\u00e4\u00e4hdytysneste TOYOTA,DAIHATSU,STARLET EP91,AVENSIS _T22_,COROLLA Liftback _E11_<\/p>\n","protected":false},"featured_media":0,"template":"","meta":{"site-sidebar-layout":"default","site-content-layout":"default","ast-global-header-display":"","ast-main-header-display":"","ast-hfb-above-header-display":"","ast-hfb-below-header-display":"","ast-hfb-mobile-header-display":"","site-post-title":"","ast-breadcrumbs-content":"","ast-featured-img":"","footer-sml-layout":"","theme-transparent-header-meta":"","adv-header-id-meta":"","stick-header-meta":"","header-above-stick-meta":"","header-main-stick-meta":"","header-below-stick-meta":""},"pwb-brand":[34],"product_cat":[174],"product_tag":[],"class_list":{"0":"post-22718","1":"product","2":"type-product","3":"status-publish","5":"pwb-brand-magneti-marelli","6":"product_cat-termostaatti","7":"desktop-align-left","8":"tablet-align-left","9":"mobile-align-left","11":"first","12":"instock","13":"product-type-external"},"brands":[{"id":34,"name":"MAGNETI MARELLI","slug":"magneti-marelli"}],"_links":{"self":[{"href":"https:\/\/www.autonvaraosahaku.fi\/index.php?rest_route=\/wp\/v2\/product\/22718","targetHints":{"allow":["GET"]}}],"collection":[{"href":"https:\/\/www.autonvaraosahaku.fi\/index.php?rest_route=\/wp\/v2\/product"}],"about":[{"href":"https:\/\/www.autonvaraosahaku.fi\/index.php?rest_route=\/wp\/v2\/types\/product"}],"wp:attachment":[{"href":"https:\/\/www.autonvaraosahaku.fi\/index.php?rest_route=%2Fwp%2Fv2%2Fmedia&parent=22718"}],"wp:term":[{"taxonomy":"pwb-brand","embeddable":true,"href":"https:\/\/www.autonvaraosahaku.fi\/index.php?rest_route=%2Fwp%2Fv2%2Fpwb-brand&post=22718"},{"taxonomy":"product_cat","embeddable":true,"href":"https:\/\/www.autonvaraosahaku.fi\/index.php?rest_route=%2Fwp%2Fv2%2Fproduct_cat&post=22718"},{"taxonomy":"product_tag","embeddable":true,"href":"https:\/\/www.autonvaraosahaku.fi\/index.php?rest_route=%2Fwp%2Fv2%2Fproduct_tag&post=22718"}],"curies":[{"name":"wp","href":"https:\/\/api.w.org\/{rel}","templated":true}]}}