{"id":22764,"date":"2021-02-21T14:48:21","date_gmt":"2021-02-21T14:48:21","guid":{"rendered":"https:\/\/www.autonvaraosahaku.fi\/?product=alca-535000-antenni"},"modified":"2021-02-21T14:48:22","modified_gmt":"2021-02-21T14:48:22","slug":"alca-535000-antenni","status":"publish","type":"product","link":"https:\/\/www.autonvaraosahaku.fi\/?product=alca-535000-antenni","title":{"rendered":"ALCA 535000 Antenni"},"content":{"rendered":"<p>Asennuspuoli: lokasuoja; Rekister\u00f6ity tyyppi: CE-hyv\u00e4ksynt\u00e4; Pituus (cm): 88; V\u00e4ri: Musta; Taajuusalue [Mhz]: FM(87.5-108MHz), AM(535-1605KHz); Materiaali: ABS (Acrylnitril-Butadien-Styrol-Copolymerisat), PVC, Metalli, lasikuitu; J\u00e4nnite (V): 16; Kaapelipituus [m]: 1; Paino [g]: 200; Versio: Golf III; VW: GOLF III 1H1,GOLF III Cabriolet 1E7,GOLF III Variant 1H5; AUDI: CABRIOLET 8G7, B4<\/p>\n","protected":false},"excerpt":{"rendered":"<p>ALCA Antenni 535000  VW,AUDI,GOLF III 1H1,GOLF III Cabriolet 1E7,GOLF III Variant 1H5,CABRIOLET 8G7, B4<\/p>\n","protected":false},"featured_media":0,"template":"","meta":{"site-sidebar-layout":"default","site-content-layout":"default","ast-global-header-display":"","ast-main-header-display":"","ast-hfb-above-header-display":"","ast-hfb-below-header-display":"","ast-hfb-mobile-header-display":"","site-post-title":"","ast-breadcrumbs-content":"","ast-featured-img":"","footer-sml-layout":"","theme-transparent-header-meta":"","adv-header-id-meta":"","stick-header-meta":"","header-above-stick-meta":"","header-main-stick-meta":"","header-below-stick-meta":""},"pwb-brand":[351],"product_cat":[164],"product_tag":[],"class_list":{"0":"post-22764","1":"product","2":"type-product","3":"status-publish","5":"pwb-brand-alca","6":"product_cat-antenni","7":"desktop-align-left","8":"tablet-align-left","9":"mobile-align-left","11":"first","12":"instock","13":"product-type-external"},"brands":[{"id":351,"name":"ALCA","slug":"alca"}],"_links":{"self":[{"href":"https:\/\/www.autonvaraosahaku.fi\/index.php?rest_route=\/wp\/v2\/product\/22764","targetHints":{"allow":["GET"]}}],"collection":[{"href":"https:\/\/www.autonvaraosahaku.fi\/index.php?rest_route=\/wp\/v2\/product"}],"about":[{"href":"https:\/\/www.autonvaraosahaku.fi\/index.php?rest_route=\/wp\/v2\/types\/product"}],"wp:attachment":[{"href":"https:\/\/www.autonvaraosahaku.fi\/index.php?rest_route=%2Fwp%2Fv2%2Fmedia&parent=22764"}],"wp:term":[{"taxonomy":"pwb-brand","embeddable":true,"href":"https:\/\/www.autonvaraosahaku.fi\/index.php?rest_route=%2Fwp%2Fv2%2Fpwb-brand&post=22764"},{"taxonomy":"product_cat","embeddable":true,"href":"https:\/\/www.autonvaraosahaku.fi\/index.php?rest_route=%2Fwp%2Fv2%2Fproduct_cat&post=22764"},{"taxonomy":"product_tag","embeddable":true,"href":"https:\/\/www.autonvaraosahaku.fi\/index.php?rest_route=%2Fwp%2Fv2%2Fproduct_tag&post=22764"}],"curies":[{"name":"wp","href":"https:\/\/api.w.org\/{rel}","templated":true}]}}