{"id":22801,"date":"2021-02-21T14:48:30","date_gmt":"2021-02-21T14:48:30","guid":{"rendered":"https:\/\/www.autonvaraosahaku.fi\/?product=era-775184a-polttoainepumppu"},"modified":"2021-02-21T14:48:30","modified_gmt":"2021-02-21T14:48:30","slug":"era-775184a-polttoainepumppu","status":"publish","type":"product","link":"https:\/\/www.autonvaraosahaku.fi\/?product=era-775184a-polttoainepumppu","title":{"rendered":"ERA 775184A Polttoainepumppu"},"content":{"rendered":"<p>Paine (bar): 3,8; K\u00e4ytt\u00f6: S\u00e4hk\u00f6inen; Liittimi\u00e4: 4; Siirtom\u00e4\u00e4r\u00e4 (l\/h): 80; Suositellun tarvikkeen tuotenumero: 770158; JAGUAR: X-TYPE CF1; FORD: FOCUS Kombi DNW,FOCUS DAW, DBW,FOCUS Stufenheck DFW,TRANSIT CONNECT P65_, P70_, P80_; 106087, 1062046, 1062079, 1066412, 1069087, 1071533, 1074103, 1079855, 1096174, 1106355, 1135288, 1237255, 1237431, 1320565, 1339027, 1388671, 2T1U9H30744, 2T1U9H307AA, 5T169H307AA, 98AP9247AA, 98AP9H307AC, 98AP9H307AD, 98AP9H307AE, 98AP9H307AF, 98AP9H307AG, 98AP9H307AH, 98AP9H307AJ, 98AP9H307AK, 98AP9H307AL, 98AP9H307AM, 98AP9H307AN, 98AP9H307AP, 98AP9H307AR, C2522688, C2S22688; Polttoaineen Sy\u00f6tt\u00f6yksikk\u00f6<\/p>\n","protected":false},"excerpt":{"rendered":"<p>ERA Polttoainepumppu 775184A Polttoaineen Sy\u00f6tt\u00f6yksikk\u00f6 JAGUAR,FORD,X-TYPE CF1,FOCUS Kombi DNW,FOCUS DAW, DBW,FOCUS Stufenheck DFW<\/p>\n","protected":false},"featured_media":0,"template":"","meta":{"site-sidebar-layout":"default","site-content-layout":"default","ast-global-header-display":"","ast-main-header-display":"","ast-hfb-above-header-display":"","ast-hfb-below-header-display":"","ast-hfb-mobile-header-display":"","site-post-title":"","ast-breadcrumbs-content":"","ast-featured-img":"","footer-sml-layout":"","theme-transparent-header-meta":"","adv-header-id-meta":"","stick-header-meta":"","header-above-stick-meta":"","header-main-stick-meta":"","header-below-stick-meta":""},"pwb-brand":[64],"product_cat":[73],"product_tag":[],"class_list":{"0":"post-22801","1":"product","2":"type-product","3":"status-publish","5":"pwb-brand-era","6":"product_cat-polttoainepumppu","7":"desktop-align-left","8":"tablet-align-left","9":"mobile-align-left","11":"first","12":"instock","13":"product-type-external"},"brands":[{"id":64,"name":"ERA","slug":"era"}],"_links":{"self":[{"href":"https:\/\/www.autonvaraosahaku.fi\/index.php?rest_route=\/wp\/v2\/product\/22801","targetHints":{"allow":["GET"]}}],"collection":[{"href":"https:\/\/www.autonvaraosahaku.fi\/index.php?rest_route=\/wp\/v2\/product"}],"about":[{"href":"https:\/\/www.autonvaraosahaku.fi\/index.php?rest_route=\/wp\/v2\/types\/product"}],"wp:attachment":[{"href":"https:\/\/www.autonvaraosahaku.fi\/index.php?rest_route=%2Fwp%2Fv2%2Fmedia&parent=22801"}],"wp:term":[{"taxonomy":"pwb-brand","embeddable":true,"href":"https:\/\/www.autonvaraosahaku.fi\/index.php?rest_route=%2Fwp%2Fv2%2Fpwb-brand&post=22801"},{"taxonomy":"product_cat","embeddable":true,"href":"https:\/\/www.autonvaraosahaku.fi\/index.php?rest_route=%2Fwp%2Fv2%2Fproduct_cat&post=22801"},{"taxonomy":"product_tag","embeddable":true,"href":"https:\/\/www.autonvaraosahaku.fi\/index.php?rest_route=%2Fwp%2Fv2%2Fproduct_tag&post=22801"}],"curies":[{"name":"wp","href":"https:\/\/api.w.org\/{rel}","templated":true}]}}