{"id":22803,"date":"2021-02-21T14:48:30","date_gmt":"2021-02-21T14:48:30","guid":{"rendered":"https:\/\/www.autonvaraosahaku.fi\/?product=era-770039a-polttoainepumppu"},"modified":"2021-02-21T14:48:31","modified_gmt":"2021-02-21T14:48:31","slug":"era-770039a-polttoainepumppu","status":"publish","type":"product","link":"https:\/\/www.autonvaraosahaku.fi\/?product=era-770039a-polttoainepumppu","title":{"rendered":"ERA 770039A Polttoainepumppu"},"content":{"rendered":"<p>Paino [kg]: 0,156; Paine (bar): 0,2; K\u00e4ytt\u00f6: S\u00e4hk\u00f6inen; Liittimi\u00e4: 2; Siirtom\u00e4\u00e4r\u00e4 (l\/h): 130; VW: GOLF II 19E, 1G1,PASSAT Variant 3A5, 35I,GOLF I Cabriolet 155,POLO 86C, 80,POLO Coupe 86C, 80,PASSAT 3A2, 35I,CORRADO 53I,SCIROCCO 53B,GOLF I 17,JETTA II 19E, 1G2, 165,POLO CLASSIC 86C, 80,JETTA I 16; SEAT: TOLEDO I 1L,IBIZA I 021A; FORD USA: AEROSTAR; MERCEDES-BENZ: C-CLASS W203,C-CLASS T-Model S203,SL R230; 0014703194, A0014703194, 191906092A, 191906092C, 191906092G, 191906092M, 357906092C, 533906092N, 533906092P<\/p>\n","protected":false},"excerpt":{"rendered":"<p>ERA Polttoainepumppu 770039A  VW,SEAT,FORD USA,GOLF II 19E, 1G1,PASSAT Variant 3A5, 35I,GOLF I Cabriolet 155,POLO 86C, 80,POLO Coupe 86C, 80<\/p>\n","protected":false},"featured_media":0,"template":"","meta":{"site-sidebar-layout":"default","site-content-layout":"default","ast-global-header-display":"","ast-main-header-display":"","ast-hfb-above-header-display":"","ast-hfb-below-header-display":"","ast-hfb-mobile-header-display":"","site-post-title":"","ast-breadcrumbs-content":"","ast-featured-img":"","footer-sml-layout":"","theme-transparent-header-meta":"","adv-header-id-meta":"","stick-header-meta":"","header-above-stick-meta":"","header-main-stick-meta":"","header-below-stick-meta":""},"pwb-brand":[64],"product_cat":[73],"product_tag":[],"class_list":{"0":"post-22803","1":"product","2":"type-product","3":"status-publish","5":"pwb-brand-era","6":"product_cat-polttoainepumppu","7":"desktop-align-left","8":"tablet-align-left","9":"mobile-align-left","11":"first","12":"instock","13":"product-type-external"},"brands":[{"id":64,"name":"ERA","slug":"era"}],"_links":{"self":[{"href":"https:\/\/www.autonvaraosahaku.fi\/index.php?rest_route=\/wp\/v2\/product\/22803","targetHints":{"allow":["GET"]}}],"collection":[{"href":"https:\/\/www.autonvaraosahaku.fi\/index.php?rest_route=\/wp\/v2\/product"}],"about":[{"href":"https:\/\/www.autonvaraosahaku.fi\/index.php?rest_route=\/wp\/v2\/types\/product"}],"wp:attachment":[{"href":"https:\/\/www.autonvaraosahaku.fi\/index.php?rest_route=%2Fwp%2Fv2%2Fmedia&parent=22803"}],"wp:term":[{"taxonomy":"pwb-brand","embeddable":true,"href":"https:\/\/www.autonvaraosahaku.fi\/index.php?rest_route=%2Fwp%2Fv2%2Fpwb-brand&post=22803"},{"taxonomy":"product_cat","embeddable":true,"href":"https:\/\/www.autonvaraosahaku.fi\/index.php?rest_route=%2Fwp%2Fv2%2Fproduct_cat&post=22803"},{"taxonomy":"product_tag","embeddable":true,"href":"https:\/\/www.autonvaraosahaku.fi\/index.php?rest_route=%2Fwp%2Fv2%2Fproduct_tag&post=22803"}],"curies":[{"name":"wp","href":"https:\/\/api.w.org\/{rel}","templated":true}]}}