{"id":22817,"date":"2021-02-21T14:48:30","date_gmt":"2021-02-21T14:48:30","guid":{"rendered":"https:\/\/www.autonvaraosahaku.fi\/?product=topran-821-676-anturit-sensorit"},"modified":"2021-02-21T14:48:33","modified_gmt":"2021-02-21T14:48:33","slug":"topran-821-676-anturit-sensorit","status":"publish","type":"product","link":"https:\/\/www.autonvaraosahaku.fi\/?product=topran-821-676-anturit-sensorit","title":{"rendered":"TOPRAN 821 676 Anturit (sensorit)"},"content":{"rendered":"<p>Napojen m\u00e4\u00e4r\u00e4: 3; Pistokkeen kotelon muoto: suorakulmainen (rectangular); Korvaava tuote\/korvaava tiedote 2: Tiivisterenkaalla; Valmistuspaiv\u00e4m\u00e4\u00e4r\u00e4\u00e4n: 20.05.2014; KIA: SORENTO I JC,PICANTO BA,CEE&#8217;D SW ED,CEE&#8217;D Schr\u00e4gheck ED,SPORTAGE JE_, KM_,VENGA YN,RIO III UB,RIO II JB,CARENS III UN,PICANTO TA,PRO CEE&#8217;D ED,CARENS IV,SOUL AM,CERATO LD,MAGENTIS GD,MAGENTIS MG,CERATO Stufenheck LD,RIO II Stufenheck JB,OPTIMA,RIO III Stufenheck UB,K2700 SD,K2500 SD,SOUL II PS,K2900; HYUNDAI: ix35 LM, EL, ELH,i30 FD,GETZ TB,i10 PA,i20 PB, PBT,TUCSON JM,i30 CW FD,ix20 JC,MATRIX FC,H-1 Travel TQ,TRAJET FO,SONATA IV EF,H-1 Cargo TQ,ACCENT III MC,ELANTRA XD,ACCENT III Stufenheck MC,ELANTRA Stufenheck XD,ELANTRA Stufenheck MD, UD,ACCENT IV RB,SONATA VI YF,ELANTRA Stufenheck HD,H-1 Pritsche\/Fahrgestell,ACCENT IV Stufenheck RB,PORTER Pritsche\/Fahrgestell; 964204A000, 964204A500, 964204A600, 96420M3000, 964204A000, 964204A500, 964204A600, 96420M3000<\/p>\n","protected":false},"excerpt":{"rendered":"<p>TOPRAN Tunnistin, Nopeus\/Kierrosluku 821 676  KIA,HYUNDAI,SORENTO I JC,PICANTO BA,CEE&#8217;D SW ED,CEE&#8217;D Schr\u00e4gheck ED,SPORTAGE JE_, KM_,VENGA YN<\/p>\n","protected":false},"featured_media":0,"template":"","meta":{"site-sidebar-layout":"default","site-content-layout":"default","ast-global-header-display":"","ast-main-header-display":"","ast-hfb-above-header-display":"","ast-hfb-below-header-display":"","ast-hfb-mobile-header-display":"","site-post-title":"","ast-breadcrumbs-content":"","ast-featured-img":"","footer-sml-layout":"","theme-transparent-header-meta":"","adv-header-id-meta":"","stick-header-meta":"","header-above-stick-meta":"","header-main-stick-meta":"","header-below-stick-meta":""},"pwb-brand":[18],"product_cat":[98],"product_tag":[],"class_list":{"0":"post-22817","1":"product","2":"type-product","3":"status-publish","5":"pwb-brand-topran","6":"product_cat-anturit-sensorit","7":"desktop-align-left","8":"tablet-align-left","9":"mobile-align-left","11":"first","12":"instock","13":"product-type-external"},"brands":[{"id":18,"name":"TOPRAN","slug":"topran"}],"_links":{"self":[{"href":"https:\/\/www.autonvaraosahaku.fi\/index.php?rest_route=\/wp\/v2\/product\/22817","targetHints":{"allow":["GET"]}}],"collection":[{"href":"https:\/\/www.autonvaraosahaku.fi\/index.php?rest_route=\/wp\/v2\/product"}],"about":[{"href":"https:\/\/www.autonvaraosahaku.fi\/index.php?rest_route=\/wp\/v2\/types\/product"}],"wp:attachment":[{"href":"https:\/\/www.autonvaraosahaku.fi\/index.php?rest_route=%2Fwp%2Fv2%2Fmedia&parent=22817"}],"wp:term":[{"taxonomy":"pwb-brand","embeddable":true,"href":"https:\/\/www.autonvaraosahaku.fi\/index.php?rest_route=%2Fwp%2Fv2%2Fpwb-brand&post=22817"},{"taxonomy":"product_cat","embeddable":true,"href":"https:\/\/www.autonvaraosahaku.fi\/index.php?rest_route=%2Fwp%2Fv2%2Fproduct_cat&post=22817"},{"taxonomy":"product_tag","embeddable":true,"href":"https:\/\/www.autonvaraosahaku.fi\/index.php?rest_route=%2Fwp%2Fv2%2Fproduct_tag&post=22817"}],"curies":[{"name":"wp","href":"https:\/\/api.w.org\/{rel}","templated":true}]}}