{"id":22828,"date":"2021-02-21T14:48:34","date_gmt":"2021-02-21T14:48:34","guid":{"rendered":"https:\/\/www.autonvaraosahaku.fi\/?product=denckermann-dsf063g-iskunvaimennin"},"modified":"2021-02-21T14:48:36","modified_gmt":"2021-02-21T14:48:36","slug":"denckermann-dsf063g-iskunvaimennin","status":"publish","type":"product","link":"https:\/\/www.autonvaraosahaku.fi\/?product=denckermann-dsf063g-iskunvaimennin","title":{"rendered":"DENCKERMANN DSF063G Iskunvaimennin"},"content":{"rendered":"<p>Iskunvaimennin asennustapa: Tappi ylh\u00e4\u00e4ll\u00e4, Silmukka alhaalla; Iskunvaimennin tyyppi: Kaasupaine; Iskunvaimennusj\u00e4rjestelm\u00e4: Kaksiputki; Asennuspuoli: Hinterachse; VW: GOLF V 1K1,GOLF VI 5K1,GOLF PLUS 5M1, 521,GOLF VI Variant AJ5,GOLF V Variant 1K5,SCIROCCO 137, 138,GOLF VI Cabriolet 517; SKODA: OCTAVIA Combi 1Z5,YETI 5L,OCTAVIA 1Z3; SEAT: LEON 1P1,ALTEA 5P1,ALTEA XL 5P5, 5P8,TOLEDO III 5P2; 1K0513029CE, 1K0513029CE, 1K0513029GG, 1K0513029JG, 1K0513029MC, 1K0513029MD, 1K0513029CE, 1K0513029EN, 1K0513029ER, 1K0513029GP, 1K0513029MC, 1K0512011TM, 1K0512011TN, 1K0512013AA, 1K0512013T, 1K0513029CE, 1K0513029CF, 1K0513029EN, 1K0513029ER, 1K0513029FA, 1K0513029FG, 1K0513029FH, 1K0513029GG, 1K0513029GP, 1K0513029HL, 1K0513029HS, 1K0513029MB, 1K0513029MC, 1K0513029MG, 561513049, 561513049B, 561513049C, 561513049D; Iskarit,Iskunvaimennin<\/p>\n","protected":false},"excerpt":{"rendered":"<p>DENCKERMANN Iskunvaimentimet DSF063G Iskarit,Iskunvaimennin VW,SKODA,SEAT,GOLF V 1K1,GOLF VI 5K1,GOLF PLUS 5M1, 521,GOLF VI Variant AJ5<\/p>\n","protected":false},"featured_media":0,"template":"","meta":{"site-sidebar-layout":"default","site-content-layout":"default","ast-global-header-display":"","ast-main-header-display":"","ast-hfb-above-header-display":"","ast-hfb-below-header-display":"","ast-hfb-mobile-header-display":"","site-post-title":"","ast-breadcrumbs-content":"","ast-featured-img":"","footer-sml-layout":"","theme-transparent-header-meta":"","adv-header-id-meta":"","stick-header-meta":"","header-above-stick-meta":"","header-main-stick-meta":"","header-below-stick-meta":""},"pwb-brand":[291],"product_cat":[80],"product_tag":[],"class_list":{"0":"post-22828","1":"product","2":"type-product","3":"status-publish","5":"pwb-brand-denckermann","6":"product_cat-iskunvaimennin","7":"desktop-align-left","8":"tablet-align-left","9":"mobile-align-left","11":"first","12":"instock","13":"product-type-external"},"brands":[{"id":291,"name":"DENCKERMANN","slug":"denckermann"}],"_links":{"self":[{"href":"https:\/\/www.autonvaraosahaku.fi\/index.php?rest_route=\/wp\/v2\/product\/22828","targetHints":{"allow":["GET"]}}],"collection":[{"href":"https:\/\/www.autonvaraosahaku.fi\/index.php?rest_route=\/wp\/v2\/product"}],"about":[{"href":"https:\/\/www.autonvaraosahaku.fi\/index.php?rest_route=\/wp\/v2\/types\/product"}],"wp:attachment":[{"href":"https:\/\/www.autonvaraosahaku.fi\/index.php?rest_route=%2Fwp%2Fv2%2Fmedia&parent=22828"}],"wp:term":[{"taxonomy":"pwb-brand","embeddable":true,"href":"https:\/\/www.autonvaraosahaku.fi\/index.php?rest_route=%2Fwp%2Fv2%2Fpwb-brand&post=22828"},{"taxonomy":"product_cat","embeddable":true,"href":"https:\/\/www.autonvaraosahaku.fi\/index.php?rest_route=%2Fwp%2Fv2%2Fproduct_cat&post=22828"},{"taxonomy":"product_tag","embeddable":true,"href":"https:\/\/www.autonvaraosahaku.fi\/index.php?rest_route=%2Fwp%2Fv2%2Fproduct_tag&post=22828"}],"curies":[{"name":"wp","href":"https:\/\/api.w.org\/{rel}","templated":true}]}}