{"id":22833,"date":"2021-02-21T14:48:34","date_gmt":"2021-02-21T14:48:34","guid":{"rendered":"https:\/\/www.autonvaraosahaku.fi\/?product=xblitz-black-bird-2-0-gps-muut-luokat"},"modified":"2021-02-21T14:48:36","modified_gmt":"2021-02-21T14:48:36","slug":"xblitz-black-bird-2-0-gps-muut-luokat","status":"publish","type":"product","link":"https:\/\/www.autonvaraosahaku.fi\/?product=xblitz-black-bird-2-0-gps-muut-luokat","title":{"rendered":"XBLITZ BLACK BIRD 2.0 GPS Muut luokat"},"content":{"rendered":"<p>V\u00e4ri: Musta; Videomuoto: MOV; Kaiuttimen: Kyll\u00e4; Max Kuvataajuus [fps]: 30; Mikrofoni: Kyll\u00e4; Akkukapasiteetti [mAh]: 200; Katselukulma [\u00b0]: 140; Tallenteen aloittaminen: Sokki, Moottorin k\u00e4ynnistys, Liike; Muistikorttityyppi: microSD; Liittimet\/Pistokkeet: mini HDMI; N\u00e4yt\u00f6n koko diagonaali [Zoll]: 2; Muistikortin toimituksen: Ei; Videon resoluutio [pix]: 1920&#215;1080; Leveys (mm): 50; Korkeus (mm): 70; Pituus (mm): 30; Sarja sis\u00e4lt\u00e4\u00e4: USB-kaapelin, Autokameran, Autolaturin, Imukupin, K\u00e4ytt\u00f6ohjeen; GPS-vastaanotin: Kyll\u00e4; Videokoodekki: H.264; Piirisarja: NTK96650; Kuvan resoluutio: 12M; Kuvatiedoston muoto: JPG; Suurin muistikapasiteetti [GB]: 128<\/p>\n","protected":false},"excerpt":{"rendered":"<p>XBLITZ Kojelautakamera BLACK BIRD 2.0 GPS<\/p>\n","protected":false},"featured_media":0,"template":"","meta":{"site-sidebar-layout":"default","site-content-layout":"default","ast-global-header-display":"","ast-main-header-display":"","ast-hfb-above-header-display":"","ast-hfb-below-header-display":"","ast-hfb-mobile-header-display":"","site-post-title":"","ast-breadcrumbs-content":"","ast-featured-img":"","footer-sml-layout":"","theme-transparent-header-meta":"","adv-header-id-meta":"","stick-header-meta":"","header-above-stick-meta":"","header-main-stick-meta":"","header-below-stick-meta":""},"pwb-brand":[409],"product_cat":[37],"product_tag":[],"class_list":{"0":"post-22833","1":"product","2":"type-product","3":"status-publish","5":"pwb-brand-xblitz","6":"product_cat-muut-luokat","7":"desktop-align-left","8":"tablet-align-left","9":"mobile-align-left","11":"first","12":"instock","13":"product-type-external"},"brands":[{"id":409,"name":"XBLITZ","slug":"xblitz"}],"_links":{"self":[{"href":"https:\/\/www.autonvaraosahaku.fi\/index.php?rest_route=\/wp\/v2\/product\/22833","targetHints":{"allow":["GET"]}}],"collection":[{"href":"https:\/\/www.autonvaraosahaku.fi\/index.php?rest_route=\/wp\/v2\/product"}],"about":[{"href":"https:\/\/www.autonvaraosahaku.fi\/index.php?rest_route=\/wp\/v2\/types\/product"}],"wp:attachment":[{"href":"https:\/\/www.autonvaraosahaku.fi\/index.php?rest_route=%2Fwp%2Fv2%2Fmedia&parent=22833"}],"wp:term":[{"taxonomy":"pwb-brand","embeddable":true,"href":"https:\/\/www.autonvaraosahaku.fi\/index.php?rest_route=%2Fwp%2Fv2%2Fpwb-brand&post=22833"},{"taxonomy":"product_cat","embeddable":true,"href":"https:\/\/www.autonvaraosahaku.fi\/index.php?rest_route=%2Fwp%2Fv2%2Fproduct_cat&post=22833"},{"taxonomy":"product_tag","embeddable":true,"href":"https:\/\/www.autonvaraosahaku.fi\/index.php?rest_route=%2Fwp%2Fv2%2Fproduct_tag&post=22833"}],"curies":[{"name":"wp","href":"https:\/\/api.w.org\/{rel}","templated":true}]}}