{"id":22873,"date":"2021-02-21T14:48:42","date_gmt":"2021-02-21T14:48:42","guid":{"rendered":"https:\/\/www.autonvaraosahaku.fi\/?product=gates-wp0125-vesipumppu"},"modified":"2021-02-21T14:48:45","modified_gmt":"2021-02-21T14:48:45","slug":"gates-wp0125-vesipumppu","status":"publish","type":"product","link":"https:\/\/www.autonvaraosahaku.fi\/?product=gates-wp0125-vesipumppu","title":{"rendered":"GATES WP0125 Vesipumppu"},"content":{"rendered":"<p>Hihnapy\u00f6r\u00e4t: Moniurahihnapy\u00f6r\u00e4ll\u00e4; Valmistusvuosi alkaen: 06\/2003; BMW: 3 Touring E91,3 E90,5 E60,1 E87,5 Touring E61,X3 E83,X5 E70,3 Coupe E92,3 Cabriolet E93,X6 E71, E72,6 E63,6 Cabriolet E64; 11517790472, 11517805810<\/p>\n","protected":false},"excerpt":{"rendered":"<p>GATES Vesipumppu WP0125  BMW,3 Touring E91,3 E90,5 E60,1 E87,5 Touring E61,X3 E83,X5 E70,3 Coupe E92,3 Cabriolet E93,X6 E71, E72,6 E63,6 Cabriolet E64<\/p>\n","protected":false},"featured_media":0,"template":"","meta":{"site-sidebar-layout":"default","site-content-layout":"default","ast-global-header-display":"","ast-main-header-display":"","ast-hfb-above-header-display":"","ast-hfb-below-header-display":"","ast-hfb-mobile-header-display":"","site-post-title":"","ast-breadcrumbs-content":"","ast-featured-img":"","footer-sml-layout":"","theme-transparent-header-meta":"","adv-header-id-meta":"","stick-header-meta":"","header-above-stick-meta":"","header-main-stick-meta":"","header-below-stick-meta":""},"pwb-brand":[22],"product_cat":[279],"product_tag":[],"class_list":{"0":"post-22873","1":"product","2":"type-product","3":"status-publish","5":"pwb-brand-gates","6":"product_cat-vesipumppu","7":"desktop-align-left","8":"tablet-align-left","9":"mobile-align-left","11":"first","12":"instock","13":"product-type-external"},"brands":[{"id":22,"name":"GATES","slug":"gates"}],"_links":{"self":[{"href":"https:\/\/www.autonvaraosahaku.fi\/index.php?rest_route=\/wp\/v2\/product\/22873","targetHints":{"allow":["GET"]}}],"collection":[{"href":"https:\/\/www.autonvaraosahaku.fi\/index.php?rest_route=\/wp\/v2\/product"}],"about":[{"href":"https:\/\/www.autonvaraosahaku.fi\/index.php?rest_route=\/wp\/v2\/types\/product"}],"wp:attachment":[{"href":"https:\/\/www.autonvaraosahaku.fi\/index.php?rest_route=%2Fwp%2Fv2%2Fmedia&parent=22873"}],"wp:term":[{"taxonomy":"pwb-brand","embeddable":true,"href":"https:\/\/www.autonvaraosahaku.fi\/index.php?rest_route=%2Fwp%2Fv2%2Fpwb-brand&post=22873"},{"taxonomy":"product_cat","embeddable":true,"href":"https:\/\/www.autonvaraosahaku.fi\/index.php?rest_route=%2Fwp%2Fv2%2Fproduct_cat&post=22873"},{"taxonomy":"product_tag","embeddable":true,"href":"https:\/\/www.autonvaraosahaku.fi\/index.php?rest_route=%2Fwp%2Fv2%2Fproduct_tag&post=22873"}],"curies":[{"name":"wp","href":"https:\/\/api.w.org\/{rel}","templated":true}]}}