{"id":22897,"date":"2021-02-21T14:48:47","date_gmt":"2021-02-21T14:48:47","guid":{"rendered":"https:\/\/www.autonvaraosahaku.fi\/?product=dolz-kd056-vesipumppu-jakohihnasarja"},"modified":"2021-02-21T14:48:49","modified_gmt":"2021-02-21T14:48:49","slug":"dolz-kd056-vesipumppu-jakohihnasarja","status":"publish","type":"product","link":"https:\/\/www.autonvaraosahaku.fi\/?product=dolz-kd056-vesipumppu-jakohihnasarja","title":{"rendered":"DOLZ KD056 Vesipumppu + jakohihnasarja"},"content":{"rendered":"<p>Hammasluku: 153; Leveys (mm): 25,4; Hihnojen m\u00e4\u00e4r\u00e4: 1; Paino [kg]: 2,1; tuotenumerolle: C138; Valmistusvuoteen: 02\/2007; LANCIA: PHEDRA 179,ZETA 220; FIAT: ULYSSE 179AX,ULYSSE 220,SCUDO Kasten 220L,SCUDO Combinato 220P; CITRO\u00cbN: XSARA PICASSO N68,C8 EA_, EB_,C4 I LC_,C5 II Break RE_,C5 I DC_,C5 I Break DE_,XSARA N1,C4 Coupe LA_,C5 II RC_,XSARA Break N2,XSARA Coupe N0,EVASION 22, U6,JUMPY U6U,JUMPY Kasten BS_, BT_, BY_, BZ_,JUMPY Pritsche\/Fahrgestell BU_, BV_, BW_, BX_; PEUGEOT: 206 Schr\u00e4gheck 2A\/C,206 CC 2D,307 SW 3H,307 CC 3B,407 SW 6E_,307 3A\/C,206 SW 2E\/K,807 E,307 Break 3E,607 9D, 9U,407 6D_,406 Break 8E\/F,406 Coupe 8C,406 8B,806 221,407 Coupe 6C_,EXPERT Kasten 222,EXPERT 224<\/p>\n","protected":false},"excerpt":{"rendered":"<p>DOLZ Vesipumppu + Jakohihnasarja KD056  LANCIA,FIAT,CITRO\u00cbN,PHEDRA 179,ZETA 220,ULYSSE 179AX,ULYSSE 220,SCUDO Kasten 220L,SCUDO Combinato 220P<\/p>\n","protected":false},"featured_media":0,"template":"","meta":{"site-sidebar-layout":"default","site-content-layout":"default","ast-global-header-display":"","ast-main-header-display":"","ast-hfb-above-header-display":"","ast-hfb-below-header-display":"","ast-hfb-mobile-header-display":"","site-post-title":"","ast-breadcrumbs-content":"","ast-featured-img":"","footer-sml-layout":"","theme-transparent-header-meta":"","adv-header-id-meta":"","stick-header-meta":"","header-above-stick-meta":"","header-main-stick-meta":"","header-below-stick-meta":""},"pwb-brand":[265],"product_cat":[321],"product_tag":[],"class_list":{"0":"post-22897","1":"product","2":"type-product","3":"status-publish","5":"pwb-brand-dolz","6":"product_cat-vesipumppu-jakohihnasarja","7":"desktop-align-left","8":"tablet-align-left","9":"mobile-align-left","11":"first","12":"instock","13":"product-type-external"},"brands":[{"id":265,"name":"DOLZ","slug":"dolz"}],"_links":{"self":[{"href":"https:\/\/www.autonvaraosahaku.fi\/index.php?rest_route=\/wp\/v2\/product\/22897","targetHints":{"allow":["GET"]}}],"collection":[{"href":"https:\/\/www.autonvaraosahaku.fi\/index.php?rest_route=\/wp\/v2\/product"}],"about":[{"href":"https:\/\/www.autonvaraosahaku.fi\/index.php?rest_route=\/wp\/v2\/types\/product"}],"wp:attachment":[{"href":"https:\/\/www.autonvaraosahaku.fi\/index.php?rest_route=%2Fwp%2Fv2%2Fmedia&parent=22897"}],"wp:term":[{"taxonomy":"pwb-brand","embeddable":true,"href":"https:\/\/www.autonvaraosahaku.fi\/index.php?rest_route=%2Fwp%2Fv2%2Fpwb-brand&post=22897"},{"taxonomy":"product_cat","embeddable":true,"href":"https:\/\/www.autonvaraosahaku.fi\/index.php?rest_route=%2Fwp%2Fv2%2Fproduct_cat&post=22897"},{"taxonomy":"product_tag","embeddable":true,"href":"https:\/\/www.autonvaraosahaku.fi\/index.php?rest_route=%2Fwp%2Fv2%2Fproduct_tag&post=22897"}],"curies":[{"name":"wp","href":"https:\/\/api.w.org\/{rel}","templated":true}]}}