{"id":22906,"date":"2021-02-21T14:48:51","date_gmt":"2021-02-21T14:48:51","guid":{"rendered":"https:\/\/www.autonvaraosahaku.fi\/?product=monroe-ml6101-konepellin-kaasujousi"},"modified":"2021-02-21T14:48:52","modified_gmt":"2021-02-21T14:48:52","slug":"monroe-ml6101-konepellin-kaasujousi","status":"publish","type":"product","link":"https:\/\/www.autonvaraosahaku.fi\/?product=monroe-ml6101-konepellin-kaasujousi","title":{"rendered":"MONROE ML6101 Konepellin kaasujousi"},"content":{"rendered":"<p>Pituus (mm): 285; Paino [kg]: 0,134; Sylinterin halkaisija [mm]: 15; Isku (mm): 100; Ty\u00f6nt\u00f6voima [N]: 300; Jousijalan l\u00e4pimitta [mm]: 6; Pakkauspituus [cm]: 37,5; Pakkausleveys [cm]: 3; Pakkauskorkeus [mm]: 3; Asennuspuoli: vorne; VW: TRANSPORTER IV Bus 70XB, 70XC, 7DB, 7DW,TRANSPORTER IV Kasten 70XA,TRANSPORTER IV Pritsche\/Fahrgestell 70XD; 7D0823359A; Kaasujousi, Konepelti<\/p>\n","protected":false},"excerpt":{"rendered":"<p>MONROE Konepellin Kaasujousi MONROE MaxLift ML6101 Kaasujousi, Konepelti VW,TRANSPORTER IV Bus 70XB, 70XC, 7DB, 7DW,TRANSPORTER IV Kasten 70XA<\/p>\n","protected":false},"featured_media":0,"template":"","meta":{"site-sidebar-layout":"default","site-content-layout":"default","ast-global-header-display":"","ast-main-header-display":"","ast-hfb-above-header-display":"","ast-hfb-below-header-display":"","ast-hfb-mobile-header-display":"","site-post-title":"","ast-breadcrumbs-content":"","ast-featured-img":"","footer-sml-layout":"","theme-transparent-header-meta":"","adv-header-id-meta":"","stick-header-meta":"","header-above-stick-meta":"","header-main-stick-meta":"","header-below-stick-meta":""},"pwb-brand":[79],"product_cat":[194],"product_tag":[],"class_list":{"0":"post-22906","1":"product","2":"type-product","3":"status-publish","5":"pwb-brand-monroe","6":"product_cat-konepellin-kaasujousi","7":"desktop-align-left","8":"tablet-align-left","9":"mobile-align-left","11":"first","12":"instock","13":"product-type-external"},"brands":[{"id":79,"name":"MONROE","slug":"monroe"}],"_links":{"self":[{"href":"https:\/\/www.autonvaraosahaku.fi\/index.php?rest_route=\/wp\/v2\/product\/22906","targetHints":{"allow":["GET"]}}],"collection":[{"href":"https:\/\/www.autonvaraosahaku.fi\/index.php?rest_route=\/wp\/v2\/product"}],"about":[{"href":"https:\/\/www.autonvaraosahaku.fi\/index.php?rest_route=\/wp\/v2\/types\/product"}],"wp:attachment":[{"href":"https:\/\/www.autonvaraosahaku.fi\/index.php?rest_route=%2Fwp%2Fv2%2Fmedia&parent=22906"}],"wp:term":[{"taxonomy":"pwb-brand","embeddable":true,"href":"https:\/\/www.autonvaraosahaku.fi\/index.php?rest_route=%2Fwp%2Fv2%2Fpwb-brand&post=22906"},{"taxonomy":"product_cat","embeddable":true,"href":"https:\/\/www.autonvaraosahaku.fi\/index.php?rest_route=%2Fwp%2Fv2%2Fproduct_cat&post=22906"},{"taxonomy":"product_tag","embeddable":true,"href":"https:\/\/www.autonvaraosahaku.fi\/index.php?rest_route=%2Fwp%2Fv2%2Fproduct_tag&post=22906"}],"curies":[{"name":"wp","href":"https:\/\/api.w.org\/{rel}","templated":true}]}}