{"id":22908,"date":"2021-02-21T14:48:51","date_gmt":"2021-02-21T14:48:51","guid":{"rendered":"https:\/\/www.autonvaraosahaku.fi\/?product=vemo-v20-81-0004-1-kaasulappakotelo"},"modified":"2021-02-21T14:48:52","modified_gmt":"2021-02-21T14:48:52","slug":"vemo-v20-81-0004-1-kaasulappakotelo","status":"publish","type":"product","link":"https:\/\/www.autonvaraosahaku.fi\/?product=vemo-v20-81-0004-1-kaasulappakotelo","title":{"rendered":"VEMO V20-81-0004-1 Kaasul\u00e4pp\u00e4kotelo"},"content":{"rendered":"<p>Huomioi ajoneuvovalmistajan vaatimukset: ; Korvaava tuote\/korvaava tiedote 2: Ohjain\/ohjelma tulee kouluttaa\/p\u00e4ivitt\u00e4\u00e4; J\u00e4nnite (V): 12; L\u00e4pimitta [mm]: 54; K\u00e4ytt\u00f6: S\u00e4hk\u00f6inen; Vaihtoehtoisesti: ; Lis\u00e4tarvike\/lis\u00e4tieto: Ilman tiivisteit\u00e4; Liittimi\u00e4: 4; Paino [kg]: 0,7; Pakkausleveys [cm]: 12,7; Pakkauskorkeus [mm]: 11,1; Pakkaussyvyys [cm]: 15,1; lis\u00e4tieto: Original VEMO Quality; Oviluku: 5; BMW: 3 Touring E91,3 E90,5 E60,5 Touring E61,X3 E83,1 E81,X5 E70,X5 E53,3 Coupe E92,3 Cabriolet E93,7 E65, E66, E67,X6 E71, E72,6 E63,6 Cabriolet E64; 11717791481, 11717804384, 7791481, 7804384; Kaasul\u00e4pp\u00e4,Kaasul\u00e4p\u00e4n Kotelo<\/p>\n","protected":false},"excerpt":{"rendered":"<p>VEMO Kaasul\u00e4pp\u00e4kotelo V20-81-0004-1 Kaasul\u00e4pp\u00e4,Kaasul\u00e4p\u00e4n Kotelo BMW,3 Touring E91,3 E90,5 E60,5 Touring E61,X3 E83,1 E81,X5 E70,X5 E53,3 Coupe E92<\/p>\n","protected":false},"featured_media":0,"template":"","meta":{"site-sidebar-layout":"default","site-content-layout":"default","ast-global-header-display":"","ast-main-header-display":"","ast-hfb-above-header-display":"","ast-hfb-below-header-display":"","ast-hfb-mobile-header-display":"","site-post-title":"","ast-breadcrumbs-content":"","ast-featured-img":"","footer-sml-layout":"","theme-transparent-header-meta":"","adv-header-id-meta":"","stick-header-meta":"","header-above-stick-meta":"","header-main-stick-meta":"","header-below-stick-meta":""},"pwb-brand":[168],"product_cat":[277],"product_tag":[],"class_list":{"0":"post-22908","1":"product","2":"type-product","3":"status-publish","5":"pwb-brand-vemo","6":"product_cat-kaasulappakotelo","7":"desktop-align-left","8":"tablet-align-left","9":"mobile-align-left","11":"first","12":"instock","13":"product-type-external"},"brands":[{"id":168,"name":"VEMO","slug":"vemo"}],"_links":{"self":[{"href":"https:\/\/www.autonvaraosahaku.fi\/index.php?rest_route=\/wp\/v2\/product\/22908","targetHints":{"allow":["GET"]}}],"collection":[{"href":"https:\/\/www.autonvaraosahaku.fi\/index.php?rest_route=\/wp\/v2\/product"}],"about":[{"href":"https:\/\/www.autonvaraosahaku.fi\/index.php?rest_route=\/wp\/v2\/types\/product"}],"wp:attachment":[{"href":"https:\/\/www.autonvaraosahaku.fi\/index.php?rest_route=%2Fwp%2Fv2%2Fmedia&parent=22908"}],"wp:term":[{"taxonomy":"pwb-brand","embeddable":true,"href":"https:\/\/www.autonvaraosahaku.fi\/index.php?rest_route=%2Fwp%2Fv2%2Fpwb-brand&post=22908"},{"taxonomy":"product_cat","embeddable":true,"href":"https:\/\/www.autonvaraosahaku.fi\/index.php?rest_route=%2Fwp%2Fv2%2Fproduct_cat&post=22908"},{"taxonomy":"product_tag","embeddable":true,"href":"https:\/\/www.autonvaraosahaku.fi\/index.php?rest_route=%2Fwp%2Fv2%2Fproduct_tag&post=22908"}],"curies":[{"name":"wp","href":"https:\/\/api.w.org\/{rel}","templated":true}]}}