{"id":22915,"date":"2021-02-21T14:48:51","date_gmt":"2021-02-21T14:48:51","guid":{"rendered":"https:\/\/www.autonvaraosahaku.fi\/?product=ashika-gom-2500-taka-akselin-puslat"},"modified":"2021-02-21T14:48:53","modified_gmt":"2021-02-21T14:48:53","slug":"ashika-gom-2500-taka-akselin-puslat","status":"publish","type":"product","link":"https:\/\/www.autonvaraosahaku.fi\/?product=ashika-gom-2500-taka-akselin-puslat","title":{"rendered":"ASHIKA GOM-2500 Taka-akselin puslat"},"content":{"rendered":"<p>Asennuspuoli: Taka-akseli; Pituus (mm): 102; Sis\u00e4l\u00e4pimitta [mm]: 14; Ulkol\u00e4pimitta [mm]: 65; TOYOTA: PREVIA MCR3_, ACR3_, CLR3_,AVENSIS VERSO _CLM2_, _ACM2_,ALPHARD ATH1_, MNH1_, ANH1_; 4872544050, 4872558010; Apurungon Puslat,Akselinripustus<\/p>\n","protected":false},"excerpt":{"rendered":"<p>ASHIKA Taka-akselin Puslat GOM-2500 Apurungon Puslat,Akselinripustus TOYOTA,PREVIA MCR3_, ACR3_, CLR3_,AVENSIS VERSO _CLM2_, _ACM2_<\/p>\n","protected":false},"featured_media":0,"template":"","meta":{"site-sidebar-layout":"default","site-content-layout":"default","ast-global-header-display":"","ast-main-header-display":"","ast-hfb-above-header-display":"","ast-hfb-below-header-display":"","ast-hfb-mobile-header-display":"","site-post-title":"","ast-breadcrumbs-content":"","ast-featured-img":"","footer-sml-layout":"","theme-transparent-header-meta":"","adv-header-id-meta":"","stick-header-meta":"","header-above-stick-meta":"","header-main-stick-meta":"","header-below-stick-meta":""},"pwb-brand":[102],"product_cat":[156],"product_tag":[],"class_list":{"0":"post-22915","1":"product","2":"type-product","3":"status-publish","5":"pwb-brand-ashika","6":"product_cat-taka-akselin-puslat","7":"desktop-align-left","8":"tablet-align-left","9":"mobile-align-left","11":"first","12":"instock","13":"product-type-external"},"brands":[{"id":102,"name":"ASHIKA","slug":"ashika"}],"_links":{"self":[{"href":"https:\/\/www.autonvaraosahaku.fi\/index.php?rest_route=\/wp\/v2\/product\/22915","targetHints":{"allow":["GET"]}}],"collection":[{"href":"https:\/\/www.autonvaraosahaku.fi\/index.php?rest_route=\/wp\/v2\/product"}],"about":[{"href":"https:\/\/www.autonvaraosahaku.fi\/index.php?rest_route=\/wp\/v2\/types\/product"}],"wp:attachment":[{"href":"https:\/\/www.autonvaraosahaku.fi\/index.php?rest_route=%2Fwp%2Fv2%2Fmedia&parent=22915"}],"wp:term":[{"taxonomy":"pwb-brand","embeddable":true,"href":"https:\/\/www.autonvaraosahaku.fi\/index.php?rest_route=%2Fwp%2Fv2%2Fpwb-brand&post=22915"},{"taxonomy":"product_cat","embeddable":true,"href":"https:\/\/www.autonvaraosahaku.fi\/index.php?rest_route=%2Fwp%2Fv2%2Fproduct_cat&post=22915"},{"taxonomy":"product_tag","embeddable":true,"href":"https:\/\/www.autonvaraosahaku.fi\/index.php?rest_route=%2Fwp%2Fv2%2Fproduct_tag&post=22915"}],"curies":[{"name":"wp","href":"https:\/\/api.w.org\/{rel}","templated":true}]}}