{"id":22922,"date":"2021-02-21T14:48:55","date_gmt":"2021-02-21T14:48:55","guid":{"rendered":"https:\/\/www.autonvaraosahaku.fi\/?product=febest-bmab-011-tukivarren-hela"},"modified":"2021-02-21T14:48:56","modified_gmt":"2021-02-21T14:48:56","slug":"febest-bmab-011-tukivarren-hela","status":"publish","type":"product","link":"https:\/\/www.autonvaraosahaku.fi\/?product=febest-bmab-011-tukivarren-hela","title":{"rendered":"FEBEST BMAB-011 Tukivarren hela"},"content":{"rendered":"<p>Asennuspuoli: Akselin edess\u00e4, Sisempi, Taka-akseli, ala; Paino [kg]: 0,25; Pakkauspituus [cm]: 7,0; Pakkausleveys [cm]: 5,3; Pakkauskorkeus [mm]: 5,3; Valmistuspaiv\u00e4m\u00e4\u00e4r\u00e4\u00e4n: 199603; BMW: 5 E39,5 Touring E39,7 E38; 33326755471, 33326755472<\/p>\n","protected":false},"excerpt":{"rendered":"<p>FEBEST Tukivarren Hela BMAB-011  BMW,5 E39,5 Touring E39,7 E38<\/p>\n","protected":false},"featured_media":0,"template":"","meta":{"site-sidebar-layout":"default","site-content-layout":"default","ast-global-header-display":"","ast-main-header-display":"","ast-hfb-above-header-display":"","ast-hfb-below-header-display":"","ast-hfb-mobile-header-display":"","site-post-title":"","ast-breadcrumbs-content":"","ast-featured-img":"","footer-sml-layout":"","theme-transparent-header-meta":"","adv-header-id-meta":"","stick-header-meta":"","header-above-stick-meta":"","header-main-stick-meta":"","header-below-stick-meta":""},"pwb-brand":[152],"product_cat":[115],"product_tag":[],"class_list":{"0":"post-22922","1":"product","2":"type-product","3":"status-publish","5":"pwb-brand-febest","6":"product_cat-tukivarren-hela","7":"desktop-align-left","8":"tablet-align-left","9":"mobile-align-left","11":"first","12":"instock","13":"product-type-external"},"brands":[{"id":152,"name":"FEBEST","slug":"febest"}],"_links":{"self":[{"href":"https:\/\/www.autonvaraosahaku.fi\/index.php?rest_route=\/wp\/v2\/product\/22922","targetHints":{"allow":["GET"]}}],"collection":[{"href":"https:\/\/www.autonvaraosahaku.fi\/index.php?rest_route=\/wp\/v2\/product"}],"about":[{"href":"https:\/\/www.autonvaraosahaku.fi\/index.php?rest_route=\/wp\/v2\/types\/product"}],"wp:attachment":[{"href":"https:\/\/www.autonvaraosahaku.fi\/index.php?rest_route=%2Fwp%2Fv2%2Fmedia&parent=22922"}],"wp:term":[{"taxonomy":"pwb-brand","embeddable":true,"href":"https:\/\/www.autonvaraosahaku.fi\/index.php?rest_route=%2Fwp%2Fv2%2Fpwb-brand&post=22922"},{"taxonomy":"product_cat","embeddable":true,"href":"https:\/\/www.autonvaraosahaku.fi\/index.php?rest_route=%2Fwp%2Fv2%2Fproduct_cat&post=22922"},{"taxonomy":"product_tag","embeddable":true,"href":"https:\/\/www.autonvaraosahaku.fi\/index.php?rest_route=%2Fwp%2Fv2%2Fproduct_tag&post=22922"}],"curies":[{"name":"wp","href":"https:\/\/api.w.org\/{rel}","templated":true}]}}