{"id":22934,"date":"2021-02-21T14:48:55","date_gmt":"2021-02-21T14:48:55","guid":{"rendered":"https:\/\/www.autonvaraosahaku.fi\/?product=as-pl-are0041-laturin-jannitteensaadin"},"modified":"2021-02-21T14:48:57","modified_gmt":"2021-02-21T14:48:57","slug":"as-pl-are0041-laturin-jannitteensaadin","status":"publish","type":"product","link":"https:\/\/www.autonvaraosahaku.fi\/?product=as-pl-are0041-laturin-jannitteensaadin","title":{"rendered":"AS-PL ARE0041 Laturin j\u00e4nnitteens\u00e4\u00e4din"},"content":{"rendered":"<p>J\u00e4nnite (V): 12; Moottorinumero: B4184S3; VOLVO: V40 Kombi VW,V70 II SW,XC90 I,V70 I LV,S60 I,S80 I TS, XY,XC70 CROSS COUNTRY,S40 I VS,C70 I Cabriolet,C70 I Coupe,S70 LS; Laturin S\u00e4\u00e4din,J\u00e4nniteens\u00e4\u00e4din<\/p>\n","protected":false},"excerpt":{"rendered":"<p>AS-PL Laturin J\u00e4nnitteens\u00e4\u00e4din Brand new AS-PL Alternator A14N164 ARE0041 Laturin S\u00e4\u00e4din,J\u00e4nniteens\u00e4\u00e4din VOLVO,V40 Kombi VW,V70 II SW,XC90 I,V70 I LV<\/p>\n","protected":false},"featured_media":0,"template":"","meta":{"site-sidebar-layout":"default","site-content-layout":"default","ast-global-header-display":"","ast-main-header-display":"","ast-hfb-above-header-display":"","ast-hfb-below-header-display":"","ast-hfb-mobile-header-display":"","site-post-title":"","ast-breadcrumbs-content":"","ast-featured-img":"","footer-sml-layout":"","theme-transparent-header-meta":"","adv-header-id-meta":"","stick-header-meta":"","header-above-stick-meta":"","header-main-stick-meta":"","header-below-stick-meta":""},"pwb-brand":[347],"product_cat":[420],"product_tag":[],"class_list":{"0":"post-22934","1":"product","2":"type-product","3":"status-publish","5":"pwb-brand-as-pl","6":"product_cat-laturin-jannitteensaadin","7":"desktop-align-left","8":"tablet-align-left","9":"mobile-align-left","11":"first","12":"instock","13":"product-type-external"},"brands":[{"id":347,"name":"AS-PL","slug":"as-pl"}],"_links":{"self":[{"href":"https:\/\/www.autonvaraosahaku.fi\/index.php?rest_route=\/wp\/v2\/product\/22934","targetHints":{"allow":["GET"]}}],"collection":[{"href":"https:\/\/www.autonvaraosahaku.fi\/index.php?rest_route=\/wp\/v2\/product"}],"about":[{"href":"https:\/\/www.autonvaraosahaku.fi\/index.php?rest_route=\/wp\/v2\/types\/product"}],"wp:attachment":[{"href":"https:\/\/www.autonvaraosahaku.fi\/index.php?rest_route=%2Fwp%2Fv2%2Fmedia&parent=22934"}],"wp:term":[{"taxonomy":"pwb-brand","embeddable":true,"href":"https:\/\/www.autonvaraosahaku.fi\/index.php?rest_route=%2Fwp%2Fv2%2Fpwb-brand&post=22934"},{"taxonomy":"product_cat","embeddable":true,"href":"https:\/\/www.autonvaraosahaku.fi\/index.php?rest_route=%2Fwp%2Fv2%2Fproduct_cat&post=22934"},{"taxonomy":"product_tag","embeddable":true,"href":"https:\/\/www.autonvaraosahaku.fi\/index.php?rest_route=%2Fwp%2Fv2%2Fproduct_tag&post=22934"}],"curies":[{"name":"wp","href":"https:\/\/api.w.org\/{rel}","templated":true}]}}