{"id":22953,"date":"2021-02-21T14:48:59","date_gmt":"2021-02-21T14:48:59","guid":{"rendered":"https:\/\/www.autonvaraosahaku.fi\/?product=ridex-13d0286-vetoakseli"},"modified":"2021-02-21T14:49:01","modified_gmt":"2021-02-21T14:49:01","slug":"ridex-13d0286-vetoakseli","status":"publish","type":"product","link":"https:\/\/www.autonvaraosahaku.fi\/?product=ridex-13d0286-vetoakseli","title":{"rendered":"RIDEX 13D0286 Vetoakseli"},"content":{"rendered":"<p>Ulkohammastus, py\u00f6r\u00e4npuoli: 30; Pituus (mm): 518; Tiivisteen l\u00e4pimitta [mm]: 64; Nivelen l\u00e4pimitta py\u00f6r\u00e4puoli [mm]: 100; Nivelen l\u00e4pimitta vaihteistopuoli [mm]: 112; Kierremitta: M24x1.5; Reik\u00e4-\u00d8 [mm]: 10.2; Reikien m\u00e4\u00e4r\u00e4: 6; Reik\u00e4ympyr\u00e4-\u00d8 [mm]: 96; Vaihto-osa: ; Valmistusvuoteen: 12\/2006; VW: TOUAREG 7LA, 7L6, 7L7; AUDI: Q7 4L; PORSCHE: CAYENNE 955; 7L0407271, 7L0407271A, 7L0407271B, 7L0407271C, 7L0407271D, 7L0407271E, 7L0407271EX, 7L0407271F, 7L8407271, 95534903810, 95534903811, 95534903812, 7L0407271, 7L0407271A, 7L0407271B, 7L0407271C, 7L0407271D, 7L0407271E, 7L0407271EX, 7L0407271F, 7L8407271, 7L0407271, 7L0407271A, 7L0407271B, 7L0407271C, 7L0407271D, 7L0407271E, 7L0407271EX, 7L0407271F, 7L8407271, 7L0407271, 7L0407271A, 7L0407271B, 7L0407271C, 7L0407271D, 7L0407271E, 7L0407271EX, 7L0407271F, 7L0407271FX, 7L8407271<\/p>\n","protected":false},"excerpt":{"rendered":"<p>RIDEX Vetoakseli 13D0286  VW,AUDI,PORSCHE,TOUAREG 7LA, 7L6, 7L7,Q7 4L,CAYENNE 955<\/p>\n","protected":false},"featured_media":0,"template":"","meta":{"site-sidebar-layout":"default","site-content-layout":"default","ast-global-header-display":"","ast-main-header-display":"","ast-hfb-above-header-display":"","ast-hfb-below-header-display":"","ast-hfb-mobile-header-display":"","site-post-title":"","ast-breadcrumbs-content":"","ast-featured-img":"","footer-sml-layout":"","theme-transparent-header-meta":"","adv-header-id-meta":"","stick-header-meta":"","header-above-stick-meta":"","header-main-stick-meta":"","header-below-stick-meta":""},"pwb-brand":[157],"product_cat":[215],"product_tag":[],"class_list":{"0":"post-22953","1":"product","2":"type-product","3":"status-publish","5":"pwb-brand-ridex","6":"product_cat-vetoakseli","7":"desktop-align-left","8":"tablet-align-left","9":"mobile-align-left","11":"first","12":"instock","13":"product-type-external"},"brands":[{"id":157,"name":"RIDEX","slug":"ridex"}],"_links":{"self":[{"href":"https:\/\/www.autonvaraosahaku.fi\/index.php?rest_route=\/wp\/v2\/product\/22953","targetHints":{"allow":["GET"]}}],"collection":[{"href":"https:\/\/www.autonvaraosahaku.fi\/index.php?rest_route=\/wp\/v2\/product"}],"about":[{"href":"https:\/\/www.autonvaraosahaku.fi\/index.php?rest_route=\/wp\/v2\/types\/product"}],"wp:attachment":[{"href":"https:\/\/www.autonvaraosahaku.fi\/index.php?rest_route=%2Fwp%2Fv2%2Fmedia&parent=22953"}],"wp:term":[{"taxonomy":"pwb-brand","embeddable":true,"href":"https:\/\/www.autonvaraosahaku.fi\/index.php?rest_route=%2Fwp%2Fv2%2Fpwb-brand&post=22953"},{"taxonomy":"product_cat","embeddable":true,"href":"https:\/\/www.autonvaraosahaku.fi\/index.php?rest_route=%2Fwp%2Fv2%2Fproduct_cat&post=22953"},{"taxonomy":"product_tag","embeddable":true,"href":"https:\/\/www.autonvaraosahaku.fi\/index.php?rest_route=%2Fwp%2Fv2%2Fproduct_tag&post=22953"}],"curies":[{"name":"wp","href":"https:\/\/api.w.org\/{rel}","templated":true}]}}