{"id":22974,"date":"2021-02-21T14:49:03","date_gmt":"2021-02-21T14:49:03","guid":{"rendered":"https:\/\/www.autonvaraosahaku.fi\/?product=ridex-273c0695-alatukivarsi"},"modified":"2021-02-21T14:49:06","modified_gmt":"2021-02-21T14:49:06","slug":"ridex-273c0695-alatukivarsi","status":"publish","type":"product","link":"https:\/\/www.autonvaraosahaku.fi\/?product=ridex-273c0695-alatukivarsi","title":{"rendered":"RIDEX 273C0695 Alatukivarsi"},"content":{"rendered":"<p>Asennuspuoli: Etuakseli, Oikea; Ohjausmalli: Poikittaistukivarsi; Materiaali: Ter\u00e4svalu; Kartiomitta (mm): 17; Organisaationumerosta: 10824; LANCIA: PHEDRA 179; FIAT: ULYSSE 179AX; CITRO\u00cbN: C8 EA_, EB_; PEUGEOT: 807 E; 1607510780, 3521P6, 3521S7, 3521T2, 1356061080, 1359399080, 1363096080, 1368629080, 1356061080, 1359399080, 1363096080, 1368629080, 1607510780, 3521P6, 3521S7, 3521T2; Tukivarsi,Tukivarsi, Py\u00f6r\u00e4ntuenta<\/p>\n","protected":false},"excerpt":{"rendered":"<p>RIDEX Alatukivarsi 273C0695 Tukivarsi,Tukivarsi, Py\u00f6r\u00e4ntuenta LANCIA,FIAT,CITRO\u00cbN,PHEDRA 179,ULYSSE 179AX,C8 EA_, EB_,807 E<\/p>\n","protected":false},"featured_media":0,"template":"","meta":{"site-sidebar-layout":"default","site-content-layout":"default","ast-global-header-display":"","ast-main-header-display":"","ast-hfb-above-header-display":"","ast-hfb-below-header-display":"","ast-hfb-mobile-header-display":"","site-post-title":"","ast-breadcrumbs-content":"","ast-featured-img":"","footer-sml-layout":"","theme-transparent-header-meta":"","adv-header-id-meta":"","stick-header-meta":"","header-above-stick-meta":"","header-main-stick-meta":"","header-below-stick-meta":""},"pwb-brand":[157],"product_cat":[62],"product_tag":[],"class_list":{"0":"post-22974","1":"product","2":"type-product","3":"status-publish","5":"pwb-brand-ridex","6":"product_cat-alatukivarsi","7":"desktop-align-left","8":"tablet-align-left","9":"mobile-align-left","11":"first","12":"instock","13":"product-type-external"},"brands":[{"id":157,"name":"RIDEX","slug":"ridex"}],"_links":{"self":[{"href":"https:\/\/www.autonvaraosahaku.fi\/index.php?rest_route=\/wp\/v2\/product\/22974","targetHints":{"allow":["GET"]}}],"collection":[{"href":"https:\/\/www.autonvaraosahaku.fi\/index.php?rest_route=\/wp\/v2\/product"}],"about":[{"href":"https:\/\/www.autonvaraosahaku.fi\/index.php?rest_route=\/wp\/v2\/types\/product"}],"wp:attachment":[{"href":"https:\/\/www.autonvaraosahaku.fi\/index.php?rest_route=%2Fwp%2Fv2%2Fmedia&parent=22974"}],"wp:term":[{"taxonomy":"pwb-brand","embeddable":true,"href":"https:\/\/www.autonvaraosahaku.fi\/index.php?rest_route=%2Fwp%2Fv2%2Fpwb-brand&post=22974"},{"taxonomy":"product_cat","embeddable":true,"href":"https:\/\/www.autonvaraosahaku.fi\/index.php?rest_route=%2Fwp%2Fv2%2Fproduct_cat&post=22974"},{"taxonomy":"product_tag","embeddable":true,"href":"https:\/\/www.autonvaraosahaku.fi\/index.php?rest_route=%2Fwp%2Fv2%2Fproduct_tag&post=22974"}],"curies":[{"name":"wp","href":"https:\/\/api.w.org\/{rel}","templated":true}]}}