{"id":23017,"date":"2021-02-21T14:49:12","date_gmt":"2021-02-21T14:49:12","guid":{"rendered":"https:\/\/www.autonvaraosahaku.fi\/?product=dakatec-40040w-pissapojan-pumppu"},"modified":"2021-02-21T14:49:14","modified_gmt":"2021-02-21T14:49:14","slug":"dakatec-40040w-pissapojan-pumppu","status":"publish","type":"product","link":"https:\/\/www.autonvaraosahaku.fi\/?product=dakatec-40040w-pissapojan-pumppu","title":{"rendered":"DAKAtec 40040W Pissapojan pumppu"},"content":{"rendered":"<p>Varusteet: Autoihin, joissa ajovalopesuri; K\u00e4ytt\u00f6: S\u00e4hk\u00f6inen; J\u00e4nnite (V): 12; Paino [g]: 100; MERCEDES-BENZ: 190 W201,Stufenheck W124,SL R129,SL R107,Stufenheck W123,S-CLASS W126,KOMBI Kombi S124,E-CLASS W124,COUPE C124,S-CLASS W140,E-CLASS Kombi S124,COUPE C123,S-CLASS Coupe C126,SL Coupe C107,E-CLASS Coupe C124,S-CLASS Coupe C140; 1238690021, 1238690121, 1248690021, 1248690121, 1248690221, 1248690321, 1248690421, 1248690521, 1248690621, 1298690021; Pesurin Pumppu,Lasinpesurin Pumppu,Pesunestepumppu, Lasinpesu<\/p>\n","protected":false},"excerpt":{"rendered":"<p>DAKAtec Pissapojan Pumppu 40040W Pesurin Pumppu,Lasinpesurin Pumppu MERCEDES-BENZ,190 W201,Stufenheck W124,SL R129,SL R107,Stufenheck W123<\/p>\n","protected":false},"featured_media":0,"template":"","meta":{"site-sidebar-layout":"default","site-content-layout":"default","ast-global-header-display":"","ast-main-header-display":"","ast-hfb-above-header-display":"","ast-hfb-below-header-display":"","ast-hfb-mobile-header-display":"","site-post-title":"","ast-breadcrumbs-content":"","ast-featured-img":"","footer-sml-layout":"","theme-transparent-header-meta":"","adv-header-id-meta":"","stick-header-meta":"","header-above-stick-meta":"","header-main-stick-meta":"","header-below-stick-meta":""},"pwb-brand":[283],"product_cat":[182],"product_tag":[],"class_list":{"0":"post-23017","1":"product","2":"type-product","3":"status-publish","5":"pwb-brand-dakatec","6":"product_cat-pissapojan-pumppu","7":"desktop-align-left","8":"tablet-align-left","9":"mobile-align-left","11":"first","12":"instock","13":"product-type-external"},"brands":[{"id":283,"name":"DAKAtec","slug":"dakatec"}],"_links":{"self":[{"href":"https:\/\/www.autonvaraosahaku.fi\/index.php?rest_route=\/wp\/v2\/product\/23017","targetHints":{"allow":["GET"]}}],"collection":[{"href":"https:\/\/www.autonvaraosahaku.fi\/index.php?rest_route=\/wp\/v2\/product"}],"about":[{"href":"https:\/\/www.autonvaraosahaku.fi\/index.php?rest_route=\/wp\/v2\/types\/product"}],"wp:attachment":[{"href":"https:\/\/www.autonvaraosahaku.fi\/index.php?rest_route=%2Fwp%2Fv2%2Fmedia&parent=23017"}],"wp:term":[{"taxonomy":"pwb-brand","embeddable":true,"href":"https:\/\/www.autonvaraosahaku.fi\/index.php?rest_route=%2Fwp%2Fv2%2Fpwb-brand&post=23017"},{"taxonomy":"product_cat","embeddable":true,"href":"https:\/\/www.autonvaraosahaku.fi\/index.php?rest_route=%2Fwp%2Fv2%2Fproduct_cat&post=23017"},{"taxonomy":"product_tag","embeddable":true,"href":"https:\/\/www.autonvaraosahaku.fi\/index.php?rest_route=%2Fwp%2Fv2%2Fproduct_tag&post=23017"}],"curies":[{"name":"wp","href":"https:\/\/api.w.org\/{rel}","templated":true}]}}