{"id":23065,"date":"2021-02-21T14:49:24","date_gmt":"2021-02-21T14:49:24","guid":{"rendered":"https:\/\/www.autonvaraosahaku.fi\/?product=esen-skv-23skv993-jarrusatula"},"modified":"2021-02-21T14:49:25","modified_gmt":"2021-02-21T14:49:25","slug":"esen-skv-23skv993-jarrusatula","status":"publish","type":"product","link":"https:\/\/www.autonvaraosahaku.fi\/?product=esen-skv-23skv993-jarrusatula","title":{"rendered":"ESEN SKV 23SKV993 Jarrusatula"},"content":{"rendered":"<p>Asennuspuoli: Taka-akseli, vasen; Paino [kg]: 3,38; Jarrusatulatyyppi: Jarrusatula (1-m\u00e4nt\u00e4); Jarrulevyn paksuus (mm): 12; Jarruj\u00e4rjestelm\u00e4: BREMBO; parilliset tuotenumerot: 23SKV994; Jarrusatulam\u00e4nt\u00e4l\u00e4pimitta [mm]: 48; Valmistusvuoteen: 01\/2015; NISSAN: NV400 Kasten,NV400 Bus,NV400 Pritsche\/Fahrgestell; OPEL: MOVANO B Kasten,MOVANO B Bus,MOVANO B Pritsche\/Fahrgestell; RENAULT: MASTER III Kasten FV,MASTER III Bus JV,MASTER III Pritsche\/Fahrgestell EV, HV, UV; VAUXHALL: MOVANO Mk II B VAN,MOVANO Mk II B Chassis\/Cab; 4401100Q0C, 4420056, 93167652, 440111516R, 440118711R<\/p>\n","protected":false},"excerpt":{"rendered":"<p>ESEN SKV Jarrusatula 23SKV993  NISSAN,OPEL,RENAULT,NV400 Kasten,NV400 Bus,NV400 Pritsche\/Fahrgestell,MOVANO B Kasten,MOVANO B Bus<\/p>\n","protected":false},"featured_media":0,"template":"","meta":{"site-sidebar-layout":"default","site-content-layout":"default","ast-global-header-display":"","ast-main-header-display":"","ast-hfb-above-header-display":"","ast-hfb-below-header-display":"","ast-hfb-mobile-header-display":"","site-post-title":"","ast-breadcrumbs-content":"","ast-featured-img":"","footer-sml-layout":"","theme-transparent-header-meta":"","adv-header-id-meta":"","stick-header-meta":"","header-above-stick-meta":"","header-main-stick-meta":"","header-below-stick-meta":""},"pwb-brand":[384],"product_cat":[177],"product_tag":[],"class_list":{"0":"post-23065","1":"product","2":"type-product","3":"status-publish","5":"pwb-brand-esen-skv","6":"product_cat-jarrusatula","7":"desktop-align-left","8":"tablet-align-left","9":"mobile-align-left","11":"first","12":"instock","13":"product-type-external"},"brands":[{"id":384,"name":"ESEN SKV","slug":"esen-skv"}],"_links":{"self":[{"href":"https:\/\/www.autonvaraosahaku.fi\/index.php?rest_route=\/wp\/v2\/product\/23065","targetHints":{"allow":["GET"]}}],"collection":[{"href":"https:\/\/www.autonvaraosahaku.fi\/index.php?rest_route=\/wp\/v2\/product"}],"about":[{"href":"https:\/\/www.autonvaraosahaku.fi\/index.php?rest_route=\/wp\/v2\/types\/product"}],"wp:attachment":[{"href":"https:\/\/www.autonvaraosahaku.fi\/index.php?rest_route=%2Fwp%2Fv2%2Fmedia&parent=23065"}],"wp:term":[{"taxonomy":"pwb-brand","embeddable":true,"href":"https:\/\/www.autonvaraosahaku.fi\/index.php?rest_route=%2Fwp%2Fv2%2Fpwb-brand&post=23065"},{"taxonomy":"product_cat","embeddable":true,"href":"https:\/\/www.autonvaraosahaku.fi\/index.php?rest_route=%2Fwp%2Fv2%2Fproduct_cat&post=23065"},{"taxonomy":"product_tag","embeddable":true,"href":"https:\/\/www.autonvaraosahaku.fi\/index.php?rest_route=%2Fwp%2Fv2%2Fproduct_tag&post=23065"}],"curies":[{"name":"wp","href":"https:\/\/api.w.org\/{rel}","templated":true}]}}