{"id":23073,"date":"2021-02-21T14:49:24","date_gmt":"2021-02-21T14:49:24","guid":{"rendered":"https:\/\/www.autonvaraosahaku.fi\/?product=pierburg-7-07223-02-0-vesipumppu"},"modified":"2021-02-21T14:49:26","modified_gmt":"2021-02-21T14:49:26","slug":"pierburg-7-07223-02-0-vesipumppu","status":"publish","type":"product","link":"https:\/\/www.autonvaraosahaku.fi\/?product=pierburg-7-07223-02-0-vesipumppu","title":{"rendered":"PIERBURG 7.07223.02.0 Vesipumppu"},"content":{"rendered":"<p>K\u00e4ytt\u00f6: S\u00e4hk\u00f6inen; J\u00e4nnite (V): 12,5; L\u00e4pimitta 1 [mm]: 40; L\u00e4pimitta 2 [mm]: 40; Korvaava tuote\/korvaava tiedote 2: Kiinnitysmateriaalilla; Teknisten tietojen numero: PI 1943; TECDOC-moottorinumero: 24624; BMW: 3 Touring E91,3 E90,5 Touring F11,5 F10, F18,X5 E70,X3 F25,3 Coupe E92,3 Cabriolet E93,1 Cabriolet E88,7 F01, F02, F03, F04,1 Coupe E82,Z4 E89,5 Gran Turismo F07,X6 E71, E72,6 Gran Coupe F06,6 Coupe F13,6 Cabriolet F12,X4 F26; 11515A05704, 11517563659, 11517568594, 11517588885, 11517632426, 11519455978, 5A05704, 7563659, 7568594, 7588885, 7632426, 9455978<\/p>\n","protected":false},"excerpt":{"rendered":"<p>PIERBURG Vesipumppu 7.07223.02.0  BMW,3 Touring E91,3 E90,5 Touring F11,5 F10, F18,X5 E70,X3 F25,3 Coupe E92,3 Cabriolet E93,1 Cabriolet E88<\/p>\n","protected":false},"featured_media":0,"template":"","meta":{"site-sidebar-layout":"default","site-content-layout":"default","ast-global-header-display":"","ast-main-header-display":"","ast-hfb-above-header-display":"","ast-hfb-below-header-display":"","ast-hfb-mobile-header-display":"","site-post-title":"","ast-breadcrumbs-content":"","ast-featured-img":"","footer-sml-layout":"","theme-transparent-header-meta":"","adv-header-id-meta":"","stick-header-meta":"","header-above-stick-meta":"","header-main-stick-meta":"","header-below-stick-meta":""},"pwb-brand":[380],"product_cat":[279],"product_tag":[],"class_list":{"0":"post-23073","1":"product","2":"type-product","3":"status-publish","5":"pwb-brand-pierburg","6":"product_cat-vesipumppu","7":"desktop-align-left","8":"tablet-align-left","9":"mobile-align-left","11":"first","12":"instock","13":"product-type-external"},"brands":[{"id":380,"name":"PIERBURG","slug":"pierburg"}],"_links":{"self":[{"href":"https:\/\/www.autonvaraosahaku.fi\/index.php?rest_route=\/wp\/v2\/product\/23073","targetHints":{"allow":["GET"]}}],"collection":[{"href":"https:\/\/www.autonvaraosahaku.fi\/index.php?rest_route=\/wp\/v2\/product"}],"about":[{"href":"https:\/\/www.autonvaraosahaku.fi\/index.php?rest_route=\/wp\/v2\/types\/product"}],"wp:attachment":[{"href":"https:\/\/www.autonvaraosahaku.fi\/index.php?rest_route=%2Fwp%2Fv2%2Fmedia&parent=23073"}],"wp:term":[{"taxonomy":"pwb-brand","embeddable":true,"href":"https:\/\/www.autonvaraosahaku.fi\/index.php?rest_route=%2Fwp%2Fv2%2Fpwb-brand&post=23073"},{"taxonomy":"product_cat","embeddable":true,"href":"https:\/\/www.autonvaraosahaku.fi\/index.php?rest_route=%2Fwp%2Fv2%2Fproduct_cat&post=23073"},{"taxonomy":"product_tag","embeddable":true,"href":"https:\/\/www.autonvaraosahaku.fi\/index.php?rest_route=%2Fwp%2Fv2%2Fproduct_tag&post=23073"}],"curies":[{"name":"wp","href":"https:\/\/api.w.org\/{rel}","templated":true}]}}