{"id":23104,"date":"2021-02-21T14:49:31","date_gmt":"2021-02-21T14:49:31","guid":{"rendered":"https:\/\/www.autonvaraosahaku.fi\/?product=hjs-83-00-8413-pakoputken-jousto"},"modified":"2021-02-21T14:49:32","modified_gmt":"2021-02-21T14:49:32","slug":"hjs-83-00-8413-pakoputken-jousto","status":"publish","type":"product","link":"https:\/\/www.autonvaraosahaku.fi\/?product=hjs-83-00-8413-pakoputken-jousto","title":{"rendered":"HJS 83 00 8413 Pakoputken jousto"},"content":{"rendered":"<p>Putkiliitokset: Taipuva; Erittely: Repair Flex; Pakoputkisto: etu\u00e4\u00e4nenvaimentajalle; Asennuspuoli: Pakoputkesta vaimentimeen, Imu; Putki-\u00d8 (mm): 45; VW: POLO 9N_,POLO 6R, 6C,FOX 5Z1, 5Z3; SKODA: FABIA Combi 6Y5,FABIA,FABIA 6Y2,FABIA Combi,ROOMSTER 5J,FABIA Stufenheck 6Y3,ROOMSTER Praktik 5J,FABIA Praktik; SEAT: IBIZA IV 6L1,IBIZA V 6J5, 6P5,IBIZA V ST 6J8, 6P8,IBIZA V SPORTCOUPE 6J1, 6P1,CORDOBA 6L2; 5Z0253059CM, 5Z0253059F, 5Z0253059H, 6Q0253091AA, 6Q0253091S, 6Q0254501L, 6R0253059CJ, 6R0253091, 5Z0253059CM, 5Z0253059F, 5Z0253059H, 6Q0253091AA, 6Q0253091S, 6Q0254501L, 6R0253059CJ, 6R0253091, 5Z0253059CM, 5Z0253059F, 5Z0253059H, 6Q0253091AA, 6Q0253091S, 6Q0254501L, 6R0253059CJ, 6R0253091; Joustoputki,Joustava Liitosputki,Joustoputki, Pakoputkisto<\/p>\n","protected":false},"excerpt":{"rendered":"<p>HJS Pakoputken Jousto 83 00 8413 Joustoputki,Joustava Liitosputki VW,SKODA,SEAT,POLO 9N_,POLO 6R, 6C,FOX 5Z1, 5Z3,FABIA Combi 6Y5,FABIA,FABIA 6Y2<\/p>\n","protected":false},"featured_media":0,"template":"","meta":{"site-sidebar-layout":"default","site-content-layout":"default","ast-global-header-display":"","ast-main-header-display":"","ast-hfb-above-header-display":"","ast-hfb-below-header-display":"","ast-hfb-mobile-header-display":"","site-post-title":"","ast-breadcrumbs-content":"","ast-featured-img":"","footer-sml-layout":"","theme-transparent-header-meta":"","adv-header-id-meta":"","stick-header-meta":"","header-above-stick-meta":"","header-main-stick-meta":"","header-below-stick-meta":""},"pwb-brand":[344],"product_cat":[17],"product_tag":[],"class_list":{"0":"post-23104","1":"product","2":"type-product","3":"status-publish","5":"pwb-brand-hjs","6":"product_cat-pakoputken-jousto","7":"desktop-align-left","8":"tablet-align-left","9":"mobile-align-left","11":"first","12":"instock","13":"product-type-external"},"brands":[{"id":344,"name":"HJS","slug":"hjs"}],"_links":{"self":[{"href":"https:\/\/www.autonvaraosahaku.fi\/index.php?rest_route=\/wp\/v2\/product\/23104","targetHints":{"allow":["GET"]}}],"collection":[{"href":"https:\/\/www.autonvaraosahaku.fi\/index.php?rest_route=\/wp\/v2\/product"}],"about":[{"href":"https:\/\/www.autonvaraosahaku.fi\/index.php?rest_route=\/wp\/v2\/types\/product"}],"wp:attachment":[{"href":"https:\/\/www.autonvaraosahaku.fi\/index.php?rest_route=%2Fwp%2Fv2%2Fmedia&parent=23104"}],"wp:term":[{"taxonomy":"pwb-brand","embeddable":true,"href":"https:\/\/www.autonvaraosahaku.fi\/index.php?rest_route=%2Fwp%2Fv2%2Fpwb-brand&post=23104"},{"taxonomy":"product_cat","embeddable":true,"href":"https:\/\/www.autonvaraosahaku.fi\/index.php?rest_route=%2Fwp%2Fv2%2Fproduct_cat&post=23104"},{"taxonomy":"product_tag","embeddable":true,"href":"https:\/\/www.autonvaraosahaku.fi\/index.php?rest_route=%2Fwp%2Fv2%2Fproduct_tag&post=23104"}],"curies":[{"name":"wp","href":"https:\/\/api.w.org\/{rel}","templated":true}]}}