{"id":23108,"date":"2021-02-21T14:49:31","date_gmt":"2021-02-21T14:49:31","guid":{"rendered":"https:\/\/www.autonvaraosahaku.fi\/?product=era-770029a-polttoainepumppu"},"modified":"2021-02-21T14:49:33","modified_gmt":"2021-02-21T14:49:33","slug":"era-770029a-polttoainepumppu","status":"publish","type":"product","link":"https:\/\/www.autonvaraosahaku.fi\/?product=era-770029a-polttoainepumppu","title":{"rendered":"ERA 770029A Polttoainepumppu"},"content":{"rendered":"<p>Paino [kg]: 0,595; Paine (bar): 5; K\u00e4ytt\u00f6: S\u00e4hk\u00f6inen; Liittimi\u00e4: 2; Siirtom\u00e4\u00e4r\u00e4 (l\/h): 120; AUDI: 80 89, 89Q, 8A, B3,80 Avant 8C, B4,A6 Avant 4A, C4; HYUNDAI: SONATA IV EF; MERCEDES-BENZ: C-CLASS W202,SLK R170,E-CLASS W210,E-CLASS Kombi S210,CLK C208,SL R129,C-CLASS Kombi S202,S-CLASS W220,E-CLASS W124,G-CLASS W463,CLK Cabriolet A208,S-CLASS W140,E-CLASS Kombi S124,G-CLASS W461,S-CLASS Coupe C215,E-CLASS Cabriolet A124,E-CLASS Coupe C124,S-CLASS Coupe C140,G-CLASS Cabrio W463; CITRO\u00cbN: 2 CV,BX XB-_; RENAULT: MEGANE I BA0\/1_,MEGANE I Cabriolet EA0\/1_,CLIO I B\/C57_, 5\/357_,RAPID Kasten F40_, G40_,ESPACE I J11_,FUEGO 136_; PORSCHE: 911 993,911 Cabriolet 993; 0004705994, 0004706094, 0004706794, 0004707894, 0004709594, 0004780001, 2024709994, A0004705994, A0004706094, A0004706794, A0004707894, A0004709594, A0004780001, A2024709994<\/p>\n","protected":false},"excerpt":{"rendered":"<p>ERA Polttoainepumppu 770029A  AUDI,HYUNDAI,MERCEDES-BENZ,80 89, 89Q, 8A, B3,80 Avant 8C, B4,A6 Avant 4A, C4,SONATA IV EF,C-CLASS W202,SLK R170<\/p>\n","protected":false},"featured_media":0,"template":"","meta":{"site-sidebar-layout":"default","site-content-layout":"default","ast-global-header-display":"","ast-main-header-display":"","ast-hfb-above-header-display":"","ast-hfb-below-header-display":"","ast-hfb-mobile-header-display":"","site-post-title":"","ast-breadcrumbs-content":"","ast-featured-img":"","footer-sml-layout":"","theme-transparent-header-meta":"","adv-header-id-meta":"","stick-header-meta":"","header-above-stick-meta":"","header-main-stick-meta":"","header-below-stick-meta":""},"pwb-brand":[64],"product_cat":[73],"product_tag":[],"class_list":{"0":"post-23108","1":"product","2":"type-product","3":"status-publish","5":"pwb-brand-era","6":"product_cat-polttoainepumppu","7":"desktop-align-left","8":"tablet-align-left","9":"mobile-align-left","11":"first","12":"instock","13":"product-type-external"},"brands":[{"id":64,"name":"ERA","slug":"era"}],"_links":{"self":[{"href":"https:\/\/www.autonvaraosahaku.fi\/index.php?rest_route=\/wp\/v2\/product\/23108","targetHints":{"allow":["GET"]}}],"collection":[{"href":"https:\/\/www.autonvaraosahaku.fi\/index.php?rest_route=\/wp\/v2\/product"}],"about":[{"href":"https:\/\/www.autonvaraosahaku.fi\/index.php?rest_route=\/wp\/v2\/types\/product"}],"wp:attachment":[{"href":"https:\/\/www.autonvaraosahaku.fi\/index.php?rest_route=%2Fwp%2Fv2%2Fmedia&parent=23108"}],"wp:term":[{"taxonomy":"pwb-brand","embeddable":true,"href":"https:\/\/www.autonvaraosahaku.fi\/index.php?rest_route=%2Fwp%2Fv2%2Fpwb-brand&post=23108"},{"taxonomy":"product_cat","embeddable":true,"href":"https:\/\/www.autonvaraosahaku.fi\/index.php?rest_route=%2Fwp%2Fv2%2Fproduct_cat&post=23108"},{"taxonomy":"product_tag","embeddable":true,"href":"https:\/\/www.autonvaraosahaku.fi\/index.php?rest_route=%2Fwp%2Fv2%2Fproduct_tag&post=23108"}],"curies":[{"name":"wp","href":"https:\/\/api.w.org\/{rel}","templated":true}]}}