{"id":23117,"date":"2021-02-21T14:49:31","date_gmt":"2021-02-21T14:49:31","guid":{"rendered":"https:\/\/www.autonvaraosahaku.fi\/?product=maxgear-69-0905-hammastangon-suojakumi"},"modified":"2021-02-21T14:49:34","modified_gmt":"2021-02-21T14:49:34","slug":"maxgear-69-0905-hammastangon-suojakumi","status":"publish","type":"product","link":"https:\/\/www.autonvaraosahaku.fi\/?product=maxgear-69-0905-hammastangon-suojakumi","title":{"rendered":"MAXGEAR 69-0905 Hammastangon suojakumi"},"content":{"rendered":"<p>Asennuspuoli: Vasen; Vasen \/ oikea liikenne: Ohjaus vasemmalla; Valmistaja rajaus: KOYO-SMI; Sis\u00e4l\u00e4pimitta 1 [mm]: 21; Sis\u00e4l\u00e4pimitta 2 [mm]: 54; Korkeus (mm): 205; Paljekumin materiaali: Thermoplast; TECDOC-moottorinumero: 15349; AUDI: A4 Avant 8ED, B7,A4 Avant 8E5, B6,A4 8E2, B6,A4 8EC, B7; 8E0419831A; Paljekumi, Ohjaus<\/p>\n","protected":false},"excerpt":{"rendered":"<p>MAXGEAR Hammastangon Suojakumi 69-0905 Paljekumi, Ohjaus AUDI,A4 Avant 8ED, B7,A4 Avant 8E5, B6,A4 8E2, B6,A4 8EC, B7<\/p>\n","protected":false},"featured_media":0,"template":"","meta":{"site-sidebar-layout":"default","site-content-layout":"default","ast-global-header-display":"","ast-main-header-display":"","ast-hfb-above-header-display":"","ast-hfb-below-header-display":"","ast-hfb-mobile-header-display":"","site-post-title":"","ast-breadcrumbs-content":"","ast-featured-img":"","footer-sml-layout":"","theme-transparent-header-meta":"","adv-header-id-meta":"","stick-header-meta":"","header-above-stick-meta":"","header-main-stick-meta":"","header-below-stick-meta":""},"pwb-brand":[48],"product_cat":[81],"product_tag":[],"class_list":{"0":"post-23117","1":"product","2":"type-product","3":"status-publish","5":"pwb-brand-maxgear","6":"product_cat-hammastangon-suojakumi","7":"desktop-align-left","8":"tablet-align-left","9":"mobile-align-left","11":"first","12":"instock","13":"product-type-external"},"brands":[{"id":48,"name":"MAXGEAR","slug":"maxgear"}],"_links":{"self":[{"href":"https:\/\/www.autonvaraosahaku.fi\/index.php?rest_route=\/wp\/v2\/product\/23117","targetHints":{"allow":["GET"]}}],"collection":[{"href":"https:\/\/www.autonvaraosahaku.fi\/index.php?rest_route=\/wp\/v2\/product"}],"about":[{"href":"https:\/\/www.autonvaraosahaku.fi\/index.php?rest_route=\/wp\/v2\/types\/product"}],"wp:attachment":[{"href":"https:\/\/www.autonvaraosahaku.fi\/index.php?rest_route=%2Fwp%2Fv2%2Fmedia&parent=23117"}],"wp:term":[{"taxonomy":"pwb-brand","embeddable":true,"href":"https:\/\/www.autonvaraosahaku.fi\/index.php?rest_route=%2Fwp%2Fv2%2Fpwb-brand&post=23117"},{"taxonomy":"product_cat","embeddable":true,"href":"https:\/\/www.autonvaraosahaku.fi\/index.php?rest_route=%2Fwp%2Fv2%2Fproduct_cat&post=23117"},{"taxonomy":"product_tag","embeddable":true,"href":"https:\/\/www.autonvaraosahaku.fi\/index.php?rest_route=%2Fwp%2Fv2%2Fproduct_tag&post=23117"}],"curies":[{"name":"wp","href":"https:\/\/api.w.org\/{rel}","templated":true}]}}