{"id":23127,"date":"2021-02-21T14:49:35","date_gmt":"2021-02-21T14:49:35","guid":{"rendered":"https:\/\/www.autonvaraosahaku.fi\/?product=ridex-999w0002-muut-luokat"},"modified":"2021-02-21T14:49:37","modified_gmt":"2021-02-21T14:49:37","slug":"ridex-999w0002-muut-luokat","status":"publish","type":"product","link":"https:\/\/www.autonvaraosahaku.fi\/?product=ridex-999w0002-muut-luokat","title":{"rendered":"RIDEX 999W0002 Muut luokat"},"content":{"rendered":"<p>K\u00e4ytt\u00f6: S\u00e4hk\u00f6inen; Alustanumerosta: 70..Y..000 002; VW: GOLF IV 1J1,GOLF V 1K1,POLO 9N_,PASSAT Variant 3B6,TRANSPORTER IV Bus 70XB, 70XC, 7DB, 7DW,GOLF IV Variant 1J5,SHARAN 7M8, 7M9, 7M6,PASSAT Variant 3B5,TOUAREG 7LA, 7L6, 7L7,BORA 1J2,PASSAT 3B2,TRANSPORTER IV Kasten 70XA,EOS 1F7, 1F8,PASSAT 3B3,PHAETON 3D_,BORA Kombi 1J6,TRANSPORTER IV Pritsche\/Fahrgestell 70XD,LT 28-46 II Kasten 2DA, 2DD, 2DH,LT 28-35 II Bus 2DB, 2DE, 2DK,LT 28-46 II Pritsche\/Fahrgestell 2DC, 2DF, 2DG, 2DL, 2DM; AUDI: A3 8P1,A3 Sportback 8PA,A6 Avant 4B5, C5,A6 4B2, C5,Q7 4L,TT 8N3,TT 8J3,TT Roadster 8N9,TT Roadster 8J9,ALLROAD 4BH, C5,R8 42,R8 Spyder; SEAT: IBIZA IV 6L1,ALHAMBRA 7V8, 7V9,TOLEDO II 1M2; FORD: GALAXY WGR; PORSCHE: CAYENNE 955; 1J0965561A, 3D0965561D, 1101228, 1307485, 3M218502BA, XW4H18D473BA, YM218502AA, 3D0965561D, 95510656101, 1J0965561A, 3D0965561A, 3D0965561D, 1J0965561, 1J0965561A, 3D0965561A, 3D0965561D<\/p>\n","protected":false},"excerpt":{"rendered":"<p>RIDEX Vesipumppu, Taukol\u00e4mp\u00f6 999W0002  VW,AUDI,SEAT,GOLF IV 1J1,GOLF V 1K1,POLO 9N_,PASSAT Variant 3B6,TRANSPORTER IV Bus 70XB, 70XC, 7DB, 7DW<\/p>\n","protected":false},"featured_media":0,"template":"","meta":{"site-sidebar-layout":"default","site-content-layout":"default","ast-global-header-display":"","ast-main-header-display":"","ast-hfb-above-header-display":"","ast-hfb-below-header-display":"","ast-hfb-mobile-header-display":"","site-post-title":"","ast-breadcrumbs-content":"","ast-featured-img":"","footer-sml-layout":"","theme-transparent-header-meta":"","adv-header-id-meta":"","stick-header-meta":"","header-above-stick-meta":"","header-main-stick-meta":"","header-below-stick-meta":""},"pwb-brand":[157],"product_cat":[37],"product_tag":[],"class_list":{"0":"post-23127","1":"product","2":"type-product","3":"status-publish","5":"pwb-brand-ridex","6":"product_cat-muut-luokat","7":"desktop-align-left","8":"tablet-align-left","9":"mobile-align-left","11":"first","12":"instock","13":"product-type-external"},"brands":[{"id":157,"name":"RIDEX","slug":"ridex"}],"_links":{"self":[{"href":"https:\/\/www.autonvaraosahaku.fi\/index.php?rest_route=\/wp\/v2\/product\/23127","targetHints":{"allow":["GET"]}}],"collection":[{"href":"https:\/\/www.autonvaraosahaku.fi\/index.php?rest_route=\/wp\/v2\/product"}],"about":[{"href":"https:\/\/www.autonvaraosahaku.fi\/index.php?rest_route=\/wp\/v2\/types\/product"}],"wp:attachment":[{"href":"https:\/\/www.autonvaraosahaku.fi\/index.php?rest_route=%2Fwp%2Fv2%2Fmedia&parent=23127"}],"wp:term":[{"taxonomy":"pwb-brand","embeddable":true,"href":"https:\/\/www.autonvaraosahaku.fi\/index.php?rest_route=%2Fwp%2Fv2%2Fpwb-brand&post=23127"},{"taxonomy":"product_cat","embeddable":true,"href":"https:\/\/www.autonvaraosahaku.fi\/index.php?rest_route=%2Fwp%2Fv2%2Fproduct_cat&post=23127"},{"taxonomy":"product_tag","embeddable":true,"href":"https:\/\/www.autonvaraosahaku.fi\/index.php?rest_route=%2Fwp%2Fv2%2Fproduct_tag&post=23127"}],"curies":[{"name":"wp","href":"https:\/\/api.w.org\/{rel}","templated":true}]}}