{"id":23141,"date":"2021-02-21T14:49:39","date_gmt":"2021-02-21T14:49:39","guid":{"rendered":"https:\/\/www.autonvaraosahaku.fi\/?product=meat-doria-k106024-lammityslaitteen-puhaltimen-vastus"},"modified":"2021-02-21T14:49:40","modified_gmt":"2021-02-21T14:49:40","slug":"meat-doria-k106024-lammityslaitteen-puhaltimen-vastus","status":"publish","type":"product","link":"https:\/\/www.autonvaraosahaku.fi\/?product=meat-doria-k106024-lammityslaitteen-puhaltimen-vastus","title":{"rendered":"MEAT &#038; DORIA K106024 L\u00e4mmityslaitteen puhaltimen vastus"},"content":{"rendered":"<p>OE-numerolle: 6441 L2; Napojen m\u00e4\u00e4r\u00e4: 8; CITRO\u00cbN: C2 JM_,C3 I FC_,C5 I DC_,C5 I Break DE_,C3 Pluriel HB_; PEUGEOT: 607 9D, 9U,406 Break 8E\/F,1007 KM_,406 Coupe 8C,406 8B; RENAULT: SC\u00c9NIC II JM0\/1_,MEGANE II Kombi KM0\/1_,MEGANE II Coup\u00e9-Cabriolet EM0\/1_,MEGANE II BM0\/1_, CM0\/1_,GRAND SC\u00c9NIC II JM0\/1_,MEGANE II Stufenheck LM0\/1_; 6441L2, 27761AX010, 6441L2, 7701048390, 7701207718<\/p>\n","protected":false},"excerpt":{"rendered":"<p>MEAT &#038; DORIA S\u00e4\u00e4din, Sis\u00e4valaistus K106024  CITRO\u00cbN,PEUGEOT,RENAULT,C2 JM_,C3 I FC_,C5 I DC_,C5 I Break DE_,C3 Pluriel HB_,607 9D, 9U,406 Break 8E\/F<\/p>\n","protected":false},"featured_media":0,"template":"","meta":{"site-sidebar-layout":"default","site-content-layout":"default","ast-global-header-display":"","ast-main-header-display":"","ast-hfb-above-header-display":"","ast-hfb-below-header-display":"","ast-hfb-mobile-header-display":"","site-post-title":"","ast-breadcrumbs-content":"","ast-featured-img":"","footer-sml-layout":"","theme-transparent-header-meta":"","adv-header-id-meta":"","stick-header-meta":"","header-above-stick-meta":"","header-main-stick-meta":"","header-below-stick-meta":""},"pwb-brand":[448],"product_cat":[134],"product_tag":[],"class_list":{"0":"post-23141","1":"product","2":"type-product","3":"status-publish","5":"pwb-brand-meat-doria","6":"product_cat-lammityslaitteen-puhaltimen-vastus","7":"desktop-align-left","8":"tablet-align-left","9":"mobile-align-left","11":"first","12":"instock","13":"product-type-external"},"brands":[{"id":448,"name":"MEAT &amp; DORIA","slug":"meat-doria"}],"_links":{"self":[{"href":"https:\/\/www.autonvaraosahaku.fi\/index.php?rest_route=\/wp\/v2\/product\/23141","targetHints":{"allow":["GET"]}}],"collection":[{"href":"https:\/\/www.autonvaraosahaku.fi\/index.php?rest_route=\/wp\/v2\/product"}],"about":[{"href":"https:\/\/www.autonvaraosahaku.fi\/index.php?rest_route=\/wp\/v2\/types\/product"}],"wp:attachment":[{"href":"https:\/\/www.autonvaraosahaku.fi\/index.php?rest_route=%2Fwp%2Fv2%2Fmedia&parent=23141"}],"wp:term":[{"taxonomy":"pwb-brand","embeddable":true,"href":"https:\/\/www.autonvaraosahaku.fi\/index.php?rest_route=%2Fwp%2Fv2%2Fpwb-brand&post=23141"},{"taxonomy":"product_cat","embeddable":true,"href":"https:\/\/www.autonvaraosahaku.fi\/index.php?rest_route=%2Fwp%2Fv2%2Fproduct_cat&post=23141"},{"taxonomy":"product_tag","embeddable":true,"href":"https:\/\/www.autonvaraosahaku.fi\/index.php?rest_route=%2Fwp%2Fv2%2Fproduct_tag&post=23141"}],"curies":[{"name":"wp","href":"https:\/\/api.w.org\/{rel}","templated":true}]}}