{"id":23143,"date":"2021-02-21T14:49:39","date_gmt":"2021-02-21T14:49:39","guid":{"rendered":"https:\/\/www.autonvaraosahaku.fi\/?product=master-sport-59967m-pcs-ms-alatukivarsi"},"modified":"2021-02-21T14:49:40","modified_gmt":"2021-02-21T14:49:40","slug":"master-sport-59967m-pcs-ms-alatukivarsi","status":"publish","type":"product","link":"https:\/\/www.autonvaraosahaku.fi\/?product=master-sport-59967m-pcs-ms-alatukivarsi","title":{"rendered":"MASTER-SPORT 59967M-PCS-MS Alatukivarsi"},"content":{"rendered":"<p>Asennuspuoli: Etuakseli, vasen, Alla; Paino [kg]: 3,0; Materiaali: Ter\u00e4s; Ohjausmalli: Poikittaistukivarsi; parilliset tuotenumerot: 59968M-PCS-MS; Lukum\u00e4\u00e4r\u00e4 akselille: 1; Nettopaino [kg]: 3,26; Bruttopaino [kg]: 3,31; Moottorinumero: ED3; JEEP: COMPASS MK49,PATRIOT MK74; DODGE: CALIBER; 05105041AA, 05105041AB, 05105041AC, 05105041AD, 05105041AE, 05105041AF, 05105041AG, 05105041AH, 05105041AI, 5105041AA, 5105041AB, 5105041AC, 5105041AD, 5105041AE, 5105041AF, 5105041AG, 5105041AH, 5105041AI, 05105041AA, 05105041AC, 05105041AD, 05105041AE, 05105041AF, 05105041AG, 05105041AH, 05105041AI, 5105041AA, 5105041AB, 5105041AC, 5105041AD, 5105041AE, 5105041AF, 5105041AG, 5105041AH, 5105041AI; Tukivarsi,Tukivarsi, Py\u00f6r\u00e4ntuenta<\/p>\n","protected":false},"excerpt":{"rendered":"<p>MASTER-SPORT Alatukivarsi 59967M-PCS-MS Tukivarsi,Tukivarsi, Py\u00f6r\u00e4ntuenta JEEP,DODGE,COMPASS MK49,PATRIOT MK74,CALIBER<\/p>\n","protected":false},"featured_media":0,"template":"","meta":{"site-sidebar-layout":"default","site-content-layout":"default","ast-global-header-display":"","ast-main-header-display":"","ast-hfb-above-header-display":"","ast-hfb-below-header-display":"","ast-hfb-mobile-header-display":"","site-post-title":"","ast-breadcrumbs-content":"","ast-featured-img":"","footer-sml-layout":"","theme-transparent-header-meta":"","adv-header-id-meta":"","stick-header-meta":"","header-above-stick-meta":"","header-main-stick-meta":"","header-below-stick-meta":""},"pwb-brand":[61],"product_cat":[62],"product_tag":[],"class_list":{"0":"post-23143","1":"product","2":"type-product","3":"status-publish","5":"pwb-brand-master-sport","6":"product_cat-alatukivarsi","7":"desktop-align-left","8":"tablet-align-left","9":"mobile-align-left","11":"first","12":"instock","13":"product-type-external"},"brands":[{"id":61,"name":"MASTER-SPORT","slug":"master-sport"}],"_links":{"self":[{"href":"https:\/\/www.autonvaraosahaku.fi\/index.php?rest_route=\/wp\/v2\/product\/23143","targetHints":{"allow":["GET"]}}],"collection":[{"href":"https:\/\/www.autonvaraosahaku.fi\/index.php?rest_route=\/wp\/v2\/product"}],"about":[{"href":"https:\/\/www.autonvaraosahaku.fi\/index.php?rest_route=\/wp\/v2\/types\/product"}],"wp:attachment":[{"href":"https:\/\/www.autonvaraosahaku.fi\/index.php?rest_route=%2Fwp%2Fv2%2Fmedia&parent=23143"}],"wp:term":[{"taxonomy":"pwb-brand","embeddable":true,"href":"https:\/\/www.autonvaraosahaku.fi\/index.php?rest_route=%2Fwp%2Fv2%2Fpwb-brand&post=23143"},{"taxonomy":"product_cat","embeddable":true,"href":"https:\/\/www.autonvaraosahaku.fi\/index.php?rest_route=%2Fwp%2Fv2%2Fproduct_cat&post=23143"},{"taxonomy":"product_tag","embeddable":true,"href":"https:\/\/www.autonvaraosahaku.fi\/index.php?rest_route=%2Fwp%2Fv2%2Fproduct_tag&post=23143"}],"curies":[{"name":"wp","href":"https:\/\/api.w.org\/{rel}","templated":true}]}}