{"id":23170,"date":"2021-02-21T14:49:43","date_gmt":"2021-02-21T14:49:43","guid":{"rendered":"https:\/\/www.autonvaraosahaku.fi\/?product=ridex-78b0517-jarrusatula"},"modified":"2021-02-21T14:49:45","modified_gmt":"2021-02-21T14:49:45","slug":"ridex-78b0517-jarrusatula","status":"publish","type":"product","link":"https:\/\/www.autonvaraosahaku.fi\/?product=ridex-78b0517-jarrusatula","title":{"rendered":"RIDEX 78B0517 Jarrusatula"},"content":{"rendered":"<p>Asennuspuoli: Taka-akseli, vasen, Akselin takana; Jarrusatulatyyppi: Jarrusatula (2-m\u00e4nt\u00e4\u00e4); Sylinterim\u00e4nn\u00e4n halkaisija [mm]: 35; Jarrulevyn paksuus (mm): 10; Jarrulevytyyppi: Vakiomalli; Jarrulevyl\u00e4pimitalle [mm]: 270; Nettopaino [kg]: 2,1; Valmistusvuosi alkaen: 01\/1997; SAAB: 9-3 YS3F,9-3 Kombi YS3F,9-3 YS3D,9-3 Cabriolet YS3F,9-3 Cabriolet YS3D,900 II Cabriolet,900 II,900 II Coupe; OPEL: VECTRA B 36_,VECTRA B Caravan 31_,VECTRA B CC 38_; VAUXHALL: VECTRA B CC,VECTRA B Estate,VECTRA B; 542275, 90540170, 4611539, 4838983<\/p>\n","protected":false},"excerpt":{"rendered":"<p>RIDEX Jarrusatula 78B0517  SAAB,OPEL,VAUXHALL,9-3 YS3F,9-3 Kombi YS3F,9-3 YS3D,9-3 Cabriolet YS3F,9-3 Cabriolet YS3D,900 II Cabriolet,900 II<\/p>\n","protected":false},"featured_media":0,"template":"","meta":{"site-sidebar-layout":"default","site-content-layout":"default","ast-global-header-display":"","ast-main-header-display":"","ast-hfb-above-header-display":"","ast-hfb-below-header-display":"","ast-hfb-mobile-header-display":"","site-post-title":"","ast-breadcrumbs-content":"","ast-featured-img":"","footer-sml-layout":"","theme-transparent-header-meta":"","adv-header-id-meta":"","stick-header-meta":"","header-above-stick-meta":"","header-main-stick-meta":"","header-below-stick-meta":""},"pwb-brand":[157],"product_cat":[177],"product_tag":[],"class_list":{"0":"post-23170","1":"product","2":"type-product","3":"status-publish","5":"pwb-brand-ridex","6":"product_cat-jarrusatula","7":"desktop-align-left","8":"tablet-align-left","9":"mobile-align-left","11":"first","12":"instock","13":"product-type-external"},"brands":[{"id":157,"name":"RIDEX","slug":"ridex"}],"_links":{"self":[{"href":"https:\/\/www.autonvaraosahaku.fi\/index.php?rest_route=\/wp\/v2\/product\/23170","targetHints":{"allow":["GET"]}}],"collection":[{"href":"https:\/\/www.autonvaraosahaku.fi\/index.php?rest_route=\/wp\/v2\/product"}],"about":[{"href":"https:\/\/www.autonvaraosahaku.fi\/index.php?rest_route=\/wp\/v2\/types\/product"}],"wp:attachment":[{"href":"https:\/\/www.autonvaraosahaku.fi\/index.php?rest_route=%2Fwp%2Fv2%2Fmedia&parent=23170"}],"wp:term":[{"taxonomy":"pwb-brand","embeddable":true,"href":"https:\/\/www.autonvaraosahaku.fi\/index.php?rest_route=%2Fwp%2Fv2%2Fpwb-brand&post=23170"},{"taxonomy":"product_cat","embeddable":true,"href":"https:\/\/www.autonvaraosahaku.fi\/index.php?rest_route=%2Fwp%2Fv2%2Fproduct_cat&post=23170"},{"taxonomy":"product_tag","embeddable":true,"href":"https:\/\/www.autonvaraosahaku.fi\/index.php?rest_route=%2Fwp%2Fv2%2Fproduct_tag&post=23170"}],"curies":[{"name":"wp","href":"https:\/\/api.w.org\/{rel}","templated":true}]}}