{"id":23172,"date":"2021-02-21T14:49:43","date_gmt":"2021-02-21T14:49:43","guid":{"rendered":"https:\/\/www.autonvaraosahaku.fi\/?product=esen-skv-28skv002-peruutustutka-anturit"},"modified":"2021-02-21T14:49:45","modified_gmt":"2021-02-21T14:49:45","slug":"esen-skv-28skv002-peruutustutka-anturit","status":"publish","type":"product","link":"https:\/\/www.autonvaraosahaku.fi\/?product=esen-skv-28skv002-peruutustutka-anturit","title":{"rendered":"ESEN SKV 28SKV002 Peruutustutka anturit"},"content":{"rendered":"<p>J\u00e4nnite (V): 12; Paino [kg]: 0,04; K\u00e4ytt\u00f6: S\u00e4hk\u00f6inen; Muoto: Suora; Tunnistinmalli: Ultra\u00e4\u00e4nitunnistin; Napojen m\u00e4\u00e4r\u00e4: 3; Valmistusvuosi alkaen: 09\/2001; BMW: 5 E39,X3 E83,X5 E53; 0309539, 0309540, 0309541, 2180144, 2180145, 2180148, 2184263, 2184368, 2240952, 2240961, 2240966, 2241234, 2241239, 2241245, 2241246, 3455999, 66200309539, 66200309540, 66200309541, 66202180145, 66202180148, 66202184263, 66202184368, 66202240952, 66202240961, 66202240966, 66202241234, 66202241239, 66202241245, 66202241246, 66203455999, 66206914058, 66206989069, 66206989078, 66206989080, 66206989082, 66206989084, 66206989090, 66206989098, 66206989100, 66206989106, 66206989110, 66206989169, 66206989170, 66206989172, 66206989173, 66206989174, 66206989176, 66206989177, 66206989204, 66206989213, 66206989223, 66206989224, 66206989235, 66207964086, 66207964087, 66207964232, 66207976711, 66209124165, 66209124166, 66209124167, 66209124168, 66209124169, 66212180144, 66216911838, 66216938739, 66216989739, 6911838, 6914058, 6938739, 6989069, 6989078, 6989080, 6989082, 6989084, 6989090, 6989098, 6989100, 6989106, 6989110, 6989169, 6989170, 6989172, 6989173, 6989174, 6989176, 6989177, 6989204, 69&#8230;; Tunnistin, Et\u00e4isyystunnistin<\/p>\n","protected":false},"excerpt":{"rendered":"<p>ESEN SKV Peruutustutka Anturit 28SKV002 Tunnistin, Et\u00e4isyystunnistin BMW,5 E39,X3 E83,X5 E53<\/p>\n","protected":false},"featured_media":0,"template":"","meta":{"site-sidebar-layout":"default","site-content-layout":"default","ast-global-header-display":"","ast-main-header-display":"","ast-hfb-above-header-display":"","ast-hfb-below-header-display":"","ast-hfb-mobile-header-display":"","site-post-title":"","ast-breadcrumbs-content":"","ast-featured-img":"","footer-sml-layout":"","theme-transparent-header-meta":"","adv-header-id-meta":"","stick-header-meta":"","header-above-stick-meta":"","header-main-stick-meta":"","header-below-stick-meta":""},"pwb-brand":[384],"product_cat":[217],"product_tag":[],"class_list":{"0":"post-23172","1":"product","2":"type-product","3":"status-publish","5":"pwb-brand-esen-skv","6":"product_cat-peruutustutka-anturit","7":"desktop-align-left","8":"tablet-align-left","9":"mobile-align-left","11":"first","12":"instock","13":"product-type-external"},"brands":[{"id":384,"name":"ESEN SKV","slug":"esen-skv"}],"_links":{"self":[{"href":"https:\/\/www.autonvaraosahaku.fi\/index.php?rest_route=\/wp\/v2\/product\/23172","targetHints":{"allow":["GET"]}}],"collection":[{"href":"https:\/\/www.autonvaraosahaku.fi\/index.php?rest_route=\/wp\/v2\/product"}],"about":[{"href":"https:\/\/www.autonvaraosahaku.fi\/index.php?rest_route=\/wp\/v2\/types\/product"}],"wp:attachment":[{"href":"https:\/\/www.autonvaraosahaku.fi\/index.php?rest_route=%2Fwp%2Fv2%2Fmedia&parent=23172"}],"wp:term":[{"taxonomy":"pwb-brand","embeddable":true,"href":"https:\/\/www.autonvaraosahaku.fi\/index.php?rest_route=%2Fwp%2Fv2%2Fpwb-brand&post=23172"},{"taxonomy":"product_cat","embeddable":true,"href":"https:\/\/www.autonvaraosahaku.fi\/index.php?rest_route=%2Fwp%2Fv2%2Fproduct_cat&post=23172"},{"taxonomy":"product_tag","embeddable":true,"href":"https:\/\/www.autonvaraosahaku.fi\/index.php?rest_route=%2Fwp%2Fv2%2Fproduct_tag&post=23172"}],"curies":[{"name":"wp","href":"https:\/\/api.w.org\/{rel}","templated":true}]}}