{"id":23233,"date":"2021-02-21T14:49:55","date_gmt":"2021-02-21T14:49:55","guid":{"rendered":"https:\/\/www.autonvaraosahaku.fi\/?product=topran-723-013-termostaatti"},"modified":"2021-02-21T14:49:57","modified_gmt":"2021-02-21T14:49:57","slug":"topran-723-013-termostaatti","status":"publish","type":"product","link":"https:\/\/www.autonvaraosahaku.fi\/?product=topran-723-013-termostaatti","title":{"rendered":"TOPRAN 723 013 Termostaatti"},"content":{"rendered":"<p>Korvaava tuote\/korvaava tiedote 2: Termostaatilla, Anturilla; Kotelomalli: Muovikotelo; Lis\u00e4tarvike\/lis\u00e4tieto: Tiivisteill\u00e4; Kotelomateriaali: Lasikuitu-muovi; Avausl\u00e4mp\u00f6tila [\u00b0C]: 83; Asennusmalli: Esiasennettu; Moottorinumero: Y650; MAZDA: 3 BK,3 Stufenheck BK,3 Stufenheck BL; VOLVO: V50 MW,V70 III BW,C30,S40 II MS,S80 II AS; MINI: MINI R56,MINI CLUBMAN R55; FORD: FOCUS C-MAX; FIAT: SCUDO 270_,SCUDO Kasten 270_,SCUDO Pritsche\/Fahrgestell 270_; CITRO\u00cbN: BERLINGO MF,XSARA PICASSO N68,C3 I FC_,C4 I LC_,BERLINGO Kasten M_,C3 II,JUMPY,JUMPY Kasten; PEUGEOT: 206 CC 2D,207 WA_, WC_,307 SW 3H,207 CC WD_,407 SW 6E_,307 3A\/C,207 SW WK_,308 SW,206 SW 2E\/K,308 4A_, 4C_,307 Break 3E,407 6D_,PARTNER Combispace 5F,PARTNER Kasten 5,EXPERT Tepee VF3V_,EXPERT Kasten VF3A_, VF3U_, VF3X_,EXPERT Pritsche\/Fahrgestell; 1336X2, 9647767180, 1230673, 1254379, 1313841, 3M5Q8A586AA, 3M5Q8A586AB, 3M5Q8A586AC, Y6021517X, 11517805998, 7805998, 1336X2, 30711526<\/p>\n","protected":false},"excerpt":{"rendered":"<p>TOPRAN Termostaattikotelo 723 013  MAZDA,VOLVO,MINI,3 BK,3 Stufenheck BK,3 Stufenheck BL,V50 MW,V70 III BW,C30,S40 II MS,S80 II AS,MINI R56<\/p>\n","protected":false},"featured_media":0,"template":"","meta":{"site-sidebar-layout":"default","site-content-layout":"default","ast-global-header-display":"","ast-main-header-display":"","ast-hfb-above-header-display":"","ast-hfb-below-header-display":"","ast-hfb-mobile-header-display":"","site-post-title":"","ast-breadcrumbs-content":"","ast-featured-img":"","footer-sml-layout":"","theme-transparent-header-meta":"","adv-header-id-meta":"","stick-header-meta":"","header-above-stick-meta":"","header-main-stick-meta":"","header-below-stick-meta":""},"pwb-brand":[18],"product_cat":[174],"product_tag":[],"class_list":{"0":"post-23233","1":"product","2":"type-product","3":"status-publish","5":"pwb-brand-topran","6":"product_cat-termostaatti","7":"desktop-align-left","8":"tablet-align-left","9":"mobile-align-left","11":"first","12":"instock","13":"product-type-external"},"brands":[{"id":18,"name":"TOPRAN","slug":"topran"}],"_links":{"self":[{"href":"https:\/\/www.autonvaraosahaku.fi\/index.php?rest_route=\/wp\/v2\/product\/23233","targetHints":{"allow":["GET"]}}],"collection":[{"href":"https:\/\/www.autonvaraosahaku.fi\/index.php?rest_route=\/wp\/v2\/product"}],"about":[{"href":"https:\/\/www.autonvaraosahaku.fi\/index.php?rest_route=\/wp\/v2\/types\/product"}],"wp:attachment":[{"href":"https:\/\/www.autonvaraosahaku.fi\/index.php?rest_route=%2Fwp%2Fv2%2Fmedia&parent=23233"}],"wp:term":[{"taxonomy":"pwb-brand","embeddable":true,"href":"https:\/\/www.autonvaraosahaku.fi\/index.php?rest_route=%2Fwp%2Fv2%2Fpwb-brand&post=23233"},{"taxonomy":"product_cat","embeddable":true,"href":"https:\/\/www.autonvaraosahaku.fi\/index.php?rest_route=%2Fwp%2Fv2%2Fproduct_cat&post=23233"},{"taxonomy":"product_tag","embeddable":true,"href":"https:\/\/www.autonvaraosahaku.fi\/index.php?rest_route=%2Fwp%2Fv2%2Fproduct_tag&post=23233"}],"curies":[{"name":"wp","href":"https:\/\/api.w.org\/{rel}","templated":true}]}}