{"id":23234,"date":"2021-02-21T14:49:55","date_gmt":"2021-02-21T14:49:55","guid":{"rendered":"https:\/\/www.autonvaraosahaku.fi\/?product=as-pl-a4017-laturi"},"modified":"2021-02-21T14:49:57","modified_gmt":"2021-02-21T14:49:57","slug":"as-pl-a4017-laturi","status":"publish","type":"product","link":"https:\/\/www.autonvaraosahaku.fi\/?product=as-pl-a4017-laturi","title":{"rendered":"AS-PL A4017 Laturi"},"content":{"rendered":"<p>Pituus 1 (mm): 44,50; Pituus 2 (mm): 17,00; Pituus 3 [mm]: 55,00; J\u00e4nnite (V): 12; Laturi varausvirta (A): 90; Hihnapy\u00f6r\u00e4t: Hihnapy\u00f6r\u00e4ll\u00e4; Valmistusvuosi alkaen: 05\/1996; FIAT: PUNTO 188,STILO 192,BARCHETTA 183,STILO Multi Wagon 192,DOBLO 119,COUPE FA\/175,STRADA Pick-up 178E,PUNTO Van 188AX,BRAVO I 182,BRAVA 182,MAREA Weekend 185,PALIO Weekend 178DX,MAREA 185; ALFA ROMEO: 147 937,156 Sportwagon 932,156 932,GT 937,SPIDER 916S_,166 936,GTV 916C_,145 930,155 167,146 930; LANCIA: Y 840A,LYBRA SW 839BX,KAPPA 838A,LYBRA 839AX,KAPPA SW 838B; 46231670, 46412678, 46412681, 46428731, 46430527, 46430528, 46430531, 46448433, 46448434, 46544330, 46763532, 46774420, 46774421, 46782219, 46813062, 51742335, 60812713, 60812814, 60812988, 60812989, 60816047, 60816488, 60817038, 71721172; Generaattori<\/p>\n","protected":false},"excerpt":{"rendered":"<p>AS-PL Laturi Brand new AS-PL Alternator 3493273 A4017 Generaattori FIAT,ALFA ROMEO,LANCIA,PUNTO 188,STILO 192,BARCHETTA 183,STILO Multi Wagon 192<\/p>\n","protected":false},"featured_media":0,"template":"","meta":{"site-sidebar-layout":"default","site-content-layout":"default","ast-global-header-display":"","ast-main-header-display":"","ast-hfb-above-header-display":"","ast-hfb-below-header-display":"","ast-hfb-mobile-header-display":"","site-post-title":"","ast-breadcrumbs-content":"","ast-featured-img":"","footer-sml-layout":"","theme-transparent-header-meta":"","adv-header-id-meta":"","stick-header-meta":"","header-above-stick-meta":"","header-main-stick-meta":"","header-below-stick-meta":""},"pwb-brand":[347],"product_cat":[357],"product_tag":[],"class_list":{"0":"post-23234","1":"product","2":"type-product","3":"status-publish","5":"pwb-brand-as-pl","6":"product_cat-laturi","7":"desktop-align-left","8":"tablet-align-left","9":"mobile-align-left","11":"first","12":"instock","13":"product-type-external"},"brands":[{"id":347,"name":"AS-PL","slug":"as-pl"}],"_links":{"self":[{"href":"https:\/\/www.autonvaraosahaku.fi\/index.php?rest_route=\/wp\/v2\/product\/23234","targetHints":{"allow":["GET"]}}],"collection":[{"href":"https:\/\/www.autonvaraosahaku.fi\/index.php?rest_route=\/wp\/v2\/product"}],"about":[{"href":"https:\/\/www.autonvaraosahaku.fi\/index.php?rest_route=\/wp\/v2\/types\/product"}],"wp:attachment":[{"href":"https:\/\/www.autonvaraosahaku.fi\/index.php?rest_route=%2Fwp%2Fv2%2Fmedia&parent=23234"}],"wp:term":[{"taxonomy":"pwb-brand","embeddable":true,"href":"https:\/\/www.autonvaraosahaku.fi\/index.php?rest_route=%2Fwp%2Fv2%2Fpwb-brand&post=23234"},{"taxonomy":"product_cat","embeddable":true,"href":"https:\/\/www.autonvaraosahaku.fi\/index.php?rest_route=%2Fwp%2Fv2%2Fproduct_cat&post=23234"},{"taxonomy":"product_tag","embeddable":true,"href":"https:\/\/www.autonvaraosahaku.fi\/index.php?rest_route=%2Fwp%2Fv2%2Fproduct_tag&post=23234"}],"curies":[{"name":"wp","href":"https:\/\/api.w.org\/{rel}","templated":true}]}}