{"id":23238,"date":"2021-02-21T14:49:55","date_gmt":"2021-02-21T14:49:55","guid":{"rendered":"https:\/\/www.autonvaraosahaku.fi\/?product=topran-600-413-pissapojan-pumppu"},"modified":"2021-02-21T14:49:57","modified_gmt":"2021-02-21T14:49:57","slug":"topran-600-413-pissapojan-pumppu","status":"publish","type":"product","link":"https:\/\/www.autonvaraosahaku.fi\/?product=topran-600-413-pissapojan-pumppu","title":{"rendered":"TOPRAN 600 413 Pissapojan pumppu"},"content":{"rendered":"<p>K\u00e4ytt\u00f6: S\u00e4hk\u00f6inen; Napojen m\u00e4\u00e4r\u00e4: 2; Pumpputyyppi: Pumppu, (monopumppu); Korvaava tuote\/korvaava tiedote 2: f\u00fcr Frontscheibenreinigung; TOYOTA: YARIS SCP1_, NLP1_, NCP1_,AVENSIS Kombi T25,COROLLA ZZE12_, NDE12_, ZDE12_,AVENSIS T25_,AVENSIS Stufenheck T25; 8533005030, 8533005031; Pesurin Pumppu,Lasinpesurin Pumppu,Pesunestepumppu, Lasinpesu<\/p>\n","protected":false},"excerpt":{"rendered":"<p>TOPRAN Pissapojan Pumppu 600 413 Pesurin Pumppu,Lasinpesurin Pumppu TOYOTA,YARIS SCP1_, NLP1_, NCP1_,AVENSIS Kombi T25,COROLLA ZZE12_, NDE12_, ZDE12_<\/p>\n","protected":false},"featured_media":0,"template":"","meta":{"site-sidebar-layout":"default","site-content-layout":"default","ast-global-header-display":"","ast-main-header-display":"","ast-hfb-above-header-display":"","ast-hfb-below-header-display":"","ast-hfb-mobile-header-display":"","site-post-title":"","ast-breadcrumbs-content":"","ast-featured-img":"","footer-sml-layout":"","theme-transparent-header-meta":"","adv-header-id-meta":"","stick-header-meta":"","header-above-stick-meta":"","header-main-stick-meta":"","header-below-stick-meta":""},"pwb-brand":[18],"product_cat":[182],"product_tag":[],"class_list":{"0":"post-23238","1":"product","2":"type-product","3":"status-publish","5":"pwb-brand-topran","6":"product_cat-pissapojan-pumppu","7":"desktop-align-left","8":"tablet-align-left","9":"mobile-align-left","11":"first","12":"instock","13":"product-type-external"},"brands":[{"id":18,"name":"TOPRAN","slug":"topran"}],"_links":{"self":[{"href":"https:\/\/www.autonvaraosahaku.fi\/index.php?rest_route=\/wp\/v2\/product\/23238","targetHints":{"allow":["GET"]}}],"collection":[{"href":"https:\/\/www.autonvaraosahaku.fi\/index.php?rest_route=\/wp\/v2\/product"}],"about":[{"href":"https:\/\/www.autonvaraosahaku.fi\/index.php?rest_route=\/wp\/v2\/types\/product"}],"wp:attachment":[{"href":"https:\/\/www.autonvaraosahaku.fi\/index.php?rest_route=%2Fwp%2Fv2%2Fmedia&parent=23238"}],"wp:term":[{"taxonomy":"pwb-brand","embeddable":true,"href":"https:\/\/www.autonvaraosahaku.fi\/index.php?rest_route=%2Fwp%2Fv2%2Fpwb-brand&post=23238"},{"taxonomy":"product_cat","embeddable":true,"href":"https:\/\/www.autonvaraosahaku.fi\/index.php?rest_route=%2Fwp%2Fv2%2Fproduct_cat&post=23238"},{"taxonomy":"product_tag","embeddable":true,"href":"https:\/\/www.autonvaraosahaku.fi\/index.php?rest_route=%2Fwp%2Fv2%2Fproduct_tag&post=23238"}],"curies":[{"name":"wp","href":"https:\/\/api.w.org\/{rel}","templated":true}]}}