{"id":23239,"date":"2021-02-21T14:49:59","date_gmt":"2021-02-21T14:49:59","guid":{"rendered":"https:\/\/www.autonvaraosahaku.fi\/?product=master-sport-716-1x-kf-pcs-ms-polttoainesuodatin"},"modified":"2021-02-21T14:49:59","modified_gmt":"2021-02-21T14:49:59","slug":"master-sport-716-1x-kf-pcs-ms-polttoainesuodatin","status":"publish","type":"product","link":"https:\/\/www.autonvaraosahaku.fi\/?product=master-sport-716-1x-kf-pcs-ms-polttoainesuodatin","title":{"rendered":"MASTER-SPORT 716\/1X-KF-PCS-MS Polttoainesuodatin"},"content":{"rendered":"<p>Sis\u00e4l\u00e4pimitta [mm]: 19,4; Ulkol\u00e4pimitta [mm]: 70; Korkeus (mm): 51; Sis\u00e4l\u00e4pimitta 1 [mm]: 19,4; Lis\u00e4tarvike\/lis\u00e4tieto: Tiivisteill\u00e4; Nettopaino [kg]: 0,1; Bruttopaino [kg]: 0,1; Valmistaja rajaus: Bosch; OPEL: ARENA Bus,ARENA Kasten TB, TF,ARENA Kasten; DACIA: SOLENZA; RENAULT: CLIO II BB0\/1\/2_, CB0\/1\/2_,KANGOO KC0\/1_,SC\u00c9NIC I JA0\/1_,MEGANE Scenic JA0\/1_,MEGANE I BA0\/1_,KANGOO Express FC0\/1_,MEGANE I Grandtour KA0\/1_,LAGUNA I B56_, 556_,LAGUNA I Grandtour K56_,MEGANE I Classic LA0\/1_,MEGANE I Coach DA0\/1_,CLIO II Kasten SB0\/1\/2_,TRAFIC Kasten TXX,TRAFIC Bus TXW; 4402894, 190656, 7701043620, 1541284CT0, 1541284CT0000, 1541284CT0LCP<\/p>\n","protected":false},"excerpt":{"rendered":"<p>MASTER-SPORT Polttoainesuodatin 716\/1X-KF-PCS-MS  OPEL,DACIA,RENAULT,ARENA Bus,ARENA Kasten TB, TF,ARENA Kasten,SOLENZA,CLIO II BB0\/1\/2_, CB0\/1\/2_<\/p>\n","protected":false},"featured_media":0,"template":"","meta":{"site-sidebar-layout":"default","site-content-layout":"default","ast-global-header-display":"","ast-main-header-display":"","ast-hfb-above-header-display":"","ast-hfb-below-header-display":"","ast-hfb-mobile-header-display":"","site-post-title":"","ast-breadcrumbs-content":"","ast-featured-img":"","footer-sml-layout":"","theme-transparent-header-meta":"","adv-header-id-meta":"","stick-header-meta":"","header-above-stick-meta":"","header-main-stick-meta":"","header-below-stick-meta":""},"pwb-brand":[61],"product_cat":[29],"product_tag":[],"class_list":{"0":"post-23239","1":"product","2":"type-product","3":"status-publish","5":"pwb-brand-master-sport","6":"product_cat-polttoainesuodatin","7":"desktop-align-left","8":"tablet-align-left","9":"mobile-align-left","11":"first","12":"instock","13":"product-type-external"},"brands":[{"id":61,"name":"MASTER-SPORT","slug":"master-sport"}],"_links":{"self":[{"href":"https:\/\/www.autonvaraosahaku.fi\/index.php?rest_route=\/wp\/v2\/product\/23239","targetHints":{"allow":["GET"]}}],"collection":[{"href":"https:\/\/www.autonvaraosahaku.fi\/index.php?rest_route=\/wp\/v2\/product"}],"about":[{"href":"https:\/\/www.autonvaraosahaku.fi\/index.php?rest_route=\/wp\/v2\/types\/product"}],"wp:attachment":[{"href":"https:\/\/www.autonvaraosahaku.fi\/index.php?rest_route=%2Fwp%2Fv2%2Fmedia&parent=23239"}],"wp:term":[{"taxonomy":"pwb-brand","embeddable":true,"href":"https:\/\/www.autonvaraosahaku.fi\/index.php?rest_route=%2Fwp%2Fv2%2Fpwb-brand&post=23239"},{"taxonomy":"product_cat","embeddable":true,"href":"https:\/\/www.autonvaraosahaku.fi\/index.php?rest_route=%2Fwp%2Fv2%2Fproduct_cat&post=23239"},{"taxonomy":"product_tag","embeddable":true,"href":"https:\/\/www.autonvaraosahaku.fi\/index.php?rest_route=%2Fwp%2Fv2%2Fproduct_tag&post=23239"}],"curies":[{"name":"wp","href":"https:\/\/api.w.org\/{rel}","templated":true}]}}