{"id":23243,"date":"2021-02-21T14:49:59","date_gmt":"2021-02-21T14:49:59","guid":{"rendered":"https:\/\/www.autonvaraosahaku.fi\/?product=topran-500-624-kampiakselin-hihnapyora"},"modified":"2021-02-21T14:49:59","modified_gmt":"2021-02-21T14:49:59","slug":"topran-500-624-kampiakselin-hihnapyora","status":"publish","type":"product","link":"https:\/\/www.autonvaraosahaku.fi\/?product=topran-500-624-kampiakselin-hihnapyora","title":{"rendered":"TOPRAN 500 624 Kampiakselin hihnapy\u00f6r\u00e4"},"content":{"rendered":"<p>T\u00e4ristys: V\u00e4r\u00e4htelynvaimentimella; Hihnapy\u00f6r\u00e4t: Moniurahihnapy\u00f6r\u00e4; Materiaali: Kumi-metalli; Korvaava tuote\/korvaava tiedote 2: kytketty; Moottorinumero: L93\/U2.5TD; OPEL: OMEGA B Caravan 21_, 22_, 23_,OMEGA B 25_, 26_, 27_; BMW: 5 E39,5 Touring E39,3 E36,7 E38,5 E34,3 Touring E36,5 Touring E34; VAUXHALL: OMEGA B,OMEGA B Estate; 11232244417, 11232245377, 11232246511, 2244417, 2245377, 2246511, 0614610, 0614612, 614610, 614612, 90487878, 90541669; Hihnapy\u00f6r\u00e4, Kampiakseli<\/p>\n","protected":false},"excerpt":{"rendered":"<p>TOPRAN Kampiakselin Hihnapy\u00f6r\u00e4 500 624 Hihnapy\u00f6r\u00e4, Kampiakseli OPEL,BMW,VAUXHALL,OMEGA B Caravan 21_, 22_, 23_,OMEGA B 25_, 26_, 27_,5 E39<\/p>\n","protected":false},"featured_media":0,"template":"","meta":{"site-sidebar-layout":"default","site-content-layout":"default","ast-global-header-display":"","ast-main-header-display":"","ast-hfb-above-header-display":"","ast-hfb-below-header-display":"","ast-hfb-mobile-header-display":"","site-post-title":"","ast-breadcrumbs-content":"","ast-featured-img":"","footer-sml-layout":"","theme-transparent-header-meta":"","adv-header-id-meta":"","stick-header-meta":"","header-above-stick-meta":"","header-main-stick-meta":"","header-below-stick-meta":""},"pwb-brand":[18],"product_cat":[219],"product_tag":[],"class_list":{"0":"post-23243","1":"product","2":"type-product","3":"status-publish","5":"pwb-brand-topran","6":"product_cat-kampiakselin-hihnapyora","7":"desktop-align-left","8":"tablet-align-left","9":"mobile-align-left","11":"first","12":"instock","13":"product-type-external"},"brands":[{"id":18,"name":"TOPRAN","slug":"topran"}],"_links":{"self":[{"href":"https:\/\/www.autonvaraosahaku.fi\/index.php?rest_route=\/wp\/v2\/product\/23243","targetHints":{"allow":["GET"]}}],"collection":[{"href":"https:\/\/www.autonvaraosahaku.fi\/index.php?rest_route=\/wp\/v2\/product"}],"about":[{"href":"https:\/\/www.autonvaraosahaku.fi\/index.php?rest_route=\/wp\/v2\/types\/product"}],"wp:attachment":[{"href":"https:\/\/www.autonvaraosahaku.fi\/index.php?rest_route=%2Fwp%2Fv2%2Fmedia&parent=23243"}],"wp:term":[{"taxonomy":"pwb-brand","embeddable":true,"href":"https:\/\/www.autonvaraosahaku.fi\/index.php?rest_route=%2Fwp%2Fv2%2Fpwb-brand&post=23243"},{"taxonomy":"product_cat","embeddable":true,"href":"https:\/\/www.autonvaraosahaku.fi\/index.php?rest_route=%2Fwp%2Fv2%2Fproduct_cat&post=23243"},{"taxonomy":"product_tag","embeddable":true,"href":"https:\/\/www.autonvaraosahaku.fi\/index.php?rest_route=%2Fwp%2Fv2%2Fproduct_tag&post=23243"}],"curies":[{"name":"wp","href":"https:\/\/api.w.org\/{rel}","templated":true}]}}