{"id":23265,"date":"2021-02-21T14:50:03","date_gmt":"2021-02-21T14:50:03","guid":{"rendered":"https:\/\/www.autonvaraosahaku.fi\/?product=hella-6nu-010-171-751-egr-venttiili"},"modified":"2021-02-21T14:50:04","modified_gmt":"2021-02-21T14:50:04","slug":"hella-6nu-010-171-751-egr-venttiili","status":"publish","type":"product","link":"https:\/\/www.autonvaraosahaku.fi\/?product=hella-6nu-010-171-751-egr-venttiili","title":{"rendered":"HELLA 6NU 010 171-751 Egr venttiili"},"content":{"rendered":"<p>Lis\u00e4tarvike\/lis\u00e4tieto: Tiivisteill\u00e4; K\u00e4ytt\u00f6: S\u00e4hk\u00f6-pneumaattinen; Pakokaasunormi: Euro 3 (D3); BMW: 3 Touring E91,3 E90,5 E60,1 E87,5 Touring E61,X3 E83,1 E81,3 Coupe E92,3 Cabriolet E93,1 Cabriolet E88,1 Coupe E82; MINI: MINI R56,MINI CLUBMAN R55,MINI Cabriolet R57,MINI COUNTRYMAN R60,MINI Coupe R58,MINI Roadster R59,MINI PACEMAN R61,MINI CLUBVAN R55; 11717801942, 11719886716, 7801942, 11717801942, 7801942; Venttiili, Pakokaasun Kierr\u00e4tys<\/p>\n","protected":false},"excerpt":{"rendered":"<p>HELLA EGR Venttiili 6NU 010 171-751 Venttiili, Pakokaasun Kierr\u00e4tys BMW,MINI,3 Touring E91,3 E90,5 E60,1 E87,5 Touring E61,X3 E83,1 E81,3 Coupe E92<\/p>\n","protected":false},"featured_media":0,"template":"","meta":{"site-sidebar-layout":"default","site-content-layout":"default","ast-global-header-display":"","ast-main-header-display":"","ast-hfb-above-header-display":"","ast-hfb-below-header-display":"","ast-hfb-mobile-header-display":"","site-post-title":"","ast-breadcrumbs-content":"","ast-featured-img":"","footer-sml-layout":"","theme-transparent-header-meta":"","adv-header-id-meta":"","stick-header-meta":"","header-above-stick-meta":"","header-main-stick-meta":"","header-below-stick-meta":""},"pwb-brand":[24],"product_cat":[35],"product_tag":[],"class_list":{"0":"post-23265","1":"product","2":"type-product","3":"status-publish","5":"pwb-brand-hella","6":"product_cat-egr-venttiili","7":"desktop-align-left","8":"tablet-align-left","9":"mobile-align-left","11":"first","12":"instock","13":"product-type-external"},"brands":[{"id":24,"name":"HELLA","slug":"hella"}],"_links":{"self":[{"href":"https:\/\/www.autonvaraosahaku.fi\/index.php?rest_route=\/wp\/v2\/product\/23265","targetHints":{"allow":["GET"]}}],"collection":[{"href":"https:\/\/www.autonvaraosahaku.fi\/index.php?rest_route=\/wp\/v2\/product"}],"about":[{"href":"https:\/\/www.autonvaraosahaku.fi\/index.php?rest_route=\/wp\/v2\/types\/product"}],"wp:attachment":[{"href":"https:\/\/www.autonvaraosahaku.fi\/index.php?rest_route=%2Fwp%2Fv2%2Fmedia&parent=23265"}],"wp:term":[{"taxonomy":"pwb-brand","embeddable":true,"href":"https:\/\/www.autonvaraosahaku.fi\/index.php?rest_route=%2Fwp%2Fv2%2Fpwb-brand&post=23265"},{"taxonomy":"product_cat","embeddable":true,"href":"https:\/\/www.autonvaraosahaku.fi\/index.php?rest_route=%2Fwp%2Fv2%2Fproduct_cat&post=23265"},{"taxonomy":"product_tag","embeddable":true,"href":"https:\/\/www.autonvaraosahaku.fi\/index.php?rest_route=%2Fwp%2Fv2%2Fproduct_tag&post=23265"}],"curies":[{"name":"wp","href":"https:\/\/api.w.org\/{rel}","templated":true}]}}