{"id":23279,"date":"2021-02-21T14:50:07","date_gmt":"2021-02-21T14:50:07","guid":{"rendered":"https:\/\/www.autonvaraosahaku.fi\/?product=alanko-10900735-turboahdin"},"modified":"2021-02-21T14:50:07","modified_gmt":"2021-02-21T14:50:07","slug":"alanko-10900735-turboahdin","status":"publish","type":"product","link":"https:\/\/www.autonvaraosahaku.fi\/?product=alanko-10900735-turboahdin","title":{"rendered":"ALANKO 10900735 Turboahdin"},"content":{"rendered":"<p>Ahtotapa: Pakokaasuahdin; Lis\u00e4tarvike\/lis\u00e4tieto: sis. tiivistesarjan; M\u00e4\u00e4r\u00e4yksikk\u00f6: Kappale; Uusi osa: ; VW: GOLF V 1K1,GOLF VI 5K1,PASSAT Variant 3C5,GOLF PLUS 5M1, 521,PASSAT 3C2,TIGUAN 5N_,PASSAT Variant 365,GOLF VI Variant AJ5,GOLF V Variant 1K5,EOS 1F7, 1F8,SCIROCCO 137, 138,JETTA III 1K2,PASSAT 362,GOLF VI Cabriolet 517,JETTA IV 162, 163; AUDI: A3 8P1,A3 Sportback 8PA,A1 8X1, 8XF,A1 Sportback 8XA, 8XK,A3 Cabriolet 8P7; SKODA: OCTAVIA Combi 1Z5,YETI 5L,SUPERB Kombi 3T5,OCTAVIA 1Z3,SUPERB 3T4,RAPID NH3; SEAT: LEON 1P1,ALTEA 5P1,ALTEA XL 5P5, 5P8,TOLEDO IV KG3; 03C145701F, 03C145701FV, 03C145701FX, 03C145701J, 03C145701JV, 03C145701JX, 03C145701N, 03C145701NV, 03C145701NX, 03C145701R, 03C145701RV, 03C145701RX, 03C145702A, 03C145702AV, 03C145702AX, 03C145702C, 03C145702CV, 03C145702CX, 03C145702L, 03C145702LV, 03C145702LX, 03C145701F, 03C145701FV, 03C145701FX, 03C145701J, 03C145701JV, 03C145701JX, 03C145701N, 03C145701NV, 03C145701NX, 03C145701R, 03C145701RV, 03C145701RX, 03C145702A, 03C145702AV, 03C145702AX, 03C145702C, 03C145702CV, 03C145702CX, 03C145702L, 03C145702LV, 03C145702LX, 03C145701F, 03C145701FV, 03C145701FX, 03C145701J, 03C145701JV, 03C145701JX, 03C145701N, 03C145701NV, 03C145701NX, 03C145701R, 03C145701RV, 03C145701RX, 03C145702A, 03C145702AV, 03C145702AX, 03C145702C, 03C145702CV, 03C145702CX, 03C145702L, 03C145702LV, 03C145702LX<\/p>\n","protected":false},"excerpt":{"rendered":"<p>ALANKO Turboahdin 10900735  VW,AUDI,SKODA,GOLF V 1K1,GOLF VI 5K1,PASSAT Variant 3C5,GOLF PLUS 5M1, 521,PASSAT 3C2,TIGUAN 5N_,PASSAT Variant 365<\/p>\n","protected":false},"featured_media":0,"template":"","meta":{"site-sidebar-layout":"default","site-content-layout":"default","ast-global-header-display":"","ast-main-header-display":"","ast-hfb-above-header-display":"","ast-hfb-below-header-display":"","ast-hfb-mobile-header-display":"","site-post-title":"","ast-breadcrumbs-content":"","ast-featured-img":"","footer-sml-layout":"","theme-transparent-header-meta":"","adv-header-id-meta":"","stick-header-meta":"","header-above-stick-meta":"","header-main-stick-meta":"","header-below-stick-meta":""},"pwb-brand":[324],"product_cat":[250],"product_tag":[],"class_list":{"0":"post-23279","1":"product","2":"type-product","3":"status-publish","5":"pwb-brand-alanko","6":"product_cat-turboahdin","7":"desktop-align-left","8":"tablet-align-left","9":"mobile-align-left","11":"first","12":"instock","13":"product-type-external"},"brands":[{"id":324,"name":"ALANKO","slug":"alanko"}],"_links":{"self":[{"href":"https:\/\/www.autonvaraosahaku.fi\/index.php?rest_route=\/wp\/v2\/product\/23279","targetHints":{"allow":["GET"]}}],"collection":[{"href":"https:\/\/www.autonvaraosahaku.fi\/index.php?rest_route=\/wp\/v2\/product"}],"about":[{"href":"https:\/\/www.autonvaraosahaku.fi\/index.php?rest_route=\/wp\/v2\/types\/product"}],"wp:attachment":[{"href":"https:\/\/www.autonvaraosahaku.fi\/index.php?rest_route=%2Fwp%2Fv2%2Fmedia&parent=23279"}],"wp:term":[{"taxonomy":"pwb-brand","embeddable":true,"href":"https:\/\/www.autonvaraosahaku.fi\/index.php?rest_route=%2Fwp%2Fv2%2Fpwb-brand&post=23279"},{"taxonomy":"product_cat","embeddable":true,"href":"https:\/\/www.autonvaraosahaku.fi\/index.php?rest_route=%2Fwp%2Fv2%2Fproduct_cat&post=23279"},{"taxonomy":"product_tag","embeddable":true,"href":"https:\/\/www.autonvaraosahaku.fi\/index.php?rest_route=%2Fwp%2Fv2%2Fproduct_tag&post=23279"}],"curies":[{"name":"wp","href":"https:\/\/api.w.org\/{rel}","templated":true}]}}