{"id":23280,"date":"2021-02-21T14:50:07","date_gmt":"2021-02-21T14:50:07","guid":{"rendered":"https:\/\/www.autonvaraosahaku.fi\/?product=alanko-10900074-turboahdin"},"modified":"2021-02-21T14:50:07","modified_gmt":"2021-02-21T14:50:07","slug":"alanko-10900074-turboahdin","status":"publish","type":"product","link":"https:\/\/www.autonvaraosahaku.fi\/?product=alanko-10900074-turboahdin","title":{"rendered":"ALANKO 10900074 Turboahdin"},"content":{"rendered":"<p>Ahtotapa: Pakokaasuahdin; Lis\u00e4tarvike\/lis\u00e4tieto: sis. tiivistesarjan; M\u00e4\u00e4r\u00e4yksikk\u00f6: Kappale; Uusi osa: ; VW: PASSAT Variant 3B6,PASSAT 3B2,PASSAT 3B3; AUDI: A6 Avant 4F5, C6,A4 Avant 8ED, B7,A4 Avant 8E5, B6,A6 Avant 4B5, C5,A4 8E2, B6,A6 4F2, C6,A6 4B2, C5,A4 Cabriolet 8H7, B6, 8HE, B7,A4 8EC, B7; SKODA: SUPERB 3U4; 038145702E, 038145702EV, 038145702EX, 038145702G, 038145702GV, 038145702GX, 038145702J, 038145702JV, 038145702JX, 038145702L, 038145702LV, 038145702LX, 038145702E, 038145702EV, 038145702EX, 038145702G, 038145702GV, 038145702GX, 038145702J, 038145702JV, 038145702JX, 038145702L, 038145702LV, 038145702LX, 038145702E, 038145702EV, 038145702EX, 038145702G, 038145702GV, 038145702GX, 038145702J, 038145702JV, 038145702JX, 038145702L, 038145702LV, 038145702LX<\/p>\n","protected":false},"excerpt":{"rendered":"<p>ALANKO Turboahdin 10900074  VW,AUDI,SKODA,PASSAT Variant 3B6,PASSAT 3B2,PASSAT 3B3,A6 Avant 4F5, C6,A4 Avant 8ED, B7,A4 Avant 8E5, B6,A6 Avant 4B5, C5<\/p>\n","protected":false},"featured_media":0,"template":"","meta":{"site-sidebar-layout":"default","site-content-layout":"default","ast-global-header-display":"","ast-main-header-display":"","ast-hfb-above-header-display":"","ast-hfb-below-header-display":"","ast-hfb-mobile-header-display":"","site-post-title":"","ast-breadcrumbs-content":"","ast-featured-img":"","footer-sml-layout":"","theme-transparent-header-meta":"","adv-header-id-meta":"","stick-header-meta":"","header-above-stick-meta":"","header-main-stick-meta":"","header-below-stick-meta":""},"pwb-brand":[324],"product_cat":[250],"product_tag":[],"class_list":{"0":"post-23280","1":"product","2":"type-product","3":"status-publish","5":"pwb-brand-alanko","6":"product_cat-turboahdin","7":"desktop-align-left","8":"tablet-align-left","9":"mobile-align-left","11":"first","12":"instock","13":"product-type-external"},"brands":[{"id":324,"name":"ALANKO","slug":"alanko"}],"_links":{"self":[{"href":"https:\/\/www.autonvaraosahaku.fi\/index.php?rest_route=\/wp\/v2\/product\/23280","targetHints":{"allow":["GET"]}}],"collection":[{"href":"https:\/\/www.autonvaraosahaku.fi\/index.php?rest_route=\/wp\/v2\/product"}],"about":[{"href":"https:\/\/www.autonvaraosahaku.fi\/index.php?rest_route=\/wp\/v2\/types\/product"}],"wp:attachment":[{"href":"https:\/\/www.autonvaraosahaku.fi\/index.php?rest_route=%2Fwp%2Fv2%2Fmedia&parent=23280"}],"wp:term":[{"taxonomy":"pwb-brand","embeddable":true,"href":"https:\/\/www.autonvaraosahaku.fi\/index.php?rest_route=%2Fwp%2Fv2%2Fpwb-brand&post=23280"},{"taxonomy":"product_cat","embeddable":true,"href":"https:\/\/www.autonvaraosahaku.fi\/index.php?rest_route=%2Fwp%2Fv2%2Fproduct_cat&post=23280"},{"taxonomy":"product_tag","embeddable":true,"href":"https:\/\/www.autonvaraosahaku.fi\/index.php?rest_route=%2Fwp%2Fv2%2Fproduct_tag&post=23280"}],"curies":[{"name":"wp","href":"https:\/\/api.w.org\/{rel}","templated":true}]}}