{"id":23287,"date":"2021-02-21T14:50:07","date_gmt":"2021-02-21T14:50:07","guid":{"rendered":"https:\/\/www.autonvaraosahaku.fi\/?product=maxgear-27-0519-jarrusatula-korjaussarja"},"modified":"2021-02-21T14:50:08","modified_gmt":"2021-02-21T14:50:08","slug":"maxgear-27-0519-jarrusatula-korjaussarja","status":"publish","type":"product","link":"https:\/\/www.autonvaraosahaku.fi\/?product=maxgear-27-0519-jarrusatula-korjaussarja","title":{"rendered":"MAXGEAR 27-0519 Jarrusatula korjaussarja"},"content":{"rendered":"<p>Asennuspuoli: Taka-akseli; L\u00e4pimitta [mm]: 38; Jarruj\u00e4rjestelm\u00e4: BOSCH; T\u00e4yssarja: ; Valmistusvuosi alkaen: 10\/2004; AUDI: A3 Cabriolet 8P7; MAZDA: 929 III HC; JAGUAR: X-TYPE CF1,X-TYPE Estate; LANCIA: DELTA III 844; FORD: MONDEO III Kombi BWY,MONDEO III B5Y,MONDEO III Stufenheck B4Y; FIAT: STILO 192,BRAVO II 198,STILO Multi Wagon 192,MULTIPLA 186; CITRO\u00cbN: C4 I LC_,C4 Coupe LA_,C4 II B7; ALFA ROMEO: MITO 955; PEUGEOT: 307 SW 3H,307 CC 3B,307 3A\/C,307 Break 3E; BENTLEY: AZURE II RBS_; Korjaussarja, Jarrusatula<\/p>\n","protected":false},"excerpt":{"rendered":"<p>MAXGEAR Jarrusatula Korjaussarja 27-0519 Korjaussarja, Jarrusatula AUDI,MAZDA,JAGUAR,A3 Cabriolet 8P7,929 III HC,X-TYPE CF1,X-TYPE Estate<\/p>\n","protected":false},"featured_media":0,"template":"","meta":{"site-sidebar-layout":"default","site-content-layout":"default","ast-global-header-display":"","ast-main-header-display":"","ast-hfb-above-header-display":"","ast-hfb-below-header-display":"","ast-hfb-mobile-header-display":"","site-post-title":"","ast-breadcrumbs-content":"","ast-featured-img":"","footer-sml-layout":"","theme-transparent-header-meta":"","adv-header-id-meta":"","stick-header-meta":"","header-above-stick-meta":"","header-main-stick-meta":"","header-below-stick-meta":""},"pwb-brand":[48],"product_cat":[57],"product_tag":[],"class_list":{"0":"post-23287","1":"product","2":"type-product","3":"status-publish","5":"pwb-brand-maxgear","6":"product_cat-jarrusatula-korjaussarja","7":"desktop-align-left","8":"tablet-align-left","9":"mobile-align-left","11":"first","12":"instock","13":"product-type-external"},"brands":[{"id":48,"name":"MAXGEAR","slug":"maxgear"}],"_links":{"self":[{"href":"https:\/\/www.autonvaraosahaku.fi\/index.php?rest_route=\/wp\/v2\/product\/23287","targetHints":{"allow":["GET"]}}],"collection":[{"href":"https:\/\/www.autonvaraosahaku.fi\/index.php?rest_route=\/wp\/v2\/product"}],"about":[{"href":"https:\/\/www.autonvaraosahaku.fi\/index.php?rest_route=\/wp\/v2\/types\/product"}],"wp:attachment":[{"href":"https:\/\/www.autonvaraosahaku.fi\/index.php?rest_route=%2Fwp%2Fv2%2Fmedia&parent=23287"}],"wp:term":[{"taxonomy":"pwb-brand","embeddable":true,"href":"https:\/\/www.autonvaraosahaku.fi\/index.php?rest_route=%2Fwp%2Fv2%2Fpwb-brand&post=23287"},{"taxonomy":"product_cat","embeddable":true,"href":"https:\/\/www.autonvaraosahaku.fi\/index.php?rest_route=%2Fwp%2Fv2%2Fproduct_cat&post=23287"},{"taxonomy":"product_tag","embeddable":true,"href":"https:\/\/www.autonvaraosahaku.fi\/index.php?rest_route=%2Fwp%2Fv2%2Fproduct_tag&post=23287"}],"curies":[{"name":"wp","href":"https:\/\/api.w.org\/{rel}","templated":true}]}}