{"id":23289,"date":"2021-02-21T14:50:07","date_gmt":"2021-02-21T14:50:07","guid":{"rendered":"https:\/\/www.autonvaraosahaku.fi\/?product=maxgear-27-0497-jarrusatula-korjaussarja"},"modified":"2021-02-21T14:50:08","modified_gmt":"2021-02-21T14:50:08","slug":"maxgear-27-0497-jarrusatula-korjaussarja","status":"publish","type":"product","link":"https:\/\/www.autonvaraosahaku.fi\/?product=maxgear-27-0497-jarrusatula-korjaussarja","title":{"rendered":"MAXGEAR 27-0497 Jarrusatula korjaussarja"},"content":{"rendered":"<p>T\u00e4yssarja: ; Jarruj\u00e4rjestelm\u00e4: LUCAS; Asennuspuoli: Vorderachse; VW: POLO 6R, 6C,PASSAT Variant 3B5,TRANSPORTER V Bus 7HB, 7HJ, 7EB, 7EJ, 7EF,MULTIVAN V 7HM, 7HN, 7HF, 7EF, 7EM, 7EN,BORA 1J2,TRANSPORTER V Kasten 7HA, 7HH, 7EA, 7EH,NEW BEETLE 9C1, 1C1,PHAETON 3D_,BORA Kombi 1J6,TRANSPORTER V Pritsche\/Fahrgestell 7JD, 7JE, 7JL, 7JY, 7JZ,,POLO Stufenheck 9A4; AUDI: A4 Avant 8K5, B8,A6 Avant 4F5, C6,A4 8D2, B5,A4 Avant 8ED, B7,A4 8K2, B8,Q5 8R,A6 4F2, C6,A6 Avant 4G5, C7, 4GD,A5 8T3,A4 Cabriolet 8H7, B6, 8HE, B7,A5 Sportback 8TA,A8 4E_,A6 4G2, C7, 4GC,A6 Allroad 4FH, C6,A7 Sportback 4GA, 4GF,A5 Cabriolet 8F7; SKODA: OCTAVIA Combi 1U5,OCTAVIA 1U2; SEAT: LEON 1M1,ALTEA 5P1,ALTEA XL 5P5, 5P8,TOLEDO II 1M2; ABARTH: 500 \/ 595 312_,500C \/ 595C 312_; KIA: VENGA YN; LAND ROVER: RANGE ROVER SPORT LS,DISCOVERY III TAA,DISCOVERY IV LA; HYUNDAI: ix20 JC; SAAB: 9-5 YS3G; MERCEDES-BENZ: C-CLASS W204,A-CLASS W169,B-CLASS W245,C-CLASS T-Model S204,E-CLASS W212,E-CLASS T-Model S212,M-CLASS W166,E-CLASS Coupe C207,C-CLASS Coupe C204,SLK R172,E-CLASS Cabriolet A207,GL-CLASS X166; Ohjainhylsysarja, Jarrusatula<\/p>\n","protected":false},"excerpt":{"rendered":"<p>MAXGEAR Ohjaustappi 27-0497 Ohjainhylsysarja, Jarrusatula VW,AUDI,SKODA,POLO 6R, 6C,PASSAT Variant 3B5,TRANSPORTER V Bus 7HB, 7HJ, 7EB, 7EJ, 7EF<\/p>\n","protected":false},"featured_media":0,"template":"","meta":{"site-sidebar-layout":"default","site-content-layout":"default","ast-global-header-display":"","ast-main-header-display":"","ast-hfb-above-header-display":"","ast-hfb-below-header-display":"","ast-hfb-mobile-header-display":"","site-post-title":"","ast-breadcrumbs-content":"","ast-featured-img":"","footer-sml-layout":"","theme-transparent-header-meta":"","adv-header-id-meta":"","stick-header-meta":"","header-above-stick-meta":"","header-main-stick-meta":"","header-below-stick-meta":""},"pwb-brand":[48],"product_cat":[57],"product_tag":[],"class_list":{"0":"post-23289","1":"product","2":"type-product","3":"status-publish","5":"pwb-brand-maxgear","6":"product_cat-jarrusatula-korjaussarja","7":"desktop-align-left","8":"tablet-align-left","9":"mobile-align-left","11":"first","12":"instock","13":"product-type-external"},"brands":[{"id":48,"name":"MAXGEAR","slug":"maxgear"}],"_links":{"self":[{"href":"https:\/\/www.autonvaraosahaku.fi\/index.php?rest_route=\/wp\/v2\/product\/23289","targetHints":{"allow":["GET"]}}],"collection":[{"href":"https:\/\/www.autonvaraosahaku.fi\/index.php?rest_route=\/wp\/v2\/product"}],"about":[{"href":"https:\/\/www.autonvaraosahaku.fi\/index.php?rest_route=\/wp\/v2\/types\/product"}],"wp:attachment":[{"href":"https:\/\/www.autonvaraosahaku.fi\/index.php?rest_route=%2Fwp%2Fv2%2Fmedia&parent=23289"}],"wp:term":[{"taxonomy":"pwb-brand","embeddable":true,"href":"https:\/\/www.autonvaraosahaku.fi\/index.php?rest_route=%2Fwp%2Fv2%2Fpwb-brand&post=23289"},{"taxonomy":"product_cat","embeddable":true,"href":"https:\/\/www.autonvaraosahaku.fi\/index.php?rest_route=%2Fwp%2Fv2%2Fproduct_cat&post=23289"},{"taxonomy":"product_tag","embeddable":true,"href":"https:\/\/www.autonvaraosahaku.fi\/index.php?rest_route=%2Fwp%2Fv2%2Fproduct_tag&post=23289"}],"curies":[{"name":"wp","href":"https:\/\/api.w.org\/{rel}","templated":true}]}}